{"id":60730,"date":"2025-01-03T05:04:03","date_gmt":"2025-01-03T05:04:03","guid":{"rendered":"https:\/\/e.kosmolat.eu\/product\/okey-aktivas-putas-vannas-istabas-tir-abols-un-citrons-500-ml\/"},"modified":"2026-03-25T14:08:57","modified_gmt":"2026-03-25T14:08:57","slug":"okey-aktivas-putas-vannas-istabas-tir-abols-un-citrons-500-ml","status":"publish","type":"product","link":"https:\/\/e.kosmolat.eu\/lv\/product\/okey-aktivas-putas-vannas-istabas-tir-abols-un-citrons-500-ml\/","title":{"rendered":"O`key Akt\u012bv\u0101s putas vannas istabas t\u012br. \u0100bols un citrons, 500 ml"},"content":{"rendered":"<p><strong>Akt\u012bv\u0101s <\/strong><strong>putas vannas istabas t\u012br\u012b&scaron;anai. <\/strong>No\u0146em ka\u013c\u0137akmeni, ziepju nos\u0113dumus un r\u016bsu. Nesatur fosf\u0101tus.<\/p>\n<p>Lieto&scaron;ana: izsmidziniet uz net\u012bras virsmas un atst\u0101jiet uz 15 sekund\u0113m. Smagu un ie\u0113du&scaron;os net\u012brumu gad\u012bjum\u0101 atst\u0101jiet uz 5&ndash;10 min\u016bt\u0113m, p\u0113c tam not\u012briet virsmu ar s\u016bkli un noskalojiet ar \u016bdeni. Izvairieties no ilgsto&scaron;a l\u012bdzek\u013ca kontakta ar koka, alum\u012bnija, kr\u0101sot\u0101m un lakot\u0101m virsm\u0101m. Nelietojiet uz m\u0101ksl\u012bg\u0101 akmens un marmora.<\/p>\n<p><strong>Uzglab\u0101&scaron;anas noteikumi:<\/strong> uzglab\u0101t saus\u0101, b\u0113rniem un m\u0101jdz\u012bvniekiem nepieejam\u0101 viet\u0101, sarg\u0101jot no tie&scaron;iem saules stariem, temperat\u016br\u0101 no +5 &deg;C l\u012bdz +35 &deg;C. P\u0113c sasald\u0113&scaron;anas un atsald\u0113&scaron;anas l\u012bdzeklis nezaud\u0113 savas \u012bpa&scaron;\u012bbas.<\/p>\n<p><strong>Der\u012bguma termi\u0146&scaron;:<\/strong> 24 m\u0113ne&scaron;i.<\/p>\n<p><strong>Sast\u0101v\u0101:<\/strong> 5 % un vair\u0101k, bet maz\u0101k nek\u0101 15 % organisko sk\u0101bju: piensk\u0101be, citronsk\u0101be, maz\u0101k par 5 % nejonu virsmakt\u012bvo vielu. Smar\u017eas un arom\u0101tisk\u0101s kompoz\u012bcijas.<\/p>\n<p>&nbsp;<\/p>\n<p><img decoding=\"async\" alt=\"\" src=\"data:image\/png;base64,iVBORw0KGgoAAAANSUhEUgAAAD0AAAA6CAYAAAF0YGHHAAAAAXNSR0IArs4c6QAAAARnQU1BAACxjwv8YQUAAAAJcEhZcwAAFxEAABcRAcom8z8AAA+ESURBVFhH3ZkJcFRVuoCpeTD1yueUlr55U\/PeSJWgMBqfIIsEkiZ7upPudGcjexoCSSAbYYdIZCtQBERWYQRRcGQphBlE8gQ1AZ4OkUVGIiCghj0g6X25t+\/t7n\/O\/\/fpLGQhCQnD+FV1dfc9+z3nX0+vTmEcPQQQ1\/vvBPBHjRiGDaRCP6650xfxItZy6LP8sY\/Kykr6lsem1lAF58rXYcmSJfRB3n33XfoG5SigCohZG+57yJFVwW5e1Ihx+B+pUIgPP80ftcQ1PmUx\/9kFsHvj8OcaJ+bnxuzJfWlwjnHowMZKQuHYPHxYW1tLhUhBQQFYklS+Si5lkKfpO8jJyYHFixeDfPZMYy+iJryaSjnCxjUt5+EYEzsVC83+rlvDXJDRj\/\/sGMaQoWAMfAFMAI\/zR\/eGzaI3Nrob4+BnQFy6JJFXa4lUmBNs5Gdq06ZNEBUVBbm5uVBcXAzDhw+nV4eYwoaDu2TCR7wZW3xWwvumyEAqRL788kvQ6XT8n4\/XXnsNnn76aerQj33OFBBmlWzl3bAZxCpu2Yon8OK2cR3YB96okW2\/aTE+aouJy05TbNMLwaULt\/Jq98aclqAyDO4PpohAEFI0e\/njzuHKzazkPzuHlBh1zZqfBRA7uu21toYUM9rlWL6I1uw+fxagvZfVFIhRgPjxHmrox2M0gBw+vP0OICYY5NMneJO7kCRwsKPMqzYHIkeA5+fbYDabYcOGDaBWq6lNWloahIWFgV6vp\/+WuztwsSmB2w0ejwdu3boFTqeTKvrRarWwbNkyOHr0KP03+TuwsvPblE8++YT\/amTAgAFQVFREHz9mfwdGxWD49ty5BvWJH1QbfpRKJfzwww8wd+5c+o8K0l4+dRA1Royhw6jgXhgCA8CydeuTvFkjKILtYQwe3P52WcNf5lWbgxqHV2kfIYJ14JZ5M59S4EUdwxsVCB5DPdjYTPijzoEHh\/\/sXgRtRA294LgwXNmv+eOeRdSEWtDa2+fNovcpHz9G5wZUQeCtqvgDr9a9uONCwTjqRXBuXk+D3o372hVmNvqDN2IEOFcuUfBmXcdUWvo4KIPAOCIAXIc\/58O0j1dwApolkQmNtPjVQt5VxzGWzXgRFaDxpWdpReeY6J45c4bEdvz48TBz5kz44IMPSPug6Tpw4AAsWLAAysrK4O2334aPPvqIJoJG1c7kQ5xR\/CfedduIeZlaNzviaDy8FjN1gFgsFvjwww\/5v7bBekh4eDjs3r0bZs+eTf\/NymAwhQ4FOT\/zMB+qEXt2\/DwnU4vGkf9LlZuCuvTQoUPUmUaj4U9bx2g0wtmzZyE\/P79BfTbFMj6dNIWUmXCVD40WgO0r0zvO9\/5ElTZu3Ijy2fAJDQ2FwMDAZs+akpCQQPp6zpw59D8rixm+VnBfriU3D5jHwfpojkulcBhQjOZO49U7j9fr5b8akU5wcWTe8a2yst\/x4VpHUodeMrHTah03hjfvGuL2rWAMGkTm33vw4H\/w7juGUxtZYWFazMTErTPYF8wBVESO6FEi76rryEmq1+xMwaPv3h7WvEx2qpl868Ku8KbdhyVFrZeYBjMOGQBel8iHZKLEXquZvSExOeYYr9pz3MlOGwbRgUyJBICdDWpPUa\/mRQ+G63OKnpSbRogPAlv5rACIHgnWkCEgzix+mz\/uWawFOSFe5hwYRzwPZm0EWJi6lCbn7eHFPYMpJzlZZhqJzKXN6jtgqmAws1Mt52cf5dW6F2mifqILxWvIM6i2aFA\/5kQV09HDwD0hzRfwdxdSVmI5GhkTGZmWqhJBeUYDIWfprvFm94eYoV1rR8vGvJV7YSud6LNOY+IsvHnXELLid1vChrHgr3VnuTXs8+eAQfESiElKmXfTOVjDI3hozElK3mXHcW5YRSbYq4tsaRrbwxEfdRZdXku6ljo6cuQI7Nixg2wxBmKvvPIKuUqZmZlw4cIFWL58OXkk6EIdPHgQbv58B8QP3vVZK5\/b3Id33TZSkvIq7pN1YjYNiqSnp8PmzZsp1xAXF0dBHPpgGE6NGzeOosOAgABQqVTkLGDUiEgV+8g\/A3UI3Dl\/\/jd8iJa4NaH15Ge\/OpMa+omMjASXy8X\/tc5XX33FQlmJVo\/R5hdffAGiKIJ8ohqMLzMLx+TdsWvX\/\/ChGpHVCsE4+iWwL13Au2IiYvUpidTUVPq+c+cOfbdGdXU1pKSkQE1NDVRUVNBW+JFr\/s7cY+aZMA\/XtXPbC3xI9no1Id7WnPstW7aQi9u3b1+IiIi456rLy8vJY8VXXV9fz5\/68FypBcOQZwGYhNg2rfpdLwxXjOz4S1WHeJXmPProo\/TdngeKwTyeg+zsbBg4cCA5koWFhfDTTz\/xGj68bAuMo5gS0oRCL0eycjl5Giyy8MNeQsPnscceo0F79+7d8CwkJITXZHJrt0NGRgYsWrSITvhbb70Fp06d4qXNseZnU7xrz0pcw\/phZi4pdioGxJQ9k6VmiYHWPtu3b+dd+cC9f+qpp8gFvnLlCuzbtw\/y8vLg2rVrvAbzuZNjfJm3+IhqGtSPLUWdKaG5w324x162B+ZR7sYcoyC\/TEyK+RsfrjlypibCw8Ic40vPgKf+Z97s\/jAxXw2zAlKqehcfpnXM2Uk+n2roAHD\/eJE37xqoPGzs9TpT4jrml93O0\/cHJYsqWVQgf\/ct76YTsNeN58XODIxlbPJS3m3HuFlS8ltQjQID86ul\/\/dl9jsE01Y4YYkdVmF82iTeXee4MX\/+IxjsGZgDIO7ZwXtuG6\/JQG6RzPbVMkmv5d10jfkAv6JIk1kagVmctvBcvUwSgYlL25S8SN78\/pGUwR6DYjA4Vr7Oh2rEff5cQ5ToLSt5njfpPqSYIDtZLxak+ZG\/\/groKoj52fXzZ\/VMpgiR1Io6tNe2mSUgVR4ikcEsHin+noZZswtGJp\/o3oB6NNw4efIRXtTzyLqwY+zV3388\/KAQ5s\/p506LPQbs9Hs0YeCaXbqcHZVf8eJfFuai8cPkxKgLKACYWce4D9WDlcV96A8Kk\/P\/fN7rbdsn\/FfCPqNQJWnD6yjAZYvF\/KJtegF4HXaQvzxCxhMF04yLj2H+aIH+kP3Ekd\/z5v9aWHLS9ZIuzC5h5MfUHtpLx8Iy8DIzdjfyyWowJ0STKsQEKUSPAjkv86R4YO8A3t3DjZSRMFWKGe1BR9LAtBx6NRjQNb1laQv3Tz+w2E1Hvjjec2Fu1J2TclHavHEY7\/7hAU24PC7ldTyemAozMFnFtJjw5y18OZ3DU3eTYkg8HWifPOy0uDN0dcJbK5R8yH8eNz7++BEpLW4L2iy8eDQw5YQyKh74K5\/+\/eE1GcFePoNu91FEJOZOulNirfZli\/R8Cg8O665dv3WNUVag\/4O5ZwPzhfDCQmKy2SPIMjiWLiRRwahTwIuR+Ei3OG\/2TD6lnuP2jBn9xTGaajQ7GCOh44dJG\/e5Gj67lmD24Pz583TNhFdO77zzDhw7dozK8KJlypQpsHTpUti2bRvs2bOHympra1uNzRBh03owMW1vDHqRbthBFwH2mZPfrALozafZPTim5A+T4iMu0WLZQBjvWSfqwX25MSavqTkDCoUCVq1aBevXr6cot6qqihZss9komsXFXLx4ESZNmgRvvvkmFBcXw7p16yghcfnyZYp+L126RHWvX78Ohw8fhv3798OKFSsgOTkZbt68yUdjse7He8A0iukOFodYcfGaUJCm5m+7DfAon3bXEIpzIt3Mxnq4jcXF2krzmt3jNQWzYn369IFBgwZRmgYzJitXrqSJ42LwOq2tHXQ4HHD79m345ptv6CW88cYbdCEZFRUFTzzxBJSWlvKaPuysPvYkff5\/pEcMTHFightiFeAu0B+A77\/\/T76MjuEcm5wpacMcEou4MXGJx9hONlbwjdgKJ06coATK1q1b+ZOug6cAM3tFRUX0H9NTOp2Odj83N5duYktKSqjMj3zyazDrIpnG\/6PP1jN9487N\/FqoqOjvW1UbOPRJU12q4OY2duNqpkZb7o4gCJT3\/PZbX3CPx3by5MmUA\/vss8+o7NNPP6WyziIzxbV27VpKca5Zs4Z+BwUFUWYxOjqanrUF2fo0LV1n4elEWy+PS77g2L61ua13jEtd4bexGDZhrkzYtpl30zY\/\/vgj9OvXj66e8UiijOr1ekqhoax2lePHj9OOYi5v586dpNzwuGNG7OrVq7xW+3huXgdrwTh2Sp8jpQtMRF2T89b5FpyqeR\/dPiuzgZhuNUWNBHH\/X3jTRr777jvK76GiWr16NX38SgtzgHhNjlRWVtJONK2HH1RGe\/fupTp343a7qR2maHEnUZtjohoz6qjtMd2LShDBjCpqfcy0Y9KzPbz1d8A2rZAuQNCPwIyfmJuxlhaOWBNV8yRVsNeJSVDc7ZefA+e6lbw5wIYNGxoSn1394BFtDbwxP336NIwZMwZGjhxJ2fuxY8fScfZr7Lq6uoZUMyZbccdR+bWGh1kVSwZ3Z3GXowLBHh91xTZ90n+xebRESFPnSbFBggujH7bzqLHtS17F7eBd9iy4MBQNVGLz5s2DhQsXkhWYNm0aafD33nuPrjDQDOLLaop86jiYE5XkvuJ1NEZ2YrKy2lo+6zm+vPYRM7VaOVZR70ZzxewgvjXbrBLwsCPzsCEd+RxMeE0a+Dx5iBCjAFti9D7HG\/P\/my+nczgzkxSSOuQq5YHRVjONbpmQDp7bdXzIfx6uT\/4KJhTFkS\/4FqsKBiFDu4t5Rd3jnRn1SS861CFnyStDLc923pwaB+6L3\/MpPDiEzcwVZZ4YuqKog1xMETsy41ewon\/j0+1ebuRn9xU04UcwCY9ygwrPHBcG0t+O+mbUQ3iZrDuWL6aTZmARl8gW61GHgKhPLuVT63lqS0sfF3SRu\/2RFl57oV\/uqjzIp9k9eJnCwqtS1CkYXoosthZjQxz2idl5fCoPnqqq+b3FJOVavGykOz8mX3QfsHMbn3bX8NyqA+skfUMiAZPbojrkplAyQcWHfjgQk2PL5Zimtv55cK5ntv4u09Ie7iu1YMlKJFNJbiRbrJQQVWvKzRjMh3k4EVI0E10qhctn64eAYfAz4Fi2qN27T\/nvp3w2FmN0Ji5e1lZOVH1tLZve\/Zc0PYk1XZckxI62kK0fzeLwoc+C\/ZWp4LXb+FKZjT1a6UsDj+A2loWGjkTlftuSsp6\/p+lJrOnxIS614prXb+txgTmpYI4NpZy3z8YGgZCp21FVW\/vvvNkvA5s+LUDQhNb40k3DycaK0aO8ruxEvNrpw6v9MrlelP2kmKaptI9NnsUfPUB69foHCSiy68vTY+4AAAAASUVORK5CYII=\" \/><strong>GHS05 B\u012bstami<\/strong><\/p>\n<p><strong>H318<\/strong> Izraisa nopietnus acu boj\u0101jumus<\/p>\n<p><strong>Uzman\u012bbu<\/strong><\/p>\n<p><strong>H290<\/strong> Var kod\u012bgi iedarboties uz met\u0101liem.<\/p>\n<p><img decoding=\"async\" alt=\"\" src=\"data:image\/png;base64,iVBORw0KGgoAAAANSUhEUgAAAEMAAABFCAYAAAFmlGv4AAAAAXNSR0IArs4c6QAAAARnQU1BAACxjwv8YQUAAAAJcEhZcwAAFxEAABcRAcom8z8AABYpSURBVGhDzVsJfFRF0o+LitxHIOQ+ICEkgYQrHIKAgCtyiSwo64ki4oHK4aerqwK6ivsBXsAeKq6IIgrLohyyKgpyKIooSuZMMjM5Jwe5JpNkrtRXVf3eHJk7AX7f\/\/d7mff69euurqqurqruREAb1Oz7ULpzwaNS2TMr+bf+4Kf8K8NZ6cI\/34BW\/DWZGvi5Wfkb\/xK4Ut1nu7kCITYpQboDsBpL+Deido8nDQkDk6U7gFZLC1gMBaIlZUYstLaKttasXcu\/9Jw\/PZfvnTSp0gfgG4CTp07hTytoctOlN21GpxyG9GALqiwXXQSPSoS8yKukOxc8Ktkddu7KHc4KRKR6SCwoc5KdAyC4CE7pK90BqIe6aImguqqsRH54+91t8Mabb\/C9dmQq\/0aohw\/iGxk2m026Ax42d2H802Nc4I786WOYFq5A3VRt3uAkTr9oJjike9co8Krd9zGUPnK3x0CdFfzBfwVspgxpU49Ihfov90uFvuHVCNFa8cpa0GQmSSUCquEpYP7+pPTkCddY8OPqtzeDEqUiY8bMmRCfkgRZI3KkEhTGqFRoUf4iPQlwI6ZvvwTV4GgucMfZs2chDhupr6+XSgRaW+0sNEeTiZ8j7PhHlREHJY\/eywVtcUVnb40jrmsnDgPd7El4L8lOhnJoIpSvfcopmqPHjkFcchLU1NTwswMpKJwxEbSTh\/OzDJ\/SUQ2Jhup3tjoVwmF3QNGSBaBC5XSXvQyfjchQIJPLVj4AyrQobFAq9IGAjYSKgI047DRLgyNgI5qRg0CRihYmCPw2ohqWBKaTx6Dyr2tBnR4TkCKvRqiyOicFTEf\/KwoQxjVPodmI99uQVyPKnESo3b9XehJobXVA6RMPedlCGR6NqLLiofbAHukJICo+FgYkxPM9ibhk5VJQZw8EB5e4wI0QmTTxLnz4Dj060Sc6Crr26SU9iXr6exbijB7oMTRuRJUeDeWvvuA15r7YSKcunZ2aSyBTpls4G9RjMqQSbESRGQfVr7\/ik2l9o\/pB9uiR0pMn9HfOA+3YTL6PaC5Qo41I44e2WLzkPrh\/2VLpyQVHUyPqEK5IDsGdCOJ80y8\/oV6kcIE7jBVGyC8okJ4QErma0elgNwtbQnBKx\/z9CVCjgrmj14B+EHF1J+lJtJE\/cgg4GsWaLcPZCPGu\/uBnoMkZKJV4Q507GGwV5dKTCx56QlKoP7yfLV1baEakgaVAIz15wqMRGbWfvI\/zRdhcGoIKp4Gl0sjPvuCzEYcDLf8\/XgUVip8mYrNaIb3xDZ+NEIhHFZtehMafTtGTKPQDv42Eg3Y1Ik+D4kfvA0VsD\/TGxKR1nx7hIixCiN+k56WrH8Z1fhBoh6eC8fkncCVJxKU7Huq+PiwqtgOhEYIDpbFW\/u8atiTK1Cg2njx+5AL9Vrz0Z1CSQmTGgvnEsSDS9EZAQmRWV\/51HS7SCaBEFTZJo27bkVy3\/MWnkVsDkaB4MJ\/6huuFIjLfhEgfksNDzqQmMwHqDnv682fQb+kzoD90Q\/vbrVcP+Pbb49IbgZKVy1h86qFJ6BD9GpRDHoTIlev27AQ1WgLloH5Q88E2aVTinYxHHl0O\/eJiICY5AfrGDIBbFi6Q3ggQF+iT4mV3oDiTQYMitRlLxTv+6wkmBHWQ0XDkECgHD0BnPB6q393KZb4+Ihz8\/BD0Ro7EJiXC73BBOfvTT9IbT4jvW0F\/1zy0yqmsY\/bqClR6z5YjaBY0\/nACFDh60v6KDS+IN0FQWVmJnIhit3IArrNms1l64wfYbyuGI4Xzp4EG1yYy1I7mRuklEmI+fRLUSKka44PSVcu40IFrUChIHZLOhNw48yapJDhsyI3CWRNBhcQY7pjD3CE4daRFdR6U2YnMulL0h4mUYNregpHhuXPnoKWlRSrxDTtxw9IEmvHZGBANgUL0nR02q\/RWwE1ZW4Ecc\/PpU7xkqUamQdm6J8UbH\/Q0NDRA565dICoxDiJRV5qbm6U3LtBnNCDNjPHI9SGQP2UEOBrqvPSD4DV9ZS40fnuEfXKyB8b1z3OZO4dMJhPEYHAd0ekKyMjOAovFIr0h0dKQ0HGZO5V9FfX4TLDjsundvQtehLiDPjR9dZijZ1VWHFS9uYFH6A+ybulvuwltSBrqQSrYaqoDEiAjICEE2R7U7nofFGn92X2t\/fh98VKC3FHxw3ejvcApily0GApRN0IhQSAoITJksdR+8A7qUCyo0d40HPqMy0pXP4Bu8SCOhFqU57ksXIRMiBNID5FU9beN2Dmaf3ReKXRtUv8Skgj8IXxCJMgcMh0\/wr\/uitwetIsQ6pTUsu7LT8FaYghLF3whbCJkxbVWloEyIwYKpo\/lcjnv0h6ETwRelrJiUKb0xZhkMEZIaKAmi8CnvXSETAS1TyKwVleyU6QZngJlqx6EglmTcOEaDIVTc5kKhxQohYOQiGAR4GUz1YMaHSPK9hhum8OdWokrKBb1qAwonDPFWT8chEQEydtmLAc1+Z+4KusXulZWemdvQOIwXlePHgz6BTMCWlpfCEoEaX4rLlya7BTmgJ6yS3axZrjD0WTGyDKeTbj+DzOEaEJ0G\/wSQXOARukwN6LypbNPorthHJf5YjeVW0qKQJ3aH9Royg2L5zvLg8EnEfQZfWuvvQCaMYPZRyj4\/TjxMgCIOEs56giuypSELXnkblHOf\/3DNxHYWGsLimACOimj0qFwyih04VystaM4Ftx2K3Tt0Q269uzB3heVMeUIS7URZ1AMi7B4+T1cRpz1By8iWARIQP7Usewv5k\/MBgd6WO744fRpuBIdYcrPx6ckwzW9uoNCqeR3clctOg1695Gcyij7n4e4zN+s8SYCFYxkTzqgHZeFRDm8tN1gMEDnnt0hNjkRYlNEiKDX66W3AtRfc945XmUpXql48SlRzn894SSC\/USrBQpmX8dumgoNEPJEeuuNTt26sCNMV2JqCruCbUEdNimREFRWFRJStUFsWrQFE8HTEN123fwb2PpR7sVhNgWQIkBUXCzEJCYwEZnZw3yyWi4x\/3gcFCkoGvTYKja+yGXuPmgEKyH6ivpFszluoPSKrabKr\/xk3DhrJvSPFRHbddf7t5RyScOxL0GFQbhqSBxU\/+M1LpPrMyf0d93CjqoStdmOmh24e4F1L6yDXlH9MIaNguWPLZdKA6Meg3AluozKrHi4sOOfUikSobt9nshVTBgGVmMZF4ZCxNdHjkCX3j1ZQXfu2iWVBoJoteGrQyjuFPZLK15Zw2URxhefFqvimExo\/lWKPYOIgnA+L4+j+IhOv4NyXFeCgcWOv9XbNiPXB4NyYCTU79\/N71gcpX96FFTZSRy1txSI+R4I1GBZWRl06dUTIiK8ZrlfVO94C\/3SGA7QTce+kEolImjkZZSdxpBfmRaNTos+pJWwUKeDwsLCgD6EbCkv7Kb8Yhwn9xsO7+MyGUyEA6cnoejBu5AjKK8hMayg\/pqWtfpf29+Dt9\/Zxvc+IdWrP\/QfthUKNFw1n2znMiJPhpOX8rJrWLIINKioecg2W4VQVF\/Y+OpGuBINFiXGn18rFMwTggd1337B6QklTs2a9\/4mXrWBt0DtNtAtmouEYGQ1NAHsGG17ew8AWcNzIDohjo3ViNGjpVIXaEgNGOeqsXPeHti2RbzwAS8i5PVfhx4SG69hSeg51TlFIGP33n+zUtK1\/8ABqdQlqsajyAF0hlWZCVC5dQOXebbggjcnEHZaSBC62dfzdNJSsFspEh4EuaPikmLQFxn4niArYeO5H3EGYKQ\/NB4q1z\/HZbJ++IJPIgj0TavNinHFOHTtMewfm45unc3vaAgkAtrAV+IaocpOhvLnRe4jGPwSQb3JHRbS0o4cyZ88AuxNTV6iIYqJgKaz37PnTYpd9swK6VUgsgX8EyGBV1j8JQIoF1U4fTQ4TA1OAuU+WpADJH\/VsGQofVxs4IQaggQlgtDqQLfeZgPt2CHMkUL0OUg0BOqHdkXUyH7ayi5Zfr8gMAQOyAiNCLzY7bOg34mEaEei5z13MuqMnTlA2R2KOUqWL3HWDwchEUGghsletNpakBupeKVByUN3gRbjUHKCiu67VdSTs7hhIGQiZFAfjsY6dn7UozEeGYkBEYaE3HUYInBH2EQQqCvyvigoLrrjZtaL9nUv0C4iCNSp+expsFWhJ9YRChDtJuJi4rISQRZHFp3VkA+G+xZwkkVOUTJDO8jVjuCyMIOdL0l3rEV6KH\/mcTiPbibZuPwJOaBI6gP508ZCw38PMC\/4wvodVbdwcUmY4T4gGZaqSih5bhW71Bo0eVqMeCktS5c6VywK6oxYKJgyAhqPfYWmUSwOoh2+veS4NJrhJlW71Qzlz67gqEc5LJFNLQ1at\/AmaP75DNgw8qp8Yz17Qqrh6MCMSmfHVDfnejAdEadfLhMvLi4zyHuX0812NPFGDPkUFBAjI+hcBx1tMdw+h3eiZcjaY6uqAOP6Z3F9SmQfl874KVJ648o9DRpPHOU6ZG9CyYe1FxeFGUygRKP9QjX6umsw+huAWjAIL2RCVgIUzp0CDV8IJ52qumcb6dCMnL5wNDeD8c8r+FwUxWXkRVBsZpg1CczfHccOpHiEql9kxnSYGTI5DpzjVZv+whKl41VkE9QZ8WgYc6H+6JdOBzGQK0xvZBbZqqug7NmVnOFg\/39EGihRw4oWL4SmH+nMiqvvi4V2MYMGRNrAxNfXQfXWjawFyow4yB+TgdFQFGhnTOTVQUYgJniB6krVrRgklz21nA0vaQudsaD2DUv\/CE2\/nuU6vFyH074fhMwMHjgxQOrUXlcL1W9vAc24LE4batALp1PBmkk5UPvvnVyHQMuqO6F2fKZ8x6nvvoOPdn0Em157Fbbv2AEnTp4AtVoNVqvY9uapg3WdmlKLq9Ej96LdiUVDOxA0aIw1aHRLVyzFaPBXZiD10hGmhMUMvnA60BZqwfRctPoxvCxSUEap0dr9ezi05fo+iNIbDPD4ypVwdddroHOPbtCzX19ODvbqFwlXYVmv\/pFw79L7obRMSplITXA4JN1bSnTIlMWgTO4jBJCD8Rj2X47a06L1zHqHi6DMkLNVrRgm13\/0HuRPyoa8NMoF4nRIi2LNIA9SlmAgwZw5cwbmL1wA3fv25mOalDmnowKUrqUjmz2QOSPH5oJKpZK+8I+mfAUUP3A7Tp\/+wsjiCkRLtvGZx8BaUijVCg8+mcFhmDQq2hao27cLCm6awJqgGZUBKjSMmtFpcGG7K21LtYNpqLmxEV5a\/zJ0Qi2grQPeRsArDi\/SimhkzIrVq6CiwpWxaQvSODrVJnfVolWA4e75uIRH84EROlmoQc+2YsM6j5NJ8ngCwYMZPCBxSyrBR+R1N0\/lFCFtU5FNUGUncOKUdo9C7cQde\/6zFzr36sFnv+ikEzNjYBJc1aMrDMoYDHvxvctuBG6bp4903\/TzD2C482bIS+krpi7RitOn6rWXMaytdI0rAJzMoIbFB61gOv416BfOABVOB05Xp6NtQINVSQ03igOx4bHAhW+OfgOZOcOgd3QUTo04iEsS+zt0Fp+miLE8eDq9LYgWmR7TySOgW3Aj2pR+oEXt5eMhI1KhcssGPqHlXrctIpySRettOvk16BbNBOVAXMaoIVodkAl0pMxmqhX1CGFqgzvy8\/PhgQeX8YFquogRZD+69e4J8+bfAvXShhdpRTgrA1V1DgUv06lvQPeH34MCnT+a0ixYZMqFf20Bu1n00Xali3BYLNB47izoFy\/gswuUqKIdGw0aJCPOO2ulkBTZkY6e7CDQeart77\/HjOge2Yf3P7tH9sYpkg4bNm0KegotGEi\/Ze+W9t4bPt+HU30aerGxGBSi0UdvmHJhtR+\/h5rS5LE5HGF8+Tn+9yJFUm\/QTh7FxjF\/ai40njkhVbn4+OnsWYhEA3pNz+68IUwnJMdPmQQnvzsVljYEg+zi2+uqoXzNavRR0LiOwygZmXK+ewQYcDo15wnHjcA2w1JdAaVrn+B\/GKM0NmmGIjkSipfcCs3nf+aKbFM6SKj8PTlXY68dDz0i++IKEs+bC7NmzxJb9B0E9SFPfXtjA1T9fRNrO29u43Sh3TLdnCnQ+KO3sCNITeQhtqh+g9KVSzm2oKSilhpBppQ+vgRsFUVch+q2lynyd7RaHDz8OeROuBb69+8P10+9Hg4cOsjv2gM2\/di2TJaj2Yxe8EegHo\/e8RDyidL5TDf9b1PdVwfZMaSqbQXstpq4XN9mxa9QtOxOtsTk+tK5BdqDpGOxVgzNLxXay2QC0U5f1x3YA1oMCRTkGFLaIHUAZ9Fq9+6EVmtge+TyM6glvIjLMknmn3+Eogfu4KVVhVNHnZMEKlxpyv\/yNFjKJYcmjAHIdYuKDLBq9WqIR3txxTVXQ7+YaFixaiXo9LrQ28NqJFliAl10orvghnGQl9QH\/Qx0DFEjtNdlw4Vd77KmOBGgeQ+nSwYzxG36NJ0+DkV0MCETXV708ui\/wJQpkWiUngA7Rq0EWm1CGcfp06dhIhpLcr37xUaz9xmdiHbj6k4w5tproabWbQn3AWKWfKqX9qQbcO4XTBstQn1KH6RHQ8Gk4VCz\/S1wSD4Ra00IxPlkhjsoyuSu8bfxu+Ogmzcdp08cOmO4duMypcxOgvJ1T\/JhmlDw22+\/wez586BLnx58zJ20g5yviKuv5OMkdXWCucHQcOoo5N8wVpyZQNtGq6AaVwo69mqvFwyl4YcgHyeCMkMGMVZumHKTultuYKOkIZUcipEjMqh6M3p5GNoTfElCLqPz\/W9u2cxO1sRJ18Hcm+fC+x\/u4He+wNog9d545nvQozOlTOzF2wwkEM1I9DBfX8\/H8DuCkJlBECrqGqTp0KdQOH0srz60fClGJIMCvdbKjS+Bo0H8ryxX9+ZLUNB3slGnz5tVeVA4ZzIGZBilkmHMSoR87LN83dNgrxZGnbvCD9vRHSMsZsigHUx2ZeneZmNN0eA8VdHRPUrk4ipESZ7qdza7pfsEocEoZea5VWpBP6do8S0iGkUjrhqOPhC2T6d5rMZyQQNd4sMOoV3McAev1dJ9\/aF96L2iMRsUCVqMHJXpyJQJ2VCzcxufEiUEJBrfyZrXdP4X\/kchSvep6HhzTipOxRjegLIaRL6CjPbFRIeZQRASd1FWu3snJ3GVQ9HQ5qLjhvakcNoYqPvkAxEPYB2ZKfTjnp+g0wTF997KA+f\/KUPnT4XBYsmDd4OtzJWfYCvi1ufFwEVhhgySKq0+fI+Drtm9g0N\/BQ0Mpw9Z\/sJ5U6Dh0F4cjagnD4eSNKWP3QtqOrZFiV+sn4dGsmjJIrCWlnAd2X5cKlxUZsggouWDLWg04MK7W9nYkTfI+RE0grQamb8\/DhZNHpSvfRJtQixnv1mjMHoufvgeZJCaWnBOnUuNS8IM1n2ZGRIcdgtU\/\/1V1JRkDqPpf7d5o4j+ExKXZzq2pkwbAPo\/zoFmvZa\/Ed9jO5eHF5eIGW1Ac1s2dnZTHVS99ToffSVGaMcNBUViT9AvmglN+SpmgLjENLqcuCzMkOHOFKuxBEoeuw8KbrwW6veL\/5Nmm3C51MAHLisz\/n8D4P8AaQAOrDiATFIAAAAASUVORK5CYII=\" \/><strong>GHS07 Uzman\u012bbu<\/strong><\/p>\n<p><strong>H315<\/strong> Kairina \u0101du.<\/p>\n<p>Dro&scaron;\u012bbas pras\u012bbu apz\u012bm\u0113jumi:<\/p>\n<p>P102 Sarg\u0101t no b\u0113rniem.<\/p>\n<p>P103 Pirms izmanto&scaron;anas izlas\u012bt eti\u0137eti.<\/p>\n<p>P234 Tur\u0113t tikai ori\u0123in\u0101liepakojum\u0101.<\/p>\n<p>P264 P\u0113c izmanto&scaron;anas rokas k\u0101rt\u012bgi nomazg\u0101t.<\/p>\n<p>P280 Izmantot aizsargcimdus\/acu aizsargus\/sejas aizsargus.<\/p>\n<p>P305+P351+P338 SASKAR\u0112 AR AC\u012aM: Uzman\u012bgi izskalot ar \u016bdeni vair\u0101kas min\u016btes. Iz\u0146emt kontaktl\u0113cas, ja t\u0101s ir ievietotas un ja to var vienk\u0101r&scaron;i izdar\u012bt. Turpin\u0101t skalot.<\/p>\n<p>P302+P352 SASKAR\u0112 AR \u0100DU: nomazg\u0101t ar lielu \u016bdens daudzumu.&nbsp;&nbsp;<\/p>\n<p>P332+P313 Ja rodas \u0101das iekaisums: l\u016bdziet medi\u0137u pal\u012bdz\u012bbu.<\/p>\n<p>P321 \u012apa&scaron;a medic\u012bnisk\u0101 pal\u012bdz\u012bba (saskares vietas nomazg\u0101t ar \u016bdeni).<\/p>\n<p>P310 Nekav\u0113joties sazinieties ar SAIND\u0112&Scaron;AN\u0100S INFORM\u0100CIJAS CENTRU\/\u0101rstu ja jums ir slikta pa&scaron;saj\u016bta.<\/p>\n<p>P390 Uzs\u016bkt iz&scaron;\u013cakst\u012bjumus, lai nov\u0113rstu materi\u0101lus zaud\u0113jumus.<\/p>\n<p>P406 Glab\u0101t korozijiztur\u012bg\u0101 tvertn\u0113 ar iek&scaron;\u0113jo pretkorozijas izol\u0101ciju.<\/p>\n<p>P501 Atbr\u012bvoties no satura\/tvertnes\/iepakojuma saska\u0146\u0101 ar valsts noteikumiem.<\/p>\n","protected":false},"excerpt":{"rendered":"<p>Akt\u012bv\u0101s putas vannas istabas t\u012br\u012b&scaron;anai. No\u0146em ka\u013c\u0137akmeni, ziepju nos\u0113dumus un r\u016bsu. Nesatur fosf\u0101tus. Lieto&scaron;ana: izsmidziniet uz net\u012bras virsmas un atst\u0101jiet uz 15 sekund\u0113m. Smagu un ie\u0113du&scaron;os net\u012brumu gad\u012bjum\u0101 atst\u0101jiet uz 5&ndash;10 min\u016bt\u0113m, p\u0113c tam not\u012briet virsmu ar s\u016bkli un noskalojiet ar \u016bdeni. Izvairieties no ilgsto&scaron;a l\u012bdzek\u013ca kontakta ar koka, alum\u012bnija, kr\u0101sot\u0101m un lakot\u0101m virsm\u0101m. Nelietojiet [&#8230;]\n","protected":false},"featured_media":99734,"template":"","meta":[],"product_cat":[1999],"product_tag":[],"class_list":{"0":"post-60730","1":"product","2":"type-product","3":"status-publish","4":"has-post-thumbnail","6":"product_brand-karapuz_ua","7":"product_cat-bez-kategorijas","9":"first","10":"instock","11":"taxable","12":"shipping-taxable","13":"product-type-simple"},"_links":{"self":[{"href":"https:\/\/e.kosmolat.eu\/lv\/wp-json\/wp\/v2\/product\/60730","targetHints":{"allow":["GET"]}}],"collection":[{"href":"https:\/\/e.kosmolat.eu\/lv\/wp-json\/wp\/v2\/product"}],"about":[{"href":"https:\/\/e.kosmolat.eu\/lv\/wp-json\/wp\/v2\/types\/product"}],"wp:featuredmedia":[{"embeddable":true,"href":"https:\/\/e.kosmolat.eu\/lv\/wp-json\/wp\/v2\/media\/99734"}],"wp:attachment":[{"href":"https:\/\/e.kosmolat.eu\/lv\/wp-json\/wp\/v2\/media?parent=60730"}],"wp:term":[{"taxonomy":"product_cat","embeddable":true,"href":"https:\/\/e.kosmolat.eu\/lv\/wp-json\/wp\/v2\/product_cat?post=60730"},{"taxonomy":"product_tag","embeddable":true,"href":"https:\/\/e.kosmolat.eu\/lv\/wp-json\/wp\/v2\/product_tag?post=60730"}],"curies":[{"name":"wp","href":"https:\/\/api.w.org\/{rel}","templated":true}]}}