{"id":60634,"date":"2024-12-28T05:03:30","date_gmt":"2024-12-28T05:03:30","guid":{"rendered":"https:\/\/e.kosmolat.eu\/product\/i_caramel-vasks-sejas-depilacijai-vanilas-12-gb\/"},"modified":"2025-09-22T12:12:11","modified_gmt":"2025-09-22T12:12:11","slug":"i_caramel-vasks-sejas-depilacijai-vanilas-12-gb","status":"publish","type":"product","link":"https:\/\/e.kosmolat.eu\/lv\/product\/i_caramel-vasks-sejas-depilacijai-vanilas-12-gb\/","title":{"rendered":"I_&#8221;Caramel&#8221; Vasks sejas depil\u0101cijai &#8220;Vani\u013cas&#8221;, 12 gb"},"content":{"rendered":"<p>\u0100das gludums l\u012bdz 4 ned\u0113\u013c\u0101m. Vaski ir gatavi lieto\u0161anai. Jut\u012bgai \u0101dai. M\u016bsdienu formula nodro\u0161ina \u0101tru un efekt\u012bvu mati\u0146u likvid\u0113\u0161anu. J\u016bsu \u0100da ilgsto\u0161i paliks gluda un maiga. Str\u0113meles jau ir gatavas lieto\u0161anai \u2013 nav nepiecie\u0161am\u012bbas uzsild\u012bt masku plaukst\u0101s! Tagad pat mazi mati\u0146i b\u016bs likvid\u0113ti. Vaska lieto\u0161ana aiztur jaunu mati\u0146u aug\u0161anu, palielina periodu starp epil\u0101cij\u0101m un mati\u0146u izaug\u0161anu l\u012bdz 6 ned\u0113\u013c\u0101m. Katra n\u0101kam\u0101 epil\u0101cija k\u013c\u016bst viegl\u0101ka, bet jauni mati\u0146i aug v\u0101j\u0101ki. Maigi piegu\u013co\u0161s vaska pamats \u013cauj str\u0113mel\u0113m ide\u0101li piel\u0101goties sejas form\u0101m. Likvid\u0113 pat vis\u012bs\u0101kos mati\u0146us! Padara \u0101du gludu. Efekt\u012bvi likvid\u0113 mati\u0146us.  Vasks ir efekt\u012bvs uz mati\u0146iem, kuru garums ir 2-5 mm.\n<\/p>\n<p>Lieto\u0161ana:<br \/>\n Dienu pirms proced\u016bras lietojiet skrubi \u2013 J\u016bs atjaunosiet \u0101du un att\u012br\u012bsiet poras, pateicoties tam vaska epil\u0101cijas efektivit\u0101te iev\u0113rojami pieaug. Pirms epil\u0101cijas \u0101dai ir j\u0101b\u016bt sausa un attaukota, k\u0101 ar\u012b efekta uzlabo\u0161anai vai uzkl\u0101t nelielu kosm\u0113tisk\u0101 talka daudzumu.\u00a0\u00a0<\/p>\n<p>1.tUzman\u012bgi atdaliet str\u0113meles uz 2 da\u013c\u0101m. Abas str\u0113meles ir pilnv\u0113rt\u012bgas. 2. R\u016bp\u012bgi piel\u012bm\u0113jiet katru str\u0113meli pie \u0101das stingri pa matu aug\u0161anas virzienu un piespiediet to. 3. Ar vienu strauju kust\u012bbu noraujiet to oblig\u0101ti pret matu aug\u0161anas virzienu! 4. No\u0146emiet atliku\u0161o vasku ar speci\u0101lu salveti vaska no\u0146em\u0161anai ar e\u013c\u013cu. P\u0113c proced\u016bras rekomend\u0113t lietot mitrino\u0161u kr\u0113mu p\u0113c epil\u0101cijas.\n<\/p>\n<p>Piesardz\u012bbas pas\u0101kumi:\n<\/p>\n<p>Pirms katras proced\u016bras p\u0101rbaudiet \u0101das reakciju, lietojot vasku uz neliela \u0101das laukuma. Ja p\u0113c 24h nav blakuspar\u0101d\u012bbu, J\u016bs varat turpin\u0101t lieto\u0161anu. \u0160\u012bs produkts piem\u0113rots mati\u0146u likvid\u0113\u0161anai uz sejas. Nelietojiet uz galvas, sejas, ac\u012bm, uzac\u012bm, deguna, aus\u012bm, kr\u016bt\u012bm, kr\u016btsgaliem vai piegu\u013co\u0161\u0101m zon\u0101m, \u0123enit\u0101l\u0101s un perian\u0101l\u0101s zonas. Proced\u016bra nav piem\u0113rota cilv\u0113kiem vecum\u0101, diab\u0113ti\u0137iem vai cilv\u0113kiem, kas lieto z\u0101les pret akne. Neuzkl\u0101t uz br\u016bc\u0113m, varikozi papla\u0161in\u0101t\u0101m v\u0113n\u0101m, pinnes, kairin\u0101tu un apragoju\u0161u \u0101du, \u0101da, kurai agr\u0101k bija nelabv\u0113l\u012bgu reakciju uz vasku mati\u0146u likvid\u0113\u0161anai. Izvair\u012bties no saules vann\u0101m, peld\u0113\u0161anas, dezodorantu un citu produktu uz spirta pamata , k\u0101 ar\u012b parfim\u0113tu produktu lieto\u0161anas uz 24h pirms un p\u0113c epil\u0101cijas. Augst\u0101s temperat\u016br\u0101s (+-30\u00baC un augst\u0101k) ievietojiet vaska pl\u0101ksnes ledusskap\u012b uz 30 min\u016bt\u0113m pirms lieto\u0161anas. Uzglab\u0101t horizont\u0101l\u0101 st\u0101vokl\u012b. Uzglab\u0101t b\u0113rniem un dz\u012bvniekiem nepieejam\u0101 viet\u0101. Nenor\u012bt.\n<\/p>\n<p>Iepakojums satur: vaska pl\u0101ksnes epil\u0101cijai \u2013 12 gab. Salvetes p\u0113c epil\u0101cijas \u2013 2 gab.\u00a0<\/p>\n","protected":false},"excerpt":{"rendered":"<p>\u0100das gludums l\u012bdz 4 ned\u0113\u013c\u0101m. Vaski ir gatavi lieto\u0161anai. Jut\u012bgai \u0101dai. M\u016bsdienu formula nodro\u0161ina \u0101tru un efekt\u012bvu mati\u0146u likvid\u0113\u0161anu. J\u016bsu \u0100da ilgsto\u0161i paliks gluda un maiga. Str\u0113meles jau ir gatavas lieto\u0161anai \u2013 nav nepiecie\u0161am\u012bbas uzsild\u012bt masku plaukst\u0101s! Tagad pat mazi mati\u0146i b\u016bs likvid\u0113ti. Vaska lieto\u0161ana aiztur jaunu mati\u0146u aug\u0161anu, palielina periodu starp epil\u0101cij\u0101m un mati\u0146u [&#8230;]\n","protected":false},"featured_media":79654,"template":"","meta":[],"product_cat":[1581],"product_tag":[],"class_list":{"0":"post-60634","1":"product","2":"type-product","3":"status-publish","4":"has-post-thumbnail","6":"product_brand-elfa_ua","7":"product_cat-depilacija","9":"first","10":"instock","11":"taxable","12":"shipping-taxable","13":"product-type-simple"},"_links":{"self":[{"href":"https:\/\/e.kosmolat.eu\/lv\/wp-json\/wp\/v2\/product\/60634","targetHints":{"allow":["GET"]}}],"collection":[{"href":"https:\/\/e.kosmolat.eu\/lv\/wp-json\/wp\/v2\/product"}],"about":[{"href":"https:\/\/e.kosmolat.eu\/lv\/wp-json\/wp\/v2\/types\/product"}],"wp:featuredmedia":[{"embeddable":true,"href":"https:\/\/e.kosmolat.eu\/lv\/wp-json\/wp\/v2\/media\/79654"}],"wp:attachment":[{"href":"https:\/\/e.kosmolat.eu\/lv\/wp-json\/wp\/v2\/media?parent=60634"}],"wp:term":[{"taxonomy":"product_cat","embeddable":true,"href":"https:\/\/e.kosmolat.eu\/lv\/wp-json\/wp\/v2\/product_cat?post=60634"},{"taxonomy":"product_tag","embeddable":true,"href":"https:\/\/e.kosmolat.eu\/lv\/wp-json\/wp\/v2\/product_tag?post=60634"}],"curies":[{"name":"wp","href":"https:\/\/api.w.org\/{rel}","templated":true}]}}