{"id":60536,"date":"2024-12-20T05:02:32","date_gmt":"2024-12-20T05:02:32","guid":{"rendered":"https:\/\/e.kosmolat.eu\/product\/skinlite-hialuronskabes-komplekts-5-produkti-triskarss-mitrinasanas-speks\/"},"modified":"2025-09-22T12:08:28","modified_gmt":"2025-09-22T12:08:28","slug":"i_skinlite-hialuronskabes-komplekts-5-produkti-triskarss-mitrinasanas-speks","status":"publish","type":"product","link":"https:\/\/e.kosmolat.eu\/lv\/product\/i_skinlite-hialuronskabes-komplekts-5-produkti-triskarss-mitrinasanas-speks\/","title":{"rendered":"I_Skinlite Hialuronsk\u0101bes komplekts, 5 produkti Tr\u012bsk\u0101r\u0161s mitrin\u0101\u0161anas sp\u0113ks"},"content":{"rendered":"<p>Komplekta saturs:<br \/>\n1. Sejas kr\u0113ms Hyaluronic acid x3<\/p>\n<p>Lieto\u0161ana: uzkl\u0101t nelielu kr\u0113ma daudzumu uz t\u012bras sejas \u0101das. <\/p>\n<p>2. Maska zonai ap ac\u012bm Hyaluronic acid x3<\/p>\n<p>Lieto\u0161ana: 1. Att\u012briet sejas \u0101du. Atveriet iepakojumu un iz\u0146emiet masku. 2. Uzman\u012bgi pielieciet masku zon\u0101 ap ac\u012bm un izl\u012bdziniet ar pirkstu galiem, atst\u0101jiet uz 20-25 min\u016bt\u0113m. 3. Tad no\u0146emiet masku, maigi iemas\u0113jiet plauk\u0161\u0137\u0113jo\u0161\u0101m kust\u012bb\u0101m maskas p\u0101rpalikumus. Nenomazg\u0101jiet. Lab\u0101kam efektam pirms lieto\u0161anas ielieciet iepakojumu ledusskap\u012b uz 15 min\u016bt\u0113m.<\/p>\n<p>3. G\u0113la acu pat\u010di Hyaluronic acid x3<\/p>\n<p>Lieto\u0161ana: 1. R\u016bp\u012bgi nomazg\u0101jiet un nosusiniet seju. 2. No\u0146emiet no pat\u010diem aizsargpl\u0113vi. 3. Uzkl\u0101jiet pat\u010dus uz \u0101das zem ac\u012bm ar sp\u012bd\u012bgu pusi pie sejas. 4. Atst\u0101jiet uz 30 min\u016bt\u0113m. 5. Uzman\u012bgi no\u0146emiet pat\u010dus, s\u0101kot no mal\u0101m. Satur A vitam\u012bnu. L\u016bgums pirms lieto\u0161anas p\u0101rdom\u0101t savu dienas devu.<\/p>\n<p>4. Auduma acu pat\u010di Hyaluronic acid x3<\/p>\n<p>Lieto\u0161ana: 1. R\u016bp\u012bgi nomazg\u0101jiet un nosusiniet seju. 2. Uzkl\u0101jiet pat\u010dus zem ac\u012bm. 3. Atst\u0101jiet uz 15-20 min\u016bt\u0113m, tad no\u0146emiet. 4. P\u0101rliecinieties, ka iepakojums ir cie\u0161i aizv\u0113rts. Lab\u0101kam efektam pirms lieto\u0161anas ielieciet iepakojumu ledusskap\u012b uz 15 min\u016bt\u0113m.<\/p>\n<p>5. Sejas maska Hyaluronic acid x3<\/p>\n<p>Lieto\u0161ana: 1. Not\u012briet sejas \u0101du. Iz\u0146emiet masku no iepakojuma un r\u016bp\u012bgi atlociet. 2. Uzman\u012bgi uzlieciet masku uz sejas, p\u0101rliecinoties, ka t\u0101 cie\u0161i piegu\u013c \u0101dai. Paturiet masku 20\u201325 min\u016btes. 3. No\u0146emiet to, viegli pavelkot aiz mal\u0101m. Iemas\u0113jiet plauk\u0161\u0137\u0113jo\u0161\u0101m kust\u012bb\u0101m maskas p\u0101rpalikumus \u0101d\u0101. Nenoskalojiet.<\/p>\n<p>Piesardz\u012bbas pas\u0101kumi: 1. Nelietot uz boj\u0101tas, kairin\u0101tas \u0101das. 2. Nelietot, ja rodas jut\u012bba uz k\u0101du no sast\u0101vda\u013c\u0101m. Ja rodas aps\u0101rtums vai kairin\u0101jums p\u0101rtraukt lieto\u0161anu un v\u0113rsties pie \u0101rsta. 3. Izvair\u012bties no iek\u013c\u016b\u0161anas ac\u012bs. Ja iek\u013c\u016bst ac\u012bs noskalot ar \u016bdeni. 4. Uzglab\u0101t b\u0113rniem nepieejam\u0101 viet\u0101, temperat\u016br\u0101 no 0 \u00b0C l\u012bdz 25 \u00b0C. 5. Izvair\u012bties no tie\u0161iem saules stariem. P\u0113c atv\u0113r\u0161anas ieteicams glab\u0101t iepakojumu ledusskap\u012b. 6. Tikai \u0101r\u012bgai lieto\u0161anai. Nenor\u012bt!<\/p>\n","protected":false},"excerpt":{"rendered":"<p>Komplekta saturs: 1. Sejas kr\u0113ms Hyaluronic acid x3 Lieto\u0161ana: uzkl\u0101t nelielu kr\u0113ma daudzumu uz t\u012bras sejas \u0101das. 2. Maska zonai ap ac\u012bm Hyaluronic acid x3 Lieto\u0161ana: 1. Att\u012briet sejas \u0101du. Atveriet iepakojumu un iz\u0146emiet masku. 2. Uzman\u012bgi pielieciet masku zon\u0101 ap ac\u012bm un izl\u012bdziniet ar pirkstu galiem, atst\u0101jiet uz 20-25 min\u016bt\u0113m. 3. Tad no\u0146emiet masku, [&#8230;]\n","protected":false},"featured_media":96468,"template":"","meta":[],"product_cat":[1853],"product_tag":[],"class_list":{"0":"post-60536","1":"product","2":"type-product","3":"status-publish","4":"has-post-thumbnail","6":"product_brand-skinlite","7":"product_cat-davanu-komplekti-sievietem","9":"first","10":"instock","11":"taxable","12":"shipping-taxable","13":"product-type-simple"},"_links":{"self":[{"href":"https:\/\/e.kosmolat.eu\/lv\/wp-json\/wp\/v2\/product\/60536","targetHints":{"allow":["GET"]}}],"collection":[{"href":"https:\/\/e.kosmolat.eu\/lv\/wp-json\/wp\/v2\/product"}],"about":[{"href":"https:\/\/e.kosmolat.eu\/lv\/wp-json\/wp\/v2\/types\/product"}],"wp:featuredmedia":[{"embeddable":true,"href":"https:\/\/e.kosmolat.eu\/lv\/wp-json\/wp\/v2\/media\/96468"}],"wp:attachment":[{"href":"https:\/\/e.kosmolat.eu\/lv\/wp-json\/wp\/v2\/media?parent=60536"}],"wp:term":[{"taxonomy":"product_cat","embeddable":true,"href":"https:\/\/e.kosmolat.eu\/lv\/wp-json\/wp\/v2\/product_cat?post=60536"},{"taxonomy":"product_tag","embeddable":true,"href":"https:\/\/e.kosmolat.eu\/lv\/wp-json\/wp\/v2\/product_tag?post=60536"}],"curies":[{"name":"wp","href":"https:\/\/api.w.org\/{rel}","templated":true}]}}