{"id":60528,"date":"2024-12-20T05:00:43","date_gmt":"2024-12-20T05:00:43","guid":{"rendered":"https:\/\/e.kosmolat.eu\/product\/spkrug-no-141-travmostop-kosmetiskais-kermena-krems-balzams-100-ml\/"},"modified":"2026-04-22T11:45:32","modified_gmt":"2026-04-22T11:45:32","slug":"spkrug-no-141-travmostop-kosmetiskais-kermena-krems-balzams-100-ml","status":"publish","type":"product","link":"https:\/\/e.kosmolat.eu\/lv\/product\/spkrug-no-141-travmostop-kosmetiskais-kermena-krems-balzams-100-ml\/","title":{"rendered":"SpKrug No 141 Travmostop Kosm\u0113tiskais \u0137erme\u0146a kr\u0113ms-balzams, 100 ml"},"content":{"rendered":"<p>Augsti efekt\u012bvs produkts, kas izstr\u0101d\u0101ts uz dab\u012bgu biolo\u0123iski akt\u012bvu sast\u0101vda\u013cu b\u0101zes, ieteicams \u0101trai un efekt\u012bvai st\u0101vok\u013ca atvieglo\u0161anai sasitumu, sastiepumu un zilumu gad\u012bjumos. V\u0113rt\u012bg\u0101s akt\u012bvo sast\u0101vda\u013cu \u0101rstniecisk\u0101s \u012bpa\u0161\u012bbas veicina atjauno\u0161anos, mikroasinsrites uzlabo\u0161anu, piet\u016bkuma un diskomforta mazin\u0101\u0161anu. Uzlabo \u0101das st\u0101vokli, sniedzot labv\u0113l\u012bgu toniz\u0113jo\u0161u efektu.<\/p>\n<p>Akt\u012bv\u0101s sast\u0101vda\u013cas:<br \/>\n\u2022 Arnikas ekstrakts \u2013 piem\u012bt pretiekaisuma iedarb\u012bba.<br \/>\n\u2022 Badjagas ekstrakts \u2013 uzlabo asinsriti.<br \/>\n\u2022 \u0100dama saknes ekstrakts \u2013 pla\u0161i paz\u012bstams \u0101rstniec\u012bbas augs Kauk\u0101za tautas medic\u012bn\u0101. Tam ir dzied\u0113jo\u0161a, pretiekaisuma un atjaunojo\u0161a iedarb\u012bba.<br \/>\n\u2022 Baltegles e\u013c\u013ca \u2013 dab\u012bgs antisepti\u0137is, tai piem\u012bt nomierino\u0161a iedarb\u012bba un t\u0101 paaugstina audu elast\u012bbu un tvirtumu.<br \/>\n\u2022 Mumijo \u2013 veicina atjauno\u0161an\u0101s procesu pa\u0101trin\u0101\u0161anos.<\/p>\n<p>Lieto\u0161ana: Ar mas\u0113jo\u0161\u0101m kust\u012bb\u0101m ier\u012bv\u0113t problem\u0101tiskaj\u0101s viet\u0101s, l\u012bdz tas piln\u012bb\u0101 ies\u016bcas. Izvair\u012bties no nok\u013c\u016b\u0161anas ac\u012bs un uz g\u013cot\u0101d\u0101m. Nelietot uz boj\u0101tas \u0101das.<\/p>\n<p>Kontrindik\u0101cijas: Individu\u0101la sast\u0101vda\u013cu nepanesam\u012bba.<\/p>\n","protected":false},"excerpt":{"rendered":"<p>Augsti efekt\u012bvs produkts, kas izstr\u0101d\u0101ts uz dab\u012bgu biolo\u0123iski akt\u012bvu sast\u0101vda\u013cu b\u0101zes, ieteicams \u0101trai un efekt\u012bvai st\u0101vok\u013ca atvieglo\u0161anai sasitumu, sastiepumu un zilumu gad\u012bjumos. V\u0113rt\u012bg\u0101s akt\u012bvo sast\u0101vda\u013cu \u0101rstniecisk\u0101s \u012bpa\u0161\u012bbas veicina atjauno\u0161anos, mikroasinsrites uzlabo\u0161anu, piet\u016bkuma un diskomforta mazin\u0101\u0161anu. Uzlabo \u0101das st\u0101vokli, sniedzot labv\u0113l\u012bgu toniz\u0113jo\u0161u efektu. Akt\u012bv\u0101s sast\u0101vda\u013cas: \u2022 Arnikas ekstrakts \u2013 piem\u012bt pretiekaisuma iedarb\u012bba. \u2022 Badjagas ekstrakts \u2013 [&#8230;]\n","protected":false},"featured_media":96432,"template":"","meta":[],"product_cat":[1999],"product_tag":[],"class_list":{"0":"post-60528","1":"product","2":"type-product","3":"status-publish","4":"has-post-thumbnail","6":"product_brand-elpis","7":"product_cat-bez-kategorijas","9":"first","10":"instock","11":"taxable","12":"shipping-taxable","13":"product-type-simple"},"_links":{"self":[{"href":"https:\/\/e.kosmolat.eu\/lv\/wp-json\/wp\/v2\/product\/60528","targetHints":{"allow":["GET"]}}],"collection":[{"href":"https:\/\/e.kosmolat.eu\/lv\/wp-json\/wp\/v2\/product"}],"about":[{"href":"https:\/\/e.kosmolat.eu\/lv\/wp-json\/wp\/v2\/types\/product"}],"wp:featuredmedia":[{"embeddable":true,"href":"https:\/\/e.kosmolat.eu\/lv\/wp-json\/wp\/v2\/media\/96432"}],"wp:attachment":[{"href":"https:\/\/e.kosmolat.eu\/lv\/wp-json\/wp\/v2\/media?parent=60528"}],"wp:term":[{"taxonomy":"product_cat","embeddable":true,"href":"https:\/\/e.kosmolat.eu\/lv\/wp-json\/wp\/v2\/product_cat?post=60528"},{"taxonomy":"product_tag","embeddable":true,"href":"https:\/\/e.kosmolat.eu\/lv\/wp-json\/wp\/v2\/product_tag?post=60528"}],"curies":[{"name":"wp","href":"https:\/\/api.w.org\/{rel}","templated":true}]}}