{"id":60516,"date":"2024-12-19T14:09:10","date_gmt":"2024-12-19T14:09:10","guid":{"rendered":"https:\/\/e.kosmolat.eu\/product\/viorica-essentielle-concentrated-bath-foam-400-ml\/"},"modified":"2026-04-10T06:45:55","modified_gmt":"2026-04-10T06:45:55","slug":"viorica-essentielle-koncentr-vannas-putas-400-ml","status":"publish","type":"product","link":"https:\/\/e.kosmolat.eu\/lv\/product\/viorica-essentielle-koncentr-vannas-putas-400-ml\/","title":{"rendered":"VIORICA ESSENTIELLE Koncentr. vannas putas, 400 ml"},"content":{"rendered":"<p>\u0160\u012bs vannas putas, bag\u0101tin\u0101tas ar pa\u010d\u016blijas, kopaibas, apels\u012bna un koriandra \u0113teriskaj\u0101m e\u013c\u013c\u0101m, padar\u012bs vanno\u0161anos par j\u016bsu iecien\u012bt\u0101ko ritu\u0101lu. Putu saldais koksnes arom\u0101ts ar pikant\u0101m not\u012bm atjaunos iek\u0161\u0113jo harmoniju, savuk\u0101rt 5 miner\u0101lu kombin\u0101cija mitrin\u0101s un m\u012bkstin\u0101s \u0101du, veicinot \u0161\u016bnu atjauno\u0161anos. <\/p>\n<p>Lieto\u0161ana: ielejiet nelielu daudzumu l\u012bdzek\u013ca zem silta \u016bdens str\u016bklas, lai izveidotos putas. <\/p>\n<p>Uzglab\u0101t temperat\u016br\u0101 no +5 \u00b0C l\u012bdz +25 \u00b0C, sarg\u0101jot no tie\u0161iem saules stariem. <\/p>\n<p>Der\u012bguma termi\u0146\u0161: 36 m\u0113ne\u0161i.<\/p>\n","protected":false},"excerpt":{"rendered":"<p>\u0160\u012bs vannas putas, bag\u0101tin\u0101tas ar pa\u010d\u016blijas, kopaibas, apels\u012bna un koriandra \u0113teriskaj\u0101m e\u013c\u013c\u0101m, padar\u012bs vanno\u0161anos par j\u016bsu iecien\u012bt\u0101ko ritu\u0101lu. Putu saldais koksnes arom\u0101ts ar pikant\u0101m not\u012bm atjaunos iek\u0161\u0113jo harmoniju, savuk\u0101rt 5 miner\u0101lu kombin\u0101cija mitrin\u0101s un m\u012bkstin\u0101s \u0101du, veicinot \u0161\u016bnu atjauno\u0161anos. Lieto\u0161ana: ielejiet nelielu daudzumu l\u012bdzek\u013ca zem silta \u016bdens str\u016bklas, lai izveidotos putas. Uzglab\u0101t temperat\u016br\u0101 no +5 [&#8230;]\n","protected":false},"featured_media":100993,"template":"","meta":[],"product_cat":[1612],"product_tag":[],"class_list":{"0":"post-60516","1":"product","2":"type-product","3":"status-publish","4":"has-post-thumbnail","6":"product_brand-viorica-cosmeplant_bg","7":"product_cat-putos-druska-vonios-bombos","9":"first","10":"instock","11":"taxable","12":"shipping-taxable","13":"product-type-simple"},"_links":{"self":[{"href":"https:\/\/e.kosmolat.eu\/lv\/wp-json\/wp\/v2\/product\/60516","targetHints":{"allow":["GET"]}}],"collection":[{"href":"https:\/\/e.kosmolat.eu\/lv\/wp-json\/wp\/v2\/product"}],"about":[{"href":"https:\/\/e.kosmolat.eu\/lv\/wp-json\/wp\/v2\/types\/product"}],"wp:featuredmedia":[{"embeddable":true,"href":"https:\/\/e.kosmolat.eu\/lv\/wp-json\/wp\/v2\/media\/100993"}],"wp:attachment":[{"href":"https:\/\/e.kosmolat.eu\/lv\/wp-json\/wp\/v2\/media?parent=60516"}],"wp:term":[{"taxonomy":"product_cat","embeddable":true,"href":"https:\/\/e.kosmolat.eu\/lv\/wp-json\/wp\/v2\/product_cat?post=60516"},{"taxonomy":"product_tag","embeddable":true,"href":"https:\/\/e.kosmolat.eu\/lv\/wp-json\/wp\/v2\/product_tag?post=60516"}],"curies":[{"name":"wp","href":"https:\/\/api.w.org\/{rel}","templated":true}]}}