{"id":60512,"date":"2024-12-19T13:52:01","date_gmt":"2024-12-19T13:52:01","guid":{"rendered":"https:\/\/e.kosmolat.eu\/product\/viorica-essentielle-bath-salt-1000-ml\/"},"modified":"2026-04-13T13:16:33","modified_gmt":"2026-04-13T13:16:33","slug":"viorica-essentielle-vannas-sals-ar-apels-mizas-un-paculijas-arom-1-kg","status":"publish","type":"product","link":"https:\/\/e.kosmolat.eu\/lv\/product\/viorica-essentielle-vannas-sals-ar-apels-mizas-un-paculijas-arom-1-kg\/","title":{"rendered":"VIORICA ESSENTIELLE Vannas s\u0101ls ar apels. mizas un pa\u010d\u016blijas arom., 1 kg"},"content":{"rendered":"<p>J\u016bras s\u0101ls p\u0101rv\u0113rt\u012bs j\u016bsu vannas istabu par \u012bstu prieka o\u0101zi. Miner\u0101li maigi atsl\u0101bin\u0101s j\u016bsu \u0137ermeni, savuk\u0101rt pa\u010d\u016blijas un apels\u012bna \u0113terisk\u0101s e\u013c\u013cas sniegs j\u016bsu \u0101dai neaizmirstamu baudu. \u0160is juteklisks krist\u0101lu arom\u0101ts aizved\u012bs j\u016bs burv\u012bg\u0101 ce\u013cojum\u0101 uz eksotisk\u0101m valst\u012bm un to parad\u012bzes d\u0101rziem. <\/p>\n<p>Lieto\u0161ana: iz\u0161\u0137\u012bdin\u0101t 100 g (4-5 \u0113damkarotes) s\u0101ls silt\u0101 \u016bden\u012b. Vannoties 10-20 min\u016btes \u016bdens temperat\u016br\u0101 no +35 \u00b0C l\u012bdz +39 \u00b0C. Uzglab\u0101t temperat\u016br\u0101 no +5 \u00b0C l\u012bdz +25 \u00b0C, sarg\u0101jot no tie\u0161iem saules stariem. <\/p>\n<p>Der\u012bguma termi\u0146\u0161: 36 m\u0113ne\u0161i.<\/p>\n","protected":false},"excerpt":{"rendered":"<p>J\u016bras s\u0101ls p\u0101rv\u0113rt\u012bs j\u016bsu vannas istabu par \u012bstu prieka o\u0101zi. Miner\u0101li maigi atsl\u0101bin\u0101s j\u016bsu \u0137ermeni, savuk\u0101rt pa\u010d\u016blijas un apels\u012bna \u0113terisk\u0101s e\u013c\u013cas sniegs j\u016bsu \u0101dai neaizmirstamu baudu. \u0160is juteklisks krist\u0101lu arom\u0101ts aizved\u012bs j\u016bs burv\u012bg\u0101 ce\u013cojum\u0101 uz eksotisk\u0101m valst\u012bm un to parad\u012bzes d\u0101rziem. Lieto\u0161ana: iz\u0161\u0137\u012bdin\u0101t 100 g (4-5 \u0113damkarotes) s\u0101ls silt\u0101 \u016bden\u012b. Vannoties 10-20 min\u016btes \u016bdens temperat\u016br\u0101 [&#8230;]\n","protected":false},"featured_media":102267,"template":"","meta":[],"product_cat":[1999],"product_tag":[],"class_list":{"0":"post-60512","1":"product","2":"type-product","3":"status-publish","4":"has-post-thumbnail","6":"product_brand-viorica-cosmeplant_bg","7":"product_cat-bez-kategorijas","9":"first","10":"outofstock","11":"taxable","12":"shipping-taxable","13":"product-type-simple"},"_links":{"self":[{"href":"https:\/\/e.kosmolat.eu\/lv\/wp-json\/wp\/v2\/product\/60512","targetHints":{"allow":["GET"]}}],"collection":[{"href":"https:\/\/e.kosmolat.eu\/lv\/wp-json\/wp\/v2\/product"}],"about":[{"href":"https:\/\/e.kosmolat.eu\/lv\/wp-json\/wp\/v2\/types\/product"}],"wp:featuredmedia":[{"embeddable":true,"href":"https:\/\/e.kosmolat.eu\/lv\/wp-json\/wp\/v2\/media\/102267"}],"wp:attachment":[{"href":"https:\/\/e.kosmolat.eu\/lv\/wp-json\/wp\/v2\/media?parent=60512"}],"wp:term":[{"taxonomy":"product_cat","embeddable":true,"href":"https:\/\/e.kosmolat.eu\/lv\/wp-json\/wp\/v2\/product_cat?post=60512"},{"taxonomy":"product_tag","embeddable":true,"href":"https:\/\/e.kosmolat.eu\/lv\/wp-json\/wp\/v2\/product_tag?post=60512"}],"curies":[{"name":"wp","href":"https:\/\/api.w.org\/{rel}","templated":true}]}}