{"id":60508,"date":"2024-12-19T13:21:03","date_gmt":"2024-12-19T13:21:03","guid":{"rendered":"https:\/\/e.kosmolat.eu\/product\/viorica-liliac-angelic-elixir-floral-perfume-for-women-60-ml\/"},"modified":"2026-04-22T13:40:18","modified_gmt":"2026-04-22T13:40:18","slug":"viorica-parfim-udens-siev-liliac-angelic-60-ml","status":"publish","type":"product","link":"https:\/\/e.kosmolat.eu\/lv\/product\/viorica-parfim-udens-siev-liliac-angelic-60-ml\/","title":{"rendered":"VIORICA  Parfim. \u016bdens siev. Liliac Angelic, 60 ml"},"content":{"rendered":"<p>Uzglab\u0101t temperat\u016br\u0101 no +5 \u00b0C l\u012bdz +25 \u00b0C, sarg\u0101jot no tie\u0161iem saules stariem un siltuma avotiem. <\/p>\n<p>Piesardz\u012bbas pas\u0101kumi: tikai \u0101r\u012bgai lieto\u0161anai. Izvair\u012bties no iek\u013c\u016b\u0161anas ac\u012bs. Uzglab\u0101t b\u0113rniem nepieejam\u0101 viet\u0101. <\/p>\n<p>UZMAN\u012aBU: Uzliesmojo\u0161s \u0161\u0137idrums. Neizsmidzin\u0101t atkl\u0101tas liesmas vai siltumu izstarojo\u0161u materi\u0101lu tuvum\u0101. <\/p>\n<p>Etilspirta tilpuma da\u013ca: 82% tilp.<\/p>\n","protected":false},"excerpt":{"rendered":"<p>Uzglab\u0101t temperat\u016br\u0101 no +5 \u00b0C l\u012bdz +25 \u00b0C, sarg\u0101jot no tie\u0161iem saules stariem un siltuma avotiem. Piesardz\u012bbas pas\u0101kumi: tikai \u0101r\u012bgai lieto\u0161anai. Izvair\u012bties no iek\u013c\u016b\u0161anas ac\u012bs. Uzglab\u0101t b\u0113rniem nepieejam\u0101 viet\u0101. UZMAN\u012aBU: Uzliesmojo\u0161s \u0161\u0137idrums. Neizsmidzin\u0101t atkl\u0101tas liesmas vai siltumu izstarojo\u0161u materi\u0101lu tuvum\u0101. Etilspirta tilpuma da\u013ca: 82% tilp.<\/p>\n","protected":false},"featured_media":103071,"template":"","meta":[],"product_cat":[1999],"product_tag":[],"class_list":{"0":"post-60508","1":"product","2":"type-product","3":"status-publish","4":"has-post-thumbnail","6":"product_brand-viorica-cosmeplant_bg","7":"product_cat-bez-kategorijas","9":"first","10":"outofstock","11":"taxable","12":"shipping-taxable","13":"product-type-simple"},"_links":{"self":[{"href":"https:\/\/e.kosmolat.eu\/lv\/wp-json\/wp\/v2\/product\/60508","targetHints":{"allow":["GET"]}}],"collection":[{"href":"https:\/\/e.kosmolat.eu\/lv\/wp-json\/wp\/v2\/product"}],"about":[{"href":"https:\/\/e.kosmolat.eu\/lv\/wp-json\/wp\/v2\/types\/product"}],"wp:featuredmedia":[{"embeddable":true,"href":"https:\/\/e.kosmolat.eu\/lv\/wp-json\/wp\/v2\/media\/103071"}],"wp:attachment":[{"href":"https:\/\/e.kosmolat.eu\/lv\/wp-json\/wp\/v2\/media?parent=60508"}],"wp:term":[{"taxonomy":"product_cat","embeddable":true,"href":"https:\/\/e.kosmolat.eu\/lv\/wp-json\/wp\/v2\/product_cat?post=60508"},{"taxonomy":"product_tag","embeddable":true,"href":"https:\/\/e.kosmolat.eu\/lv\/wp-json\/wp\/v2\/product_tag?post=60508"}],"curies":[{"name":"wp","href":"https:\/\/api.w.org\/{rel}","templated":true}]}}