{"id":60476,"date":"2024-12-19T05:05:03","date_gmt":"2024-12-19T05:05:03","guid":{"rendered":"https:\/\/e.kosmolat.eu\/product\/gp-vannas-putas-lavanda-un-linseklu-ella-500-ml\/"},"modified":"2026-04-20T12:47:29","modified_gmt":"2026-04-20T12:47:29","slug":"gp-vannas-putas-lavanda-un-linseklu-ella-500-ml","status":"publish","type":"product","link":"https:\/\/e.kosmolat.eu\/lv\/product\/gp-vannas-putas-lavanda-un-linseklu-ella-500-ml\/","title":{"rendered":"GP Vannas putas lavanda un lins\u0113klu e\u013cla, 500 ml"},"content":{"rendered":"<p>Dermatolo\u0123iski test\u0113ts. <\/p>\n<p>Lieto\u0161ana: ielejiet vannas putas zem teko\u0161a \u016bdens, lai izveidotu burbu\u013cus; p\u0113c vanno\u0161an\u0101s noskalojiet \u0137ermeni ar \u016bdeni.<\/p>\n<p>Uzglab\u0101t temperat\u016br\u0101 no +5\u00b0C l\u012bdz +25\u00b0C.<\/p>\n","protected":false},"excerpt":{"rendered":"<p>Dermatolo\u0123iski test\u0113ts. Lieto\u0161ana: ielejiet vannas putas zem teko\u0161a \u016bdens, lai izveidotu burbu\u013cus; p\u0113c vanno\u0161an\u0101s noskalojiet \u0137ermeni ar \u016bdeni. Uzglab\u0101t temperat\u016br\u0101 no +5\u00b0C l\u012bdz +25\u00b0C.<\/p>\n","protected":false},"featured_media":100032,"template":"","meta":[],"product_cat":[1610],"product_tag":[],"class_list":{"0":"post-60476","1":"product","2":"type-product","3":"status-publish","4":"has-post-thumbnail","6":"product_brand-elfa_ua","7":"product_cat-vannas-putas-sali-bumbas","9":"first","10":"instock","11":"taxable","12":"shipping-taxable","13":"product-type-simple"},"_links":{"self":[{"href":"https:\/\/e.kosmolat.eu\/lv\/wp-json\/wp\/v2\/product\/60476","targetHints":{"allow":["GET"]}}],"collection":[{"href":"https:\/\/e.kosmolat.eu\/lv\/wp-json\/wp\/v2\/product"}],"about":[{"href":"https:\/\/e.kosmolat.eu\/lv\/wp-json\/wp\/v2\/types\/product"}],"wp:featuredmedia":[{"embeddable":true,"href":"https:\/\/e.kosmolat.eu\/lv\/wp-json\/wp\/v2\/media\/100032"}],"wp:attachment":[{"href":"https:\/\/e.kosmolat.eu\/lv\/wp-json\/wp\/v2\/media?parent=60476"}],"wp:term":[{"taxonomy":"product_cat","embeddable":true,"href":"https:\/\/e.kosmolat.eu\/lv\/wp-json\/wp\/v2\/product_cat?post=60476"},{"taxonomy":"product_tag","embeddable":true,"href":"https:\/\/e.kosmolat.eu\/lv\/wp-json\/wp\/v2\/product_tag?post=60476"}],"curies":[{"name":"wp","href":"https:\/\/api.w.org\/{rel}","templated":true}]}}