{"id":60468,"date":"2024-12-19T05:04:43","date_gmt":"2024-12-19T05:04:43","guid":{"rendered":"https:\/\/e.kosmolat.eu\/product\/fd-ultra-aizsardziba-mutes-dob-skalosanas-lidz-klingerite-700-ml\/"},"modified":"2026-04-22T14:08:34","modified_gmt":"2026-04-22T14:08:34","slug":"fd-ultra-kops-mutes-dob-skalosanas-lidz-klingerite-700-ml","status":"publish","type":"product","link":"https:\/\/e.kosmolat.eu\/lv\/product\/fd-ultra-kops-mutes-dob-skalosanas-lidz-klingerite-700-ml\/","title":{"rendered":"FD Ultra kop\u0161. Mutes dob. skalo\u0161anas l\u012bdz. Kli\u0146\u0123er\u012bte, 700 ml"},"content":{"rendered":"<p>Mutes dobuma skalo\u0161anas l\u012bdzeklis ar atsvaidzino\u0161u piparm\u0113tras gar\u0161u ir izstr\u0101d\u0101ts ikdienas mutes dobuma higi\u0113niskai kop\u0161anai. Tas pal\u012bdz nov\u0113rst zobu aplikuma veido\u0161anos, lieliski atsvaidzina elpu un papildina zobu t\u012br\u012b\u0161anas proced\u016bru, iedarbojoties viet\u0101s, kur gr\u016bti piek\u013c\u016bt ar zobu birsti.<\/p>\n<p>Lieto\u0161ana: Izmantot p\u0113c zobu t\u012br\u012b\u0161anas un zobu diega lieto\u0161anas. Uzpildiet v\u0101ci\u0146u ar mutes dobuma skalo\u0161anas l\u012bdzekli un izskalojiet muti 30 sekundes divas reizes dien\u0101.<\/p>\n<p>Piesardz\u012bbas pas\u0101kumi: Nenor\u012bt. Lietot tikai atbilsto\u0161i nor\u0101d\u012bjumiem. Uzglab\u0101t b\u0113rniem nepieejam\u0101 viet\u0101. Nelietot b\u0113rniem, kas jaun\u0101ki par 6 gadiem. Nepie\u013caut nok\u013c\u016b\u0161anu ac\u012bs. Ja nok\u013c\u016bst ac\u012bs, r\u016bp\u012bgi izskalojiet t\u0101s ar \u016bdeni, nepiecie\u0161am\u012bbas gad\u012bjum\u0101 konsult\u0113jieties ar \u0101rstu.<\/p>\n<p>Br\u012bdin\u0101jums: Iesp\u0113jama individu\u0101la paaugstin\u0101ta jut\u012bba pret atsevi\u0161\u0137\u0101m sast\u0101vda\u013c\u0101m. T\u0101 k\u0101 produkts satur dab\u012bgas sast\u0101vda\u013cas, var veidoties vieglas nogulsnes, kas neietekm\u0113 produkta kvalit\u0101ti un dro\u0161\u012bbu.<\/p>\n<p>Uzglab\u0101t temperat\u016br\u0101 no +5 \u00b0C l\u012bdz +25\u00b0C, sarg\u0101jot no tie\u0161iem saules stariem. Uzglab\u0101t vismaz 0,5 m att\u0101lum\u0101 no apkures ier\u012bc\u0113m.<\/p>\n<p>Der\u012bguma termi\u0146\u0161: 30 m\u0113ne\u0161i no izgatavo\u0161anas datuma.<\/p>\n","protected":false},"excerpt":{"rendered":"<p>Mutes dobuma skalo\u0161anas l\u012bdzeklis ar atsvaidzino\u0161u piparm\u0113tras gar\u0161u ir izstr\u0101d\u0101ts ikdienas mutes dobuma higi\u0113niskai kop\u0161anai. Tas pal\u012bdz nov\u0113rst zobu aplikuma veido\u0161anos, lieliski atsvaidzina elpu un papildina zobu t\u012br\u012b\u0161anas proced\u016bru, iedarbojoties viet\u0101s, kur gr\u016bti piek\u013c\u016bt ar zobu birsti. Lieto\u0161ana: Izmantot p\u0113c zobu t\u012br\u012b\u0161anas un zobu diega lieto\u0161anas. Uzpildiet v\u0101ci\u0146u ar mutes dobuma skalo\u0161anas l\u012bdzekli un izskalojiet [&#8230;]\n","protected":false},"featured_media":99485,"template":"","meta":[],"product_cat":[1999],"product_tag":[],"class_list":{"0":"post-60468","1":"product","2":"type-product","3":"status-publish","4":"has-post-thumbnail","6":"product_brand-aljans-krasoti_ua","7":"product_cat-bez-kategorijas","9":"first","10":"instock","11":"taxable","12":"shipping-taxable","13":"product-type-simple"},"_links":{"self":[{"href":"https:\/\/e.kosmolat.eu\/lv\/wp-json\/wp\/v2\/product\/60468","targetHints":{"allow":["GET"]}}],"collection":[{"href":"https:\/\/e.kosmolat.eu\/lv\/wp-json\/wp\/v2\/product"}],"about":[{"href":"https:\/\/e.kosmolat.eu\/lv\/wp-json\/wp\/v2\/types\/product"}],"wp:featuredmedia":[{"embeddable":true,"href":"https:\/\/e.kosmolat.eu\/lv\/wp-json\/wp\/v2\/media\/99485"}],"wp:attachment":[{"href":"https:\/\/e.kosmolat.eu\/lv\/wp-json\/wp\/v2\/media?parent=60468"}],"wp:term":[{"taxonomy":"product_cat","embeddable":true,"href":"https:\/\/e.kosmolat.eu\/lv\/wp-json\/wp\/v2\/product_cat?post=60468"},{"taxonomy":"product_tag","embeddable":true,"href":"https:\/\/e.kosmolat.eu\/lv\/wp-json\/wp\/v2\/product_tag?post=60468"}],"curies":[{"name":"wp","href":"https:\/\/api.w.org\/{rel}","templated":true}]}}