{"id":60420,"date":"2024-12-19T05:02:50","date_gmt":"2024-12-19T05:02:50","guid":{"rendered":"https:\/\/e.kosmolat.eu\/product\/fd-sweet-banana-bernu-mutes-dobuma-skalosanas-lidz-6-360-ml\/"},"modified":"2026-04-23T12:20:08","modified_gmt":"2026-04-23T12:20:08","slug":"fd-sweet-banana-bernu-mutes-dobuma-skalosanas-lidz-6-360-ml","status":"publish","type":"product","link":"https:\/\/e.kosmolat.eu\/lv\/product\/fd-sweet-banana-bernu-mutes-dobuma-skalosanas-lidz-6-360-ml\/","title":{"rendered":"FD Sweet Banana B\u0113rnu mutes dobuma skalo\u0161anas l\u012bdz. 6+, 360 ml"},"content":{"rendered":"<p>B\u0113rnu mutes dobuma skalo\u0161anas l\u012bdzeklis ar pat\u012bkamu ban\u0101nu gar\u0161u un arom\u0101tu. Efekt\u012bvi no\u0146em zobu aplikumu, pat gr\u016bti pieejam\u0101s viet\u0101s, aizsarg\u0101 zobus no kariesa, nodro\u0161inot maksim\u0101lu mutes dobuma t\u012br\u012bbu un elpas svaigumu. Piem\u0113rots b\u0113rniem no 6 gadu vecuma.<\/p>\n<p>Lieto\u0161ana: Uzpildiet v\u0101ci\u0146u ar mutes skalot\u0101ju un izskalojiet muti 30 sekundes divas reizes dien\u0101. Nelietot p\u0101rtiku un dz\u0113rienus 30 min\u016btes p\u0113c skalo\u0161anas.<\/p>\n<p>Piesardz\u012bbas pas\u0101kumi: Nenor\u012bt. Lietot tikai atbilsto\u0161i nor\u0101d\u012bjumiem. Uzglab\u0101t b\u0113rniem nepieejam\u0101 viet\u0101. Ja nok\u013c\u016bst ac\u012bs, r\u016bp\u012bgi izskalojiet t\u0101s ar \u016bdeni, nepiecie\u0161am\u012bbas gad\u012bjum\u0101 konsult\u0113jieties ar \u0101rstu.<\/p>\n<p>Br\u012bdin\u0101jums: Iesp\u0113jama individu\u0101la paaugstin\u0101ta jut\u012bba pret sast\u0101vda\u013c\u0101m.<\/p>\n<p>Uzglab\u0101t temperat\u016br\u0101 no +5 \u00b0C l\u012bdz +25\u00b0C, sarg\u0101jot no tie\u0161iem saules stariem. Uzglab\u0101t vismaz 0,5 m att\u0101lum\u0101 no apkures ier\u012bc\u0113m.<\/p>\n<p>Der\u012bguma termi\u0146\u0161: 24 m\u0113ne\u0161i no izgatavo\u0161anas datuma.<\/p>\n","protected":false},"excerpt":{"rendered":"<p>B\u0113rnu mutes dobuma skalo\u0161anas l\u012bdzeklis ar pat\u012bkamu ban\u0101nu gar\u0161u un arom\u0101tu. Efekt\u012bvi no\u0146em zobu aplikumu, pat gr\u016bti pieejam\u0101s viet\u0101s, aizsarg\u0101 zobus no kariesa, nodro\u0161inot maksim\u0101lu mutes dobuma t\u012br\u012bbu un elpas svaigumu. Piem\u0113rots b\u0113rniem no 6 gadu vecuma. Lieto\u0161ana: Uzpildiet v\u0101ci\u0146u ar mutes skalot\u0101ju un izskalojiet muti 30 sekundes divas reizes dien\u0101. Nelietot p\u0101rtiku un dz\u0113rienus [&#8230;]\n","protected":false},"featured_media":99800,"template":"","meta":[],"product_cat":[1311],"product_tag":[],"class_list":{"0":"post-60420","1":"product","2":"type-product","3":"status-publish","4":"has-post-thumbnail","6":"product_brand-aljans-krasoti_ua","7":"product_cat-mutes-skalotaji","9":"first","10":"instock","11":"taxable","12":"shipping-taxable","13":"product-type-simple"},"_links":{"self":[{"href":"https:\/\/e.kosmolat.eu\/lv\/wp-json\/wp\/v2\/product\/60420","targetHints":{"allow":["GET"]}}],"collection":[{"href":"https:\/\/e.kosmolat.eu\/lv\/wp-json\/wp\/v2\/product"}],"about":[{"href":"https:\/\/e.kosmolat.eu\/lv\/wp-json\/wp\/v2\/types\/product"}],"wp:featuredmedia":[{"embeddable":true,"href":"https:\/\/e.kosmolat.eu\/lv\/wp-json\/wp\/v2\/media\/99800"}],"wp:attachment":[{"href":"https:\/\/e.kosmolat.eu\/lv\/wp-json\/wp\/v2\/media?parent=60420"}],"wp:term":[{"taxonomy":"product_cat","embeddable":true,"href":"https:\/\/e.kosmolat.eu\/lv\/wp-json\/wp\/v2\/product_cat?post=60420"},{"taxonomy":"product_tag","embeddable":true,"href":"https:\/\/e.kosmolat.eu\/lv\/wp-json\/wp\/v2\/product_tag?post=60420"}],"curies":[{"name":"wp","href":"https:\/\/api.w.org\/{rel}","templated":true}]}}