{"id":60396,"date":"2024-12-18T05:06:24","date_gmt":"2024-12-18T05:06:24","guid":{"rendered":"https:\/\/e.kosmolat.eu\/product\/shelly-ella-nagiem-un-kutikul-ar-piparm-un-tejas-k-el-3-ml\/"},"modified":"2026-03-16T12:11:22","modified_gmt":"2026-03-16T12:11:22","slug":"shelly-ella-nagiem-un-kutikul-ar-piparm-un-tejas-k-el-3-ml","status":"publish","type":"product","link":"https:\/\/e.kosmolat.eu\/lv\/product\/shelly-ella-nagiem-un-kutikul-ar-piparm-un-tejas-k-el-3-ml\/","title":{"rendered":"Shelly E\u013c\u013ca nagiem un kutikul. ar piparm. un t\u0113jas k. e\u013c., 3 ml"},"content":{"rendered":"<p>Nagu un kutikulu e\u013c\u013cai ir viegla e\u013c\u013caina tekst\u016bra un pat\u012bkams piparm\u0113tras arom\u0101ts. T\u0101 ir paredz\u0113ta kutikulas un nagu pl\u0101ksnes mitrin\u0101\u0161anai un m\u012bkstin\u0101\u0161anai.<\/p>\n<p>Lieto\u0161ana: uzkl\u0101t uz nagu pl\u0101ksnes un kutikulas, maigi iemas\u0113t. <\/p>\n<p>Kontrindik\u0101cijas: individu\u0101la produkta sast\u0101vda\u013cu nepanesam\u012bba, iekaisumi.<\/p>\n<p>Piesardz\u012bbas pas\u0101kumi: izvair\u012bties no saskares ar ac\u012bm un g\u013cot\u0101d\u0101m. <\/p>\n<p>Der\u012bguma termi\u0146\u0161: 18 m\u0113ne\u0161i.<\/p>\n","protected":false},"excerpt":{"rendered":"<p>Nagu un kutikulu e\u013c\u013cai ir viegla e\u013c\u013caina tekst\u016bra un pat\u012bkams piparm\u0113tras arom\u0101ts. T\u0101 ir paredz\u0113ta kutikulas un nagu pl\u0101ksnes mitrin\u0101\u0161anai un m\u012bkstin\u0101\u0161anai. Lieto\u0161ana: uzkl\u0101t uz nagu pl\u0101ksnes un kutikulas, maigi iemas\u0113t. Kontrindik\u0101cijas: individu\u0101la produkta sast\u0101vda\u013cu nepanesam\u012bba, iekaisumi. Piesardz\u012bbas pas\u0101kumi: izvair\u012bties no saskares ar ac\u012bm un g\u013cot\u0101d\u0101m. Der\u012bguma termi\u0146\u0161: 18 m\u0113ne\u0161i.<\/p>\n","protected":false},"featured_media":100160,"template":"","meta":[],"product_cat":[1743],"product_tag":[],"class_list":{"0":"post-60396","1":"product","2":"type-product","3":"status-publish","4":"has-post-thumbnail","6":"product_brand-sale","7":"product_cat-nagu-kopsana-roku-kopsana","9":"first","10":"outofstock","11":"taxable","12":"shipping-taxable","13":"product-type-simple"},"_links":{"self":[{"href":"https:\/\/e.kosmolat.eu\/lv\/wp-json\/wp\/v2\/product\/60396","targetHints":{"allow":["GET"]}}],"collection":[{"href":"https:\/\/e.kosmolat.eu\/lv\/wp-json\/wp\/v2\/product"}],"about":[{"href":"https:\/\/e.kosmolat.eu\/lv\/wp-json\/wp\/v2\/types\/product"}],"wp:featuredmedia":[{"embeddable":true,"href":"https:\/\/e.kosmolat.eu\/lv\/wp-json\/wp\/v2\/media\/100160"}],"wp:attachment":[{"href":"https:\/\/e.kosmolat.eu\/lv\/wp-json\/wp\/v2\/media?parent=60396"}],"wp:term":[{"taxonomy":"product_cat","embeddable":true,"href":"https:\/\/e.kosmolat.eu\/lv\/wp-json\/wp\/v2\/product_cat?post=60396"},{"taxonomy":"product_tag","embeddable":true,"href":"https:\/\/e.kosmolat.eu\/lv\/wp-json\/wp\/v2\/product_tag?post=60396"}],"curies":[{"name":"wp","href":"https:\/\/api.w.org\/{rel}","templated":true}]}}