{"id":60388,"date":"2024-12-18T05:06:01","date_gmt":"2024-12-18T05:06:01","guid":{"rendered":"https:\/\/e.kosmolat.eu\/product\/shelly-ella-nagiem-un-kutikul-ar-greipfr-ellu-un-a-vitam-30-ml\/"},"modified":"2026-04-23T12:41:10","modified_gmt":"2026-04-23T12:41:10","slug":"shelly-ella-nagiem-un-kutikul-ar-greipfr-ellu-un-a-vitam-30-ml","status":"publish","type":"product","link":"https:\/\/e.kosmolat.eu\/lv\/product\/shelly-ella-nagiem-un-kutikul-ar-greipfr-ellu-un-a-vitam-30-ml\/","title":{"rendered":"Shelly E\u013c\u013ca nagiem un kutikul. ar greipfr. e\u013clu un A vitam., 30 ml"},"content":{"rendered":"<p>Nagu un kutikulu e\u013c\u013cai ir viegla e\u013c\u013caina tekst\u016bra un pat\u012bkams citrusu arom\u0101ts. T\u0101 ir paredz\u0113ta kutikulas un nagu pl\u0101ksnes mitrin\u0101\u0161anai un m\u012bkstin\u0101\u0161anai.<\/p>\n<p>Lieto\u0161ana: uzkl\u0101t uz nagu pl\u0101ksnes un kutikulas, maigi iemas\u0113t. Satur A vitam\u012bnu. L\u016bgums pirms lieto\u0161anas p\u0101rdom\u0101t savu dienas devu.<\/p>\n<p>Piesardz\u012bbas pas\u0101kumi: izvair\u012bties no saskares ar ac\u012bm un g\u013cot\u0101d\u0101m. Tikai \u0101r\u012bgai lieto\u0161anai.<\/p>\n<p>Der\u012bguma termi\u0146\u0161: 18 m\u0113ne\u0161i.<\/p>\n","protected":false},"excerpt":{"rendered":"<p>Nagu un kutikulu e\u013c\u013cai ir viegla e\u013c\u013caina tekst\u016bra un pat\u012bkams citrusu arom\u0101ts. T\u0101 ir paredz\u0113ta kutikulas un nagu pl\u0101ksnes mitrin\u0101\u0161anai un m\u012bkstin\u0101\u0161anai. Lieto\u0161ana: uzkl\u0101t uz nagu pl\u0101ksnes un kutikulas, maigi iemas\u0113t. Satur A vitam\u012bnu. L\u016bgums pirms lieto\u0161anas p\u0101rdom\u0101t savu dienas devu. Piesardz\u012bbas pas\u0101kumi: izvair\u012bties no saskares ar ac\u012bm un g\u013cot\u0101d\u0101m. Tikai \u0101r\u012bgai lieto\u0161anai. Der\u012bguma termi\u0146\u0161: [&#8230;]\n","protected":false},"featured_media":102890,"template":"","meta":[],"product_cat":[1745],"product_tag":[],"class_list":{"0":"post-60388","1":"product","2":"type-product","3":"status-publish","4":"has-post-thumbnail","6":"product_brand-procare_ua","7":"product_cat-nagu-prieziura-ranku-prieziura","9":"first","10":"instock","11":"taxable","12":"shipping-taxable","13":"product-type-simple"},"_links":{"self":[{"href":"https:\/\/e.kosmolat.eu\/lv\/wp-json\/wp\/v2\/product\/60388","targetHints":{"allow":["GET"]}}],"collection":[{"href":"https:\/\/e.kosmolat.eu\/lv\/wp-json\/wp\/v2\/product"}],"about":[{"href":"https:\/\/e.kosmolat.eu\/lv\/wp-json\/wp\/v2\/types\/product"}],"wp:featuredmedia":[{"embeddable":true,"href":"https:\/\/e.kosmolat.eu\/lv\/wp-json\/wp\/v2\/media\/102890"}],"wp:attachment":[{"href":"https:\/\/e.kosmolat.eu\/lv\/wp-json\/wp\/v2\/media?parent=60388"}],"wp:term":[{"taxonomy":"product_cat","embeddable":true,"href":"https:\/\/e.kosmolat.eu\/lv\/wp-json\/wp\/v2\/product_cat?post=60388"},{"taxonomy":"product_tag","embeddable":true,"href":"https:\/\/e.kosmolat.eu\/lv\/wp-json\/wp\/v2\/product_tag?post=60388"}],"curies":[{"name":"wp","href":"https:\/\/api.w.org\/{rel}","templated":true}]}}