{"id":60372,"date":"2024-12-18T05:05:19","date_gmt":"2024-12-18T05:05:19","guid":{"rendered":"https:\/\/e.kosmolat.eu\/product\/pro-arginine-prof-ekspress-matu-maska-augs-stiprinas-1-1-l\/"},"modified":"2026-04-23T11:34:10","modified_gmt":"2026-04-23T11:34:10","slug":"pro-arginine-prof-ekspress-matu-maska-augs-stiprinas-1-1-l","status":"publish","type":"product","link":"https:\/\/e.kosmolat.eu\/lv\/product\/pro-arginine-prof-ekspress-matu-maska-augs-stiprinas-1-1-l\/","title":{"rendered":"Pro Arginine Prof. ekspress matu maska Aug\u0161. + stiprin\u0101\u0161., 1.1 l"},"content":{"rendered":"<p>\u2022 Stimul\u0113 matu aug\u0161anu<br \/>\n\u2022 Baro\u0161ana<br \/>\n\u2022 Matu stiprums<br \/>\n\u2022 Paklaus\u012bba<\/p>\n<p>Unik\u0101l\u0101 \u0101tr\u0101 maska ir paredz\u0113ta profesion\u0101lai kop\u0161anai pl\u0101niem un nov\u0101jin\u0101tiem matiem ar tendenci uz izkri\u0161anu. Maskas \u012bpa\u0161\u0101 formula, kas nesatur silikonus, kondicion\u0113 matus un atvieglo to \u0137emm\u0113\u0161anu. Argin\u012bns pal\u012bdz barot matu folikulus, kukur\u016bzas prote\u012bns stimul\u0113 matu aug\u0161anu, bet lins\u0113klu e\u013c\u013ca atjauno sp\u0113ku un pie\u0161\u0137ir cirt\u0101m z\u012bdainumu.<\/p>\n<p>Lieto\u0161ana: Uzkl\u0101jiet masku uz t\u012briem, mitriem matiem, vienm\u0113r\u012bgi sadaliet to vis\u0101 matu garum\u0101 un atst\u0101jiet uz da\u017e\u0101m min\u016bt\u0113m, p\u0113c tam noskalojiet ar siltu \u016bdeni.<\/p>\n<p>Piesardz\u012bbas pas\u0101kumi: tikai \u0101r\u012bgai lieto\u0161anai. Ja iek\u013c\u016bst ac\u012bs, r\u016bp\u012bgi izskalojiet t\u0101s ar \u016bdeni, ja nepiecie\u0161ams, konsult\u0113jieties ar \u0101rstu.<\/p>\n<p>Br\u012bdin\u0101jums: iesp\u0113jama individu\u0101la paaugstin\u0101ta jut\u012bba pret atsevi\u0161\u0137\u0101m sast\u0101vda\u013c\u0101m. <\/p>\n<p>Der\u012bguma termi\u0146\u0161: 24 m\u0113ne\u0161i no izgatavo\u0161anas datuma.<\/p>\n<p>Uzglab\u0101t temperat\u016br\u0101 no +5 \u00b0C l\u012bdz +25\u00b0C, sarg\u0101jot no tie\u0161iem saules stariem. Uzglab\u0101t vismaz 0,5 m att\u0101lum\u0101 no apkures ier\u012bc\u0113m.<\/p>\n","protected":false},"excerpt":{"rendered":"<p>\u2022 Stimul\u0113 matu aug\u0161anu \u2022 Baro\u0161ana \u2022 Matu stiprums \u2022 Paklaus\u012bba Unik\u0101l\u0101 \u0101tr\u0101 maska ir paredz\u0113ta profesion\u0101lai kop\u0161anai pl\u0101niem un nov\u0101jin\u0101tiem matiem ar tendenci uz izkri\u0161anu. Maskas \u012bpa\u0161\u0101 formula, kas nesatur silikonus, kondicion\u0113 matus un atvieglo to \u0137emm\u0113\u0161anu. Argin\u012bns pal\u012bdz barot matu folikulus, kukur\u016bzas prote\u012bns stimul\u0113 matu aug\u0161anu, bet lins\u0113klu e\u013c\u013ca atjauno sp\u0113ku un pie\u0161\u0137ir [&#8230;]\n","protected":false},"featured_media":96464,"template":"","meta":[],"product_cat":[1254],"product_tag":[],"class_list":{"0":"post-60372","1":"product","2":"type-product","3":"status-publish","4":"has-post-thumbnail","6":"product_brand-aljans-krasoti_ua","7":"product_cat-maskas-matiem","9":"first","10":"instock","11":"taxable","12":"shipping-taxable","13":"product-type-simple"},"_links":{"self":[{"href":"https:\/\/e.kosmolat.eu\/lv\/wp-json\/wp\/v2\/product\/60372","targetHints":{"allow":["GET"]}}],"collection":[{"href":"https:\/\/e.kosmolat.eu\/lv\/wp-json\/wp\/v2\/product"}],"about":[{"href":"https:\/\/e.kosmolat.eu\/lv\/wp-json\/wp\/v2\/types\/product"}],"wp:featuredmedia":[{"embeddable":true,"href":"https:\/\/e.kosmolat.eu\/lv\/wp-json\/wp\/v2\/media\/96464"}],"wp:attachment":[{"href":"https:\/\/e.kosmolat.eu\/lv\/wp-json\/wp\/v2\/media?parent=60372"}],"wp:term":[{"taxonomy":"product_cat","embeddable":true,"href":"https:\/\/e.kosmolat.eu\/lv\/wp-json\/wp\/v2\/product_cat?post=60372"},{"taxonomy":"product_tag","embeddable":true,"href":"https:\/\/e.kosmolat.eu\/lv\/wp-json\/wp\/v2\/product_tag?post=60372"}],"curies":[{"name":"wp","href":"https:\/\/api.w.org\/{rel}","templated":true}]}}