{"id":60364,"date":"2024-12-18T05:04:58","date_gmt":"2024-12-18T05:04:58","guid":{"rendered":"https:\/\/e.kosmolat.eu\/product\/pro-keratin-prof-ekspress-matu-maska-atjaun-mitrinasana-1-1-l\/"},"modified":"2026-04-23T11:33:53","modified_gmt":"2026-04-23T11:33:53","slug":"pro-keratin-prof-ekspress-matu-maska-atjaun-mitrinasana-1-1-l","status":"publish","type":"product","link":"https:\/\/e.kosmolat.eu\/lv\/product\/pro-keratin-prof-ekspress-matu-maska-atjaun-mitrinasana-1-1-l\/","title":{"rendered":"Pro Keratin Prof. ekspress matu maska Atjaun. + mitrin\u0101\u0161ana, 1.1 l"},"content":{"rendered":"<p>\u2022 Intens\u012bvi mitrina<br \/>\n\u2022 Bag\u0101tina matus ar kerat\u012bnu<br \/>\n\u2022 Atvieglo \u0137emm\u0113\u0161anu<\/p>\n<p>Profesion\u0101l\u0101 maska ar intens\u012bvu iedarb\u012bbu r\u016bp\u0113jas par sausiem, trausliem un boj\u0101tiem matiem. T\u0101s barojo\u0161\u0101 formula atvieglo \u0137emm\u0113\u0161anu, padarot matus ide\u0101li m\u012bkstus, z\u012bdainus un paklaus\u012bgus. Kerat\u012bns atjauno matu gludumu, aizpildot boj\u0101t\u0101s vietas; avokado e\u013c\u013ca intens\u012bvi baro matus. Kvie\u0161u prote\u012bni mitrina matus.<\/p>\n<p>Lieto\u0161ana: Uzkl\u0101jiet masku uz t\u012briem, mitriem matiem, vienm\u0113r\u012bgi sadaliet to vis\u0101 matu garum\u0101 un atst\u0101jiet uz da\u017e\u0101m min\u016bt\u0113m, p\u0113c tam noskalojiet ar siltu \u016bdeni.<\/p>\n<p>Piesardz\u012bbas pas\u0101kumi: tikai \u0101r\u012bgai lieto\u0161anai. Ja iek\u013c\u016bst ac\u012bs, r\u016bp\u012bgi izskalojiet t\u0101s ar \u016bdeni, ja nepiecie\u0161ams, konsult\u0113jieties ar \u0101rstu.<\/p>\n<p>Br\u012bdin\u0101jums: iesp\u0113jama individu\u0101la paaugstin\u0101ta jut\u012bba pret atsevi\u0161\u0137\u0101m sast\u0101vda\u013c\u0101m. <\/p>\n<p>Der\u012bguma termi\u0146\u0161: 24 m\u0113ne\u0161i no izgatavo\u0161anas datuma.<\/p>\n<p>Uzglab\u0101t temperat\u016br\u0101 no +5 \u00b0C l\u012bdz +25\u00b0C, sarg\u0101jot no tie\u0161iem saules stariem. Uzglab\u0101t vismaz 0,5 m att\u0101lum\u0101 no apkures ier\u012bc\u0113m.<\/p>\n","protected":false},"excerpt":{"rendered":"<p>\u2022 Intens\u012bvi mitrina \u2022 Bag\u0101tina matus ar kerat\u012bnu \u2022 Atvieglo \u0137emm\u0113\u0161anu Profesion\u0101l\u0101 maska ar intens\u012bvu iedarb\u012bbu r\u016bp\u0113jas par sausiem, trausliem un boj\u0101tiem matiem. T\u0101s barojo\u0161\u0101 formula atvieglo \u0137emm\u0113\u0161anu, padarot matus ide\u0101li m\u012bkstus, z\u012bdainus un paklaus\u012bgus. Kerat\u012bns atjauno matu gludumu, aizpildot boj\u0101t\u0101s vietas; avokado e\u013c\u013ca intens\u012bvi baro matus. Kvie\u0161u prote\u012bni mitrina matus. Lieto\u0161ana: Uzkl\u0101jiet masku uz [&#8230;]\n","protected":false},"featured_media":97177,"template":"","meta":[],"product_cat":[1254],"product_tag":[],"class_list":{"0":"post-60364","1":"product","2":"type-product","3":"status-publish","4":"has-post-thumbnail","6":"product_brand-aljans-krasoti_ua","7":"product_cat-maskas-matiem","9":"first","10":"instock","11":"taxable","12":"shipping-taxable","13":"product-type-simple"},"_links":{"self":[{"href":"https:\/\/e.kosmolat.eu\/lv\/wp-json\/wp\/v2\/product\/60364","targetHints":{"allow":["GET"]}}],"collection":[{"href":"https:\/\/e.kosmolat.eu\/lv\/wp-json\/wp\/v2\/product"}],"about":[{"href":"https:\/\/e.kosmolat.eu\/lv\/wp-json\/wp\/v2\/types\/product"}],"wp:featuredmedia":[{"embeddable":true,"href":"https:\/\/e.kosmolat.eu\/lv\/wp-json\/wp\/v2\/media\/97177"}],"wp:attachment":[{"href":"https:\/\/e.kosmolat.eu\/lv\/wp-json\/wp\/v2\/media?parent=60364"}],"wp:term":[{"taxonomy":"product_cat","embeddable":true,"href":"https:\/\/e.kosmolat.eu\/lv\/wp-json\/wp\/v2\/product_cat?post=60364"},{"taxonomy":"product_tag","embeddable":true,"href":"https:\/\/e.kosmolat.eu\/lv\/wp-json\/wp\/v2\/product_tag?post=60364"}],"curies":[{"name":"wp","href":"https:\/\/api.w.org\/{rel}","templated":true}]}}