{"id":60356,"date":"2024-12-18T05:04:38","date_gmt":"2024-12-18T05:04:38","guid":{"rendered":"https:\/\/e.kosmolat.eu\/product\/pro-keratin-matu-kr-sprejs-15-in-1-keratina-atjaun-visiem-matu-tipiem-200-ml\/"},"modified":"2026-04-22T09:48:13","modified_gmt":"2026-04-22T09:48:13","slug":"pro-keratin-matu-kr-sprejs-15-in-1-keratina-atjaun-visiem-matu-tipiem-200-ml","status":"publish","type":"product","link":"https:\/\/e.kosmolat.eu\/lv\/product\/pro-keratin-matu-kr-sprejs-15-in-1-keratina-atjaun-visiem-matu-tipiem-200-ml\/","title":{"rendered":"Pro Keratin Matu kr.-sprejs 15 in 1 Kerat\u012bna atjaun. Visiem matu tipiem, 200 ml"},"content":{"rendered":"<p>\u2022 Kerat\u012bna baro\u0161ana<br \/>\n\u2022 Moment\u0101li mitrina matus<br \/>\n\u2022 Atjauno<br \/>\n\u2022 Pie\u0161\u0137ir matiem iztur\u012bbu<br \/>\n\u2022 Pie\u0161\u0137ir z\u012bdain\u012bbu<br \/>\n\u2022 Palielina sp\u012bdumu<br \/>\n\u2022 Izl\u012bdzina vis\u0101 garum\u0101<br \/>\n\u2022 Aizsarg\u0101 no negat\u012bviem faktoriem<br \/>\n\u2022 Nov\u0113r\u0161 matu galu \u0161\u0137el\u0161anos<br \/>\n\u2022 M\u012bkstina cietos matus<br \/>\n\u2022 Atbalsta matu elast\u012bbu<br \/>\n\u2022 Nov\u0113r\u0161 matu boj\u0101jumus<br \/>\n\u2022 Atvieglo matu veido\u0161anu<br \/>\n\u2022 Termoaizsardz\u012bba<br \/>\n\u2022 Nenoslogo<\/p>\n<p>Atjaunojo\u0161s kr\u0113ms-sprejs 15 in 1 PRO KERATIN \u2013 efekt\u012bvs barojo\u0161s serums, kas pal\u012bdz risin\u0101t jebkuras  matu probl\u0113mas. Pies\u0101tina matus ar kerat\u012bnu, veicina boj\u0101tas strukt\u016bras atjauno\u0161anu, lieliski izl\u012bdzina matus vis\u0101 garum\u0101, nenoslogojot tos. Sprejs atvieglo \u0137emm\u0113\u0161anu un matu veido\u0161anu, nenoslogojot tos. Nav taukains.<\/p>\n<p>Lieto\u0161ana: uzkl\u0101jiet uz mitriem, t\u012briem matiem, izsmidzinot produktu no aptuveni 20 cm att\u0101luma, izvairoties no matu sakn\u0113m. Iz\u0137emm\u0113jiet matus ar \u0137emmi, lai vienm\u0113r\u012bgi sadal\u012btu l\u012bdzekli vis\u0101 matu garum\u0101. Neizskalojiet. Ieveidojiet matus ierastaj\u0101 veid\u0101.<\/p>\n<p>Piesardz\u012bbas pas\u0101kumi: tikai \u0101r\u012bgai lieto\u0161anai. Ja iek\u013c\u016bst ac\u012bs, r\u016bp\u012bgi izskalojiet t\u0101s ar \u016bdeni, ja nepiecie\u0161ams, konsult\u0113jieties ar \u0101rstu.<\/p>\n<p>Br\u012bdin\u0101jums: iesp\u0113jama individu\u0101la paaugstin\u0101ta jut\u012bba pret atsevi\u0161\u0137\u0101m sast\u0101vda\u013c\u0101m. <\/p>\n<p>Der\u012bguma termi\u0146\u0161: 24 m\u0113ne\u0161i no izgatavo\u0161anas datuma.<\/p>\n<p>Uzglab\u0101t temperat\u016br\u0101 no +5 \u00b0C l\u012bdz +25\u00b0C, sarg\u0101jot no tie\u0161iem saules stariem. Uzglab\u0101t vismaz 0,5 m att\u0101lum\u0101 no apkures ier\u012bc\u0113m.<\/p>\n","protected":false},"excerpt":{"rendered":"<p>\u2022 Kerat\u012bna baro\u0161ana \u2022 Moment\u0101li mitrina matus \u2022 Atjauno \u2022 Pie\u0161\u0137ir matiem iztur\u012bbu \u2022 Pie\u0161\u0137ir z\u012bdain\u012bbu \u2022 Palielina sp\u012bdumu \u2022 Izl\u012bdzina vis\u0101 garum\u0101 \u2022 Aizsarg\u0101 no negat\u012bviem faktoriem \u2022 Nov\u0113r\u0161 matu galu \u0161\u0137el\u0161anos \u2022 M\u012bkstina cietos matus \u2022 Atbalsta matu elast\u012bbu \u2022 Nov\u0113r\u0161 matu boj\u0101jumus \u2022 Atvieglo matu veido\u0161anu \u2022 Termoaizsardz\u012bba \u2022 Nenoslogo Atjaunojo\u0161s kr\u0113ms-sprejs [&#8230;]\n","protected":false},"featured_media":99670,"template":"","meta":[],"product_cat":[1999],"product_tag":[],"class_list":{"0":"post-60356","1":"product","2":"type-product","3":"status-publish","4":"has-post-thumbnail","6":"product_brand-aljans-krasoti_ua","7":"product_cat-bez-kategorijas","9":"first","10":"instock","11":"taxable","12":"shipping-taxable","13":"product-type-simple"},"_links":{"self":[{"href":"https:\/\/e.kosmolat.eu\/lv\/wp-json\/wp\/v2\/product\/60356","targetHints":{"allow":["GET"]}}],"collection":[{"href":"https:\/\/e.kosmolat.eu\/lv\/wp-json\/wp\/v2\/product"}],"about":[{"href":"https:\/\/e.kosmolat.eu\/lv\/wp-json\/wp\/v2\/types\/product"}],"wp:featuredmedia":[{"embeddable":true,"href":"https:\/\/e.kosmolat.eu\/lv\/wp-json\/wp\/v2\/media\/99670"}],"wp:attachment":[{"href":"https:\/\/e.kosmolat.eu\/lv\/wp-json\/wp\/v2\/media?parent=60356"}],"wp:term":[{"taxonomy":"product_cat","embeddable":true,"href":"https:\/\/e.kosmolat.eu\/lv\/wp-json\/wp\/v2\/product_cat?post=60356"},{"taxonomy":"product_tag","embeddable":true,"href":"https:\/\/e.kosmolat.eu\/lv\/wp-json\/wp\/v2\/product_tag?post=60356"}],"curies":[{"name":"wp","href":"https:\/\/api.w.org\/{rel}","templated":true}]}}