{"id":60348,"date":"2024-12-18T05:04:17","date_gmt":"2024-12-18T05:04:17","guid":{"rendered":"https:\/\/e.kosmolat.eu\/product\/gp-alveja-un-avokado-roku-kops-kompl-roku-krems-100-ml-skidr-ziepes-460-ml\/"},"modified":"2026-04-07T10:19:45","modified_gmt":"2026-04-07T10:19:45","slug":"gp-alveja-un-avokado-roku-kops-kompl-roku-krems-100-ml-skidr-ziepes-460-ml","status":"publish","type":"product","link":"https:\/\/e.kosmolat.eu\/lv\/product\/gp-alveja-un-avokado-roku-kops-kompl-roku-krems-100-ml-skidr-ziepes-460-ml\/","title":{"rendered":"GP Alveja un avokado roku kop\u0161. kompl. (roku kr\u0113ms, 100 ml + \u0161\u0137idr. ziepes, 460 ml)"},"content":{"rendered":"<p>Komplekt\u0101 ietilpst:<br \/>\n1. Green Pharmacy roku un nagu kr\u0113ms alveja un avokado e\u013c\u013ca \u2013 1 gab, 100 ml<br \/>\n\u2022 Mitrin\u0101\u0161ana un m\u012bkstin\u0101\u0161ana<br \/>\n\u2022 Dermatolo\u0123iski test\u0113ts<br \/>\n\u2022 Veg\u0101nisks produkts<br \/>\n\u2022 E\u013c\u013cas kop\u0161ana.<\/p>\n<p>Lieto\u0161ana: ar viegl\u0101m mas\u0113jo\u0161\u0101m kust\u012bb\u0101m uzkl\u0101t uz rok\u0101m un nagiem.<\/p>\n<p>2. Green Pharmacy \u0161\u0137idr\u0101s ziepes alveja un avokado \u2013 1 gab, 460 ml<br \/>\n\u2022 Maiga att\u012br\u012b\u0161ana<br \/>\n\u2022 Dermatolo\u0123iski test\u0113ts<br \/>\n\u2022 Veg\u0101nisks produkts<br \/>\n\u2022 97% dab\u012bgas izcelsmes sast\u0101vda\u013cas.<\/p>\n<p>Lieto\u0161ana: uzkl\u0101t uz mitras \u0101das, saputot un noskalot ar \u016bdeni.<\/p>\n<p>Uzglab\u0101t temperat\u016br\u0101 no +5 \u00b0\u0421 l\u012bdz +25 \u00b0\u0421.<\/p>\n<p>Der\u012bguma termi\u0146\u0161: 30 m\u0113ne\u0161i no izgatavo\u0161anas datuma.<\/p>\n","protected":false},"excerpt":{"rendered":"<p>Komplekt\u0101 ietilpst: 1. Green Pharmacy roku un nagu kr\u0113ms alveja un avokado e\u013c\u013ca \u2013 1 gab, 100 ml \u2022 Mitrin\u0101\u0161ana un m\u012bkstin\u0101\u0161ana \u2022 Dermatolo\u0123iski test\u0113ts \u2022 Veg\u0101nisks produkts \u2022 E\u013c\u013cas kop\u0161ana. Lieto\u0161ana: ar viegl\u0101m mas\u0113jo\u0161\u0101m kust\u012bb\u0101m uzkl\u0101t uz rok\u0101m un nagiem. 2. Green Pharmacy \u0161\u0137idr\u0101s ziepes alveja un avokado \u2013 1 gab, 460 ml \u2022 [&#8230;]\n","protected":false},"featured_media":101238,"template":"","meta":[],"product_cat":[1853],"product_tag":[],"class_list":{"0":"post-60348","1":"product","2":"type-product","3":"status-publish","4":"has-post-thumbnail","6":"product_brand-elfa_ua","7":"product_cat-davanu-komplekti-sievietem","9":"first","10":"outofstock","11":"taxable","12":"shipping-taxable","13":"product-type-simple"},"_links":{"self":[{"href":"https:\/\/e.kosmolat.eu\/lv\/wp-json\/wp\/v2\/product\/60348","targetHints":{"allow":["GET"]}}],"collection":[{"href":"https:\/\/e.kosmolat.eu\/lv\/wp-json\/wp\/v2\/product"}],"about":[{"href":"https:\/\/e.kosmolat.eu\/lv\/wp-json\/wp\/v2\/types\/product"}],"wp:featuredmedia":[{"embeddable":true,"href":"https:\/\/e.kosmolat.eu\/lv\/wp-json\/wp\/v2\/media\/101238"}],"wp:attachment":[{"href":"https:\/\/e.kosmolat.eu\/lv\/wp-json\/wp\/v2\/media?parent=60348"}],"wp:term":[{"taxonomy":"product_cat","embeddable":true,"href":"https:\/\/e.kosmolat.eu\/lv\/wp-json\/wp\/v2\/product_cat?post=60348"},{"taxonomy":"product_tag","embeddable":true,"href":"https:\/\/e.kosmolat.eu\/lv\/wp-json\/wp\/v2\/product_tag?post=60348"}],"curies":[{"name":"wp","href":"https:\/\/api.w.org\/{rel}","templated":true}]}}