{"id":60324,"date":"2024-12-18T05:03:18","date_gmt":"2024-12-18T05:03:18","guid":{"rendered":"https:\/\/e.kosmolat.eu\/product\/shellly-holografiska-sausa-kutikulu-ella-30-ml\/"},"modified":"2026-03-16T12:11:02","modified_gmt":"2026-03-16T12:11:02","slug":"shellly-holografiska-sausa-kutikulu-ella-30-ml","status":"publish","type":"product","link":"https:\/\/e.kosmolat.eu\/lv\/product\/shellly-holografiska-sausa-kutikulu-ella-30-ml\/","title":{"rendered":"Shellly Hologr\u0101fisk\u0101 sausa kutikulu e\u013cla, 30 ml"},"content":{"rendered":"<p>Sausai kutikulu e\u013c\u013cai ir viegla tekst\u016bra, t\u0101 \u0101tri ies\u016bcas \u0101d\u0101 un neatst\u0101j taukainu pl\u0113vi. Akt\u012bv\u0101s sast\u0101vda\u013cas nodro\u0161ina intens\u012bvu mitrin\u0101\u0161anu, baro\u0161anu un kutikulas m\u012bkstin\u0101\u0161anu. E\u013c\u013ca satur mirdzo\u0161as da\u013ci\u0146as, kas rada Photoshop efektu. Tai ir viegls \u0137ir\u0161u arom\u0101ts.<\/p>\n<p>Lieto\u0161ana: pirms lieto\u0161anas sakrat\u012bt pudeli. Uzkl\u0101t da\u017eus pilienus uz kutikulas un iemas\u0113t.<\/p>\n<p>Piesardz\u012bbas pas\u0101kumi: izvair\u012bties no saskares ar ac\u012bm un g\u013cot\u0101d\u0101m. Lietot atbilsto\u0161i nor\u0101d\u012bjumiem.<\/p>\n<p>Kontrindik\u0101cijas: individu\u0101la produkta sast\u0101vda\u013cu nepanesam\u012bba, iekaisumi.<\/p>\n<p>Der\u012bguma termi\u0146\u0161: 24 m\u0113ne\u0161i.<\/p>\n","protected":false},"excerpt":{"rendered":"<p>Sausai kutikulu e\u013c\u013cai ir viegla tekst\u016bra, t\u0101 \u0101tri ies\u016bcas \u0101d\u0101 un neatst\u0101j taukainu pl\u0113vi. Akt\u012bv\u0101s sast\u0101vda\u013cas nodro\u0161ina intens\u012bvu mitrin\u0101\u0161anu, baro\u0161anu un kutikulas m\u012bkstin\u0101\u0161anu. E\u013c\u013ca satur mirdzo\u0161as da\u013ci\u0146as, kas rada Photoshop efektu. Tai ir viegls \u0137ir\u0161u arom\u0101ts. Lieto\u0161ana: pirms lieto\u0161anas sakrat\u012bt pudeli. Uzkl\u0101t da\u017eus pilienus uz kutikulas un iemas\u0113t. Piesardz\u012bbas pas\u0101kumi: izvair\u012bties no saskares ar ac\u012bm [&#8230;]\n","protected":false},"featured_media":102555,"template":"","meta":[],"product_cat":[1745],"product_tag":[],"class_list":{"0":"post-60324","1":"product","2":"type-product","3":"status-publish","4":"has-post-thumbnail","6":"product_brand-procare_ua","7":"product_cat-nagu-prieziura-ranku-prieziura","9":"first","10":"instock","11":"taxable","12":"shipping-taxable","13":"product-type-simple"},"_links":{"self":[{"href":"https:\/\/e.kosmolat.eu\/lv\/wp-json\/wp\/v2\/product\/60324","targetHints":{"allow":["GET"]}}],"collection":[{"href":"https:\/\/e.kosmolat.eu\/lv\/wp-json\/wp\/v2\/product"}],"about":[{"href":"https:\/\/e.kosmolat.eu\/lv\/wp-json\/wp\/v2\/types\/product"}],"wp:featuredmedia":[{"embeddable":true,"href":"https:\/\/e.kosmolat.eu\/lv\/wp-json\/wp\/v2\/media\/102555"}],"wp:attachment":[{"href":"https:\/\/e.kosmolat.eu\/lv\/wp-json\/wp\/v2\/media?parent=60324"}],"wp:term":[{"taxonomy":"product_cat","embeddable":true,"href":"https:\/\/e.kosmolat.eu\/lv\/wp-json\/wp\/v2\/product_cat?post=60324"},{"taxonomy":"product_tag","embeddable":true,"href":"https:\/\/e.kosmolat.eu\/lv\/wp-json\/wp\/v2\/product_tag?post=60324"}],"curies":[{"name":"wp","href":"https:\/\/api.w.org\/{rel}","templated":true}]}}