{"id":60316,"date":"2024-12-18T05:02:58","date_gmt":"2024-12-18T05:02:58","guid":{"rendered":"https:\/\/e.kosmolat.eu\/product\/shelly-mikstinoss-lidz-ieaugusiem-nagiem-30-ml\/"},"modified":"2026-04-14T13:48:20","modified_gmt":"2026-04-14T13:48:20","slug":"shellly-ella-bojatu-nagu-plaksnu-kops-ar-farnezolu-un-tejas-koku-30-ml","status":"publish","type":"product","link":"https:\/\/e.kosmolat.eu\/lv\/product\/shellly-ella-bojatu-nagu-plaksnu-kops-ar-farnezolu-un-tejas-koku-30-ml\/","title":{"rendered":"Shellly E\u013cla boj\u0101tu nagu pl\u0101k\u0161\u0146u kop\u0161. ar farnezolu un t\u0113jas koku, 30 ml"},"content":{"rendered":"<p>E\u013c\u013ca tiek izmantota boj\u0101tas nagu pl\u0101ksnes atjauno\u0161anai, piem\u0113ram, onihol\u012bzes gad\u012bjum\u0101. Dab\u012bg\u0101s sast\u0101vda\u013cas stiprina nagus un padara tos vesel\u012bgus. Regul\u0101ri lietojot, l\u012bdzek\u013ca kompleks\u0101 iedarb\u012bba veicina nagu pl\u0101ksnes atjauno\u0161anos un vesel\u012bgu aug\u0161anu, \u012bpa\u0161i t\u0101s trausluma, l\u016b\u0161anas un atsl\u0101\u0146o\u0161an\u0101s gad\u012bjum\u0101.<\/p>\n<p>Lieto\u0161ana: uzkl\u0101t uz t\u012bras kutikulas, \u0101das ap nagiem un pa vienam pilienam zem katras nagu pl\u0101ksnes. Lietot l\u012bdz nagu pl\u0101ksnes piln\u012bgai ataug\u0161anai.<\/p>\n<p>Piesardz\u012bbas pas\u0101kumi: izvair\u012bties no saskares ar ac\u012bm un g\u013cot\u0101d\u0101m. Lietot atbilsto\u0161i nor\u0101d\u012bjumiem.<\/p>\n<p>Kontrindik\u0101cijas: individu\u0101la sast\u0101vda\u013cu nepanesam\u012bba. Nav hipoaler\u0123isks.<\/p>\n<p>Uzglab\u0101t temperat\u016br\u0101 no +5\u00b0C l\u012bdz +24\u00b0C un relat\u012bvaj\u0101 gaisa mitrum\u0101 55-70% aizv\u0113rt\u0101 iepakojum\u0101. Nelietot p\u0113c der\u012bguma termi\u0146a beig\u0101m.<\/p>\n<p>Der\u012bguma termi\u0146\u0161: 18 m\u0113ne\u0161i.<\/p>\n","protected":false},"excerpt":{"rendered":"<p>E\u013c\u013ca tiek izmantota boj\u0101tas nagu pl\u0101ksnes atjauno\u0161anai, piem\u0113ram, onihol\u012bzes gad\u012bjum\u0101. Dab\u012bg\u0101s sast\u0101vda\u013cas stiprina nagus un padara tos vesel\u012bgus. Regul\u0101ri lietojot, l\u012bdzek\u013ca kompleks\u0101 iedarb\u012bba veicina nagu pl\u0101ksnes atjauno\u0161anos un vesel\u012bgu aug\u0161anu, \u012bpa\u0161i t\u0101s trausluma, l\u016b\u0161anas un atsl\u0101\u0146o\u0161an\u0101s gad\u012bjum\u0101. Lieto\u0161ana: uzkl\u0101t uz t\u012bras kutikulas, \u0101das ap nagiem un pa vienam pilienam zem katras nagu pl\u0101ksnes. Lietot l\u012bdz [&#8230;]\n","protected":false},"featured_media":98377,"template":"","meta":[],"product_cat":[1999],"product_tag":[],"class_list":{"0":"post-60316","1":"product","2":"type-product","3":"status-publish","4":"has-post-thumbnail","6":"product_brand-procare_ua","7":"product_cat-bez-kategorijas","9":"first","10":"outofstock","11":"taxable","12":"shipping-taxable","13":"product-type-simple"},"_links":{"self":[{"href":"https:\/\/e.kosmolat.eu\/lv\/wp-json\/wp\/v2\/product\/60316","targetHints":{"allow":["GET"]}}],"collection":[{"href":"https:\/\/e.kosmolat.eu\/lv\/wp-json\/wp\/v2\/product"}],"about":[{"href":"https:\/\/e.kosmolat.eu\/lv\/wp-json\/wp\/v2\/types\/product"}],"wp:featuredmedia":[{"embeddable":true,"href":"https:\/\/e.kosmolat.eu\/lv\/wp-json\/wp\/v2\/media\/98377"}],"wp:attachment":[{"href":"https:\/\/e.kosmolat.eu\/lv\/wp-json\/wp\/v2\/media?parent=60316"}],"wp:term":[{"taxonomy":"product_cat","embeddable":true,"href":"https:\/\/e.kosmolat.eu\/lv\/wp-json\/wp\/v2\/product_cat?post=60316"},{"taxonomy":"product_tag","embeddable":true,"href":"https:\/\/e.kosmolat.eu\/lv\/wp-json\/wp\/v2\/product_tag?post=60316"}],"curies":[{"name":"wp","href":"https:\/\/api.w.org\/{rel}","templated":true}]}}