{"id":60300,"date":"2024-12-18T05:02:19","date_gmt":"2024-12-18T05:02:19","guid":{"rendered":"https:\/\/e.kosmolat.eu\/product\/shelly-ella-nagiem-un-kutikul-ar-meza-zem-ellu-un-e-vitam-30-ml\/"},"modified":"2026-04-23T12:39:39","modified_gmt":"2026-04-23T12:39:39","slug":"shelly-ella-nagiem-un-kutikul-ar-meza-zem-ellu-un-e-vitam-30-ml","status":"publish","type":"product","link":"https:\/\/e.kosmolat.eu\/lv\/product\/shelly-ella-nagiem-un-kutikul-ar-meza-zem-ellu-un-e-vitam-30-ml\/","title":{"rendered":"Shelly E\u013cla nagiem un kutikul. ar me\u017ea zem. e\u013clu un E vitam., 30 ml"},"content":{"rendered":"<p>Nagu un kutikulu e\u013c\u013cai ir viegla e\u013c\u013caina tekst\u016bra un pat\u012bkams ogu arom\u0101ts. <\/p>\n<p>Lieto\u0161ana: uzkl\u0101t uz nagu pl\u0101ksnes un kutikulas, maigi iemas\u0113t. <\/p>\n<p>Kontrindik\u0101cijas: individu\u0101la produkta sast\u0101vda\u013cu nepanesam\u012bba, iekaisumi, p\u0101rm\u0113r\u012bgs \u0101das sausums. Nav hipoaler\u0123isks.<\/p>\n<p>Piesardz\u012bbas pas\u0101kumi: izvair\u012bties no saskares ar ac\u012bm un g\u013cot\u0101d\u0101m. Lietot, k\u0101 nor\u0101d\u012bts.<\/p>\n<p>Der\u012bguma termi\u0146\u0161: 18 m\u0113ne\u0161i.<\/p>\n","protected":false},"excerpt":{"rendered":"<p>Nagu un kutikulu e\u013c\u013cai ir viegla e\u013c\u013caina tekst\u016bra un pat\u012bkams ogu arom\u0101ts. Lieto\u0161ana: uzkl\u0101t uz nagu pl\u0101ksnes un kutikulas, maigi iemas\u0113t. Kontrindik\u0101cijas: individu\u0101la produkta sast\u0101vda\u013cu nepanesam\u012bba, iekaisumi, p\u0101rm\u0113r\u012bgs \u0101das sausums. Nav hipoaler\u0123isks. Piesardz\u012bbas pas\u0101kumi: izvair\u012bties no saskares ar ac\u012bm un g\u013cot\u0101d\u0101m. Lietot, k\u0101 nor\u0101d\u012bts. Der\u012bguma termi\u0146\u0161: 18 m\u0113ne\u0161i.<\/p>\n","protected":false},"featured_media":103140,"template":"","meta":[],"product_cat":[1745],"product_tag":[],"class_list":{"0":"post-60300","1":"product","2":"type-product","3":"status-publish","4":"has-post-thumbnail","6":"product_brand-procare_ua","7":"product_cat-nagu-prieziura-ranku-prieziura","9":"first","10":"instock","11":"taxable","12":"shipping-taxable","13":"product-type-simple"},"_links":{"self":[{"href":"https:\/\/e.kosmolat.eu\/lv\/wp-json\/wp\/v2\/product\/60300","targetHints":{"allow":["GET"]}}],"collection":[{"href":"https:\/\/e.kosmolat.eu\/lv\/wp-json\/wp\/v2\/product"}],"about":[{"href":"https:\/\/e.kosmolat.eu\/lv\/wp-json\/wp\/v2\/types\/product"}],"wp:featuredmedia":[{"embeddable":true,"href":"https:\/\/e.kosmolat.eu\/lv\/wp-json\/wp\/v2\/media\/103140"}],"wp:attachment":[{"href":"https:\/\/e.kosmolat.eu\/lv\/wp-json\/wp\/v2\/media?parent=60300"}],"wp:term":[{"taxonomy":"product_cat","embeddable":true,"href":"https:\/\/e.kosmolat.eu\/lv\/wp-json\/wp\/v2\/product_cat?post=60300"},{"taxonomy":"product_tag","embeddable":true,"href":"https:\/\/e.kosmolat.eu\/lv\/wp-json\/wp\/v2\/product_tag?post=60300"}],"curies":[{"name":"wp","href":"https:\/\/api.w.org\/{rel}","templated":true}]}}