{"id":60290,"date":"2024-12-17T05:04:54","date_gmt":"2024-12-17T05:04:54","guid":{"rendered":"https:\/\/e.kosmolat.eu\/product\/%d0%bfs%d0%be%d1%84%d0%b5%d1%81%d1%81c%d0%be%d0%bdaeu%d0%bdu%d0%b9-ua%d0%bc%d0%bf%d1%83%d0%bdu-pro-keratin-%d0%b2%d0%be%d1%81%d1%81%d1%82a%d0%bd%d0%be%d0%b2e%d0%b5%d0%bdc%d0%b5%d1%83%d0%b2eae\/"},"modified":"2026-04-23T11:33:38","modified_gmt":"2026-04-23T11:33:38","slug":"pro-keratin-profesionals-sampuns-atjaunos-mitrinas-1-l","status":"publish","type":"product","link":"https:\/\/e.kosmolat.eu\/lv\/product\/pro-keratin-profesionals-sampuns-atjaunos-mitrinas-1-l\/","title":{"rendered":"Pro Keratin Profesion\u0101ls \u0161amp\u016bns Atjauno\u0161. + mitrin\u0101\u0161., 1 l"},"content":{"rendered":"<p>\u2022 Maiga att\u012br\u012b\u0161ana<br \/>\n\u2022 Atjauno\u0161ana<br \/>\n\u2022 Absol\u016bta mitrin\u0101\u0161ana<br \/>\n\u2022 Aizsardz\u012bba<\/p>\n<p>Profesion\u0101ls \u0161amp\u016bns, kas r\u016bp\u012bgi att\u012bra un nodro\u0161ina augstas kvalit\u0101tes kop\u0161anu sausiem, boj\u0101tiem, trausliem un kr\u0101sotiem matiem. Kerat\u012bns pal\u012bdz nov\u0113rst matu boj\u0101jumu paz\u012bmes, aizpildot un izl\u012bdzinot problem\u0101tisk\u0101s zonas. Avokado e\u013c\u013ca intens\u012bvi mitrina un baro matus vis\u0101 to garum\u0101, nov\u0113r\u0161ot iz\u017e\u016b\u0161anu un trauslumu. K\u0101 antioksidants t\u0101 aizsarg\u0101 galvas \u0101du no apk\u0101rt\u0113j\u0101s vides kait\u012bg\u0101s ietekmes (v\u0113j\u0161, saule, sals). Kvie\u0161u prote\u012bni uzlabo sausu un boj\u0101tu matu st\u0101vokli, padarot tos vesel\u012bg\u0101kus un stipr\u0101kus.<\/p>\n<p>Lieto\u0161ana: uzkl\u0101jiet uz mitriem matiem, saputojiet un noskalojiet ar \u016bdeni.<\/p>\n<p>Piesardz\u012bbas pas\u0101kumi: tikai \u0101r\u012bgai lieto\u0161anai. Ja iek\u013c\u016bst ac\u012bs, r\u016bp\u012bgi izskalojiet t\u0101s ar \u016bdeni, ja nepiecie\u0161ams, konsult\u0113jieties ar \u0101rstu.<\/p>\n<p>Br\u012bdin\u0101jums: iesp\u0113jama individu\u0101la paaugstin\u0101ta jut\u012bba pret atsevi\u0161\u0137\u0101m sast\u0101vda\u013c\u0101m. <\/p>\n<p>Der\u012bguma termi\u0146\u0161: 24 m\u0113ne\u0161i no izgatavo\u0161anas datuma.<\/p>\n<p>Uzglab\u0101t temperat\u016br\u0101 no +5 \u00b0C l\u012bdz +25\u00b0C, sarg\u0101jot no tie\u0161iem saules stariem. Uzglab\u0101t vismaz 0,5 m att\u0101lum\u0101 no apkures ier\u012bc\u0113m.<\/p>\n","protected":false},"excerpt":{"rendered":"<p>\u2022 Maiga att\u012br\u012b\u0161ana \u2022 Atjauno\u0161ana \u2022 Absol\u016bta mitrin\u0101\u0161ana \u2022 Aizsardz\u012bba Profesion\u0101ls \u0161amp\u016bns, kas r\u016bp\u012bgi att\u012bra un nodro\u0161ina augstas kvalit\u0101tes kop\u0161anu sausiem, boj\u0101tiem, trausliem un kr\u0101sotiem matiem. Kerat\u012bns pal\u012bdz nov\u0113rst matu boj\u0101jumu paz\u012bmes, aizpildot un izl\u012bdzinot problem\u0101tisk\u0101s zonas. Avokado e\u013c\u013ca intens\u012bvi mitrina un baro matus vis\u0101 to garum\u0101, nov\u0113r\u0161ot iz\u017e\u016b\u0161anu un trauslumu. K\u0101 antioksidants t\u0101 aizsarg\u0101 [&#8230;]\n","protected":false},"featured_media":97598,"template":"","meta":[],"product_cat":[1248],"product_tag":[],"class_list":{"0":"post-60290","1":"product","2":"type-product","3":"status-publish","4":"has-post-thumbnail","6":"product_brand-aljans-krasoti_ua","7":"product_cat-sampuni","9":"first","10":"instock","11":"taxable","12":"shipping-taxable","13":"product-type-simple"},"_links":{"self":[{"href":"https:\/\/e.kosmolat.eu\/lv\/wp-json\/wp\/v2\/product\/60290","targetHints":{"allow":["GET"]}}],"collection":[{"href":"https:\/\/e.kosmolat.eu\/lv\/wp-json\/wp\/v2\/product"}],"about":[{"href":"https:\/\/e.kosmolat.eu\/lv\/wp-json\/wp\/v2\/types\/product"}],"wp:featuredmedia":[{"embeddable":true,"href":"https:\/\/e.kosmolat.eu\/lv\/wp-json\/wp\/v2\/media\/97598"}],"wp:attachment":[{"href":"https:\/\/e.kosmolat.eu\/lv\/wp-json\/wp\/v2\/media?parent=60290"}],"wp:term":[{"taxonomy":"product_cat","embeddable":true,"href":"https:\/\/e.kosmolat.eu\/lv\/wp-json\/wp\/v2\/product_cat?post=60290"},{"taxonomy":"product_tag","embeddable":true,"href":"https:\/\/e.kosmolat.eu\/lv\/wp-json\/wp\/v2\/product_tag?post=60290"}],"curies":[{"name":"wp","href":"https:\/\/api.w.org\/{rel}","templated":true}]}}