{"id":60282,"date":"2024-12-17T05:04:34","date_gmt":"2024-12-17T05:04:34","guid":{"rendered":"https:\/\/e.kosmolat.eu\/product\/%d0%bfs%d0%be%d1%84%d0%b5%d1%81%d1%81c%d0%be%d0%bdaeu%d0%bdu%d0%b9-ua%d0%bc%d0%bf%d1%83%d0%bdu-pro-arginine-s%d0%be%d1%81%d1%82%d1%83%d0%bas%d0%b5%d0%bfe%d0%b5%d0%bdc%d1%8f-1000-%d0%bce-%d1%82\/"},"modified":"2026-04-23T11:33:24","modified_gmt":"2026-04-23T11:33:24","slug":"pro-arginine-profesionals-sampuns-augs-stiprin-1-l","status":"publish","type":"product","link":"https:\/\/e.kosmolat.eu\/lv\/product\/pro-arginine-profesionals-sampuns-augs-stiprin-1-l\/","title":{"rendered":"Pro Arginine Profesion\u0101ls \u0161amp\u016bns Aug\u0161. + Stiprin., 1 l"},"content":{"rendered":"<p>\u2022 Stiprin\u0101\u0161ana<br \/>\n\u2022 Matu biezums un iztur\u012bba<br \/>\n\u2022 Aizsardz\u012bba pret boj\u0101jumiem<\/p>\n<p>Profesion\u0101ls maigs \u0161amp\u016bns  r\u016bp\u012bgi att\u012bra matus un galvas \u0101du. \u012apa\u0161i piem\u0113rots pl\u0101niem, nov\u0101jin\u0101tiem un trausliem matiem, kas ir pak\u013cauti izkri\u0161anai. Argin\u012bns un kalmes ekstrakts pal\u012bdz barot matu folikulus, nov\u0113r\u0161ot matu izkri\u0161anu. Kvie\u0161u prote\u012bni aktiviz\u0113 vesel\u012bgu matu aug\u0161anu, pie\u0161\u0137ir tiem sp\u0113ku un pozit\u012bvi ietekm\u0113 to biezumu. Lins\u0113klu e\u013c\u013ca aizsarg\u0101 matus no boj\u0101jumiem, padarot tos m\u012bkstus, z\u012bdainus un pie\u0161\u0137irot vesel\u012bgu sp\u012bdumu.<\/p>\n<p>Lieto\u0161ana: uzkl\u0101jiet uz mitriem matiem, saputojiet un noskalojiet ar \u016bdeni.<\/p>\n<p>Piesardz\u012bbas pas\u0101kumi: tikai \u0101r\u012bgai lieto\u0161anai. Ja iek\u013c\u016bst ac\u012bs, r\u016bp\u012bgi izskalojiet t\u0101s ar \u016bdeni, ja nepiecie\u0161ams, konsult\u0113jieties ar \u0101rstu.<\/p>\n<p>Br\u012bdin\u0101jums: iesp\u0113jama individu\u0101la paaugstin\u0101ta jut\u012bba pret atsevi\u0161\u0137\u0101m sast\u0101vda\u013c\u0101m. <\/p>\n<p>Der\u012bguma termi\u0146\u0161: 24 m\u0113ne\u0161i no izgatavo\u0161anas datuma.<\/p>\n<p>Uzglab\u0101t temperat\u016br\u0101 no +5 \u00b0C l\u012bdz +25\u00b0C, sarg\u0101jot no tie\u0161iem saules stariem. Uzglab\u0101t vismaz 0,5 m att\u0101lum\u0101 no apkures ier\u012bc\u0113m.<\/p>\n","protected":false},"excerpt":{"rendered":"<p>\u2022 Stiprin\u0101\u0161ana \u2022 Matu biezums un iztur\u012bba \u2022 Aizsardz\u012bba pret boj\u0101jumiem Profesion\u0101ls maigs \u0161amp\u016bns r\u016bp\u012bgi att\u012bra matus un galvas \u0101du. \u012apa\u0161i piem\u0113rots pl\u0101niem, nov\u0101jin\u0101tiem un trausliem matiem, kas ir pak\u013cauti izkri\u0161anai. Argin\u012bns un kalmes ekstrakts pal\u012bdz barot matu folikulus, nov\u0113r\u0161ot matu izkri\u0161anu. Kvie\u0161u prote\u012bni aktiviz\u0113 vesel\u012bgu matu aug\u0161anu, pie\u0161\u0137ir tiem sp\u0113ku un pozit\u012bvi ietekm\u0113 to [&#8230;]\n","protected":false},"featured_media":97245,"template":"","meta":[],"product_cat":[1248],"product_tag":[],"class_list":{"0":"post-60282","1":"product","2":"type-product","3":"status-publish","4":"has-post-thumbnail","6":"product_brand-aljans-krasoti_ua","7":"product_cat-sampuni","9":"first","10":"instock","11":"taxable","12":"shipping-taxable","13":"product-type-simple"},"_links":{"self":[{"href":"https:\/\/e.kosmolat.eu\/lv\/wp-json\/wp\/v2\/product\/60282","targetHints":{"allow":["GET"]}}],"collection":[{"href":"https:\/\/e.kosmolat.eu\/lv\/wp-json\/wp\/v2\/product"}],"about":[{"href":"https:\/\/e.kosmolat.eu\/lv\/wp-json\/wp\/v2\/types\/product"}],"wp:featuredmedia":[{"embeddable":true,"href":"https:\/\/e.kosmolat.eu\/lv\/wp-json\/wp\/v2\/media\/97245"}],"wp:attachment":[{"href":"https:\/\/e.kosmolat.eu\/lv\/wp-json\/wp\/v2\/media?parent=60282"}],"wp:term":[{"taxonomy":"product_cat","embeddable":true,"href":"https:\/\/e.kosmolat.eu\/lv\/wp-json\/wp\/v2\/product_cat?post=60282"},{"taxonomy":"product_tag","embeddable":true,"href":"https:\/\/e.kosmolat.eu\/lv\/wp-json\/wp\/v2\/product_tag?post=60282"}],"curies":[{"name":"wp","href":"https:\/\/api.w.org\/{rel}","templated":true}]}}