{"id":60274,"date":"2024-12-17T05:04:13","date_gmt":"2024-12-17T05:04:13","guid":{"rendered":"https:\/\/e.kosmolat.eu\/product\/pro-volume-profesionals-sampuns-apjoms-un-gludums-1-l\/"},"modified":"2026-04-23T11:33:09","modified_gmt":"2026-04-23T11:33:09","slug":"pro-volume-profesionals-sampuns-apjoms-gludums-1-l","status":"publish","type":"product","link":"https:\/\/e.kosmolat.eu\/lv\/product\/pro-volume-profesionals-sampuns-apjoms-gludums-1-l\/","title":{"rendered":"Pro Volume Profesion\u0101ls \u0161amp\u016bns Apjoms + gludums, 1 l"},"content":{"rendered":"<p>\u2022 Grezns apjoms<br \/>\n\u2022 Dabisks gludums<br \/>\n\u2022 Vesel\u012bgs matu sp\u012bdums<\/p>\n<p>Profesion\u0101ls \u0161amp\u016bns maigai matu att\u012br\u012b\u0161anai no net\u012brumiem un matu veido\u0161anas l\u012bdzek\u013ciem. Paredz\u0113ts pl\u0101niem, bl\u0101viem matiem. \u0160amp\u016bns atgrie\u017e tiem vieglumu, dabisko sp\u012bdumu un vitalit\u0101ti. Ultra viegl\u0101 formula nenoslogo matus, bet, glu\u017ei pret\u0113ji, pie\u0161\u0137ir tiem papildu apjomu un kuplumu. Mande\u013cu e\u013c\u013ca atjauno mitruma l\u012bmeni, dabisko gludumu un matu sp\u012bdumu. Bambuss stiprina matus, pal\u012bdzot tiem pacelties pie sakn\u0113m. Kviesi bag\u0101tina matus ar nepiecie\u0161amaj\u0101m uzturviel\u0101m, lai saglab\u0101tu to vesel\u012bgu izskatu. \u0160amp\u016bns ir piem\u0113rots bie\u017eai lieto\u0161anai.<\/p>\n<p>Lieto\u0161ana: uzkl\u0101jiet uz mitriem matiem, saputojiet un noskalojiet ar \u016bdeni.<\/p>\n<p>Piesardz\u012bbas pas\u0101kumi: tikai \u0101r\u012bgai lieto\u0161anai. Ja iek\u013c\u016bst ac\u012bs, r\u016bp\u012bgi izskalojiet t\u0101s ar \u016bdeni, ja nepiecie\u0161ams, konsult\u0113jieties ar \u0101rstu.<\/p>\n<p>Br\u012bdin\u0101jums: iesp\u0113jama individu\u0101la paaugstin\u0101ta jut\u012bba pret atsevi\u0161\u0137\u0101m sast\u0101vda\u013c\u0101m. <\/p>\n<p>Der\u012bguma termi\u0146\u0161: 24 m\u0113ne\u0161i no izgatavo\u0161anas datuma.<\/p>\n<p>Uzglab\u0101t temperat\u016br\u0101 no +5 \u00b0C l\u012bdz +25\u00b0C, sarg\u0101jot no tie\u0161iem saules stariem. Uzglab\u0101t vismaz 0,5 m att\u0101lum\u0101 no apkures ier\u012bc\u0113m.<\/p>\n","protected":false},"excerpt":{"rendered":"<p>\u2022 Grezns apjoms \u2022 Dabisks gludums \u2022 Vesel\u012bgs matu sp\u012bdums Profesion\u0101ls \u0161amp\u016bns maigai matu att\u012br\u012b\u0161anai no net\u012brumiem un matu veido\u0161anas l\u012bdzek\u013ciem. Paredz\u0113ts pl\u0101niem, bl\u0101viem matiem. \u0160amp\u016bns atgrie\u017e tiem vieglumu, dabisko sp\u012bdumu un vitalit\u0101ti. Ultra viegl\u0101 formula nenoslogo matus, bet, glu\u017ei pret\u0113ji, pie\u0161\u0137ir tiem papildu apjomu un kuplumu. Mande\u013cu e\u013c\u013ca atjauno mitruma l\u012bmeni, dabisko gludumu un [&#8230;]\n","protected":false},"featured_media":106956,"template":"","meta":[],"product_cat":[1248],"product_tag":[],"class_list":{"0":"post-60274","1":"product","2":"type-product","3":"status-publish","4":"has-post-thumbnail","6":"product_brand-aljans-krasoti_ua","7":"product_cat-sampuni","9":"first","10":"instock","11":"taxable","12":"shipping-taxable","13":"product-type-simple"},"_links":{"self":[{"href":"https:\/\/e.kosmolat.eu\/lv\/wp-json\/wp\/v2\/product\/60274","targetHints":{"allow":["GET"]}}],"collection":[{"href":"https:\/\/e.kosmolat.eu\/lv\/wp-json\/wp\/v2\/product"}],"about":[{"href":"https:\/\/e.kosmolat.eu\/lv\/wp-json\/wp\/v2\/types\/product"}],"wp:featuredmedia":[{"embeddable":true,"href":"https:\/\/e.kosmolat.eu\/lv\/wp-json\/wp\/v2\/media\/106956"}],"wp:attachment":[{"href":"https:\/\/e.kosmolat.eu\/lv\/wp-json\/wp\/v2\/media?parent=60274"}],"wp:term":[{"taxonomy":"product_cat","embeddable":true,"href":"https:\/\/e.kosmolat.eu\/lv\/wp-json\/wp\/v2\/product_cat?post=60274"},{"taxonomy":"product_tag","embeddable":true,"href":"https:\/\/e.kosmolat.eu\/lv\/wp-json\/wp\/v2\/product_tag?post=60274"}],"curies":[{"name":"wp","href":"https:\/\/api.w.org\/{rel}","templated":true}]}}