{"id":60266,"date":"2024-12-17T05:03:53","date_gmt":"2024-12-17T05:03:53","guid":{"rendered":"https:\/\/e.kosmolat.eu\/product\/viva-oliva-roku-un-nagu-kr-intens-barosana-un-aizsardz-ar-olivellu-un-smiltserks-ellu-150-ml\/"},"modified":"2026-04-22T10:25:46","modified_gmt":"2026-04-22T10:25:46","slug":"viva-oliva-roku-un-nagu-kr-intens-barosana-un-aizsardz-ar-olivellu-un-smiltserks-ellu-150-ml","status":"publish","type":"product","link":"https:\/\/e.kosmolat.eu\/lv\/product\/viva-oliva-roku-un-nagu-kr-intens-barosana-un-aizsardz-ar-olivellu-un-smiltserks-ellu-150-ml\/","title":{"rendered":"Viva Oliva Roku un nagu kr. Intens. baro\u0161ana un aizsardz. ar ol\u012bve\u013clu un smilts\u0113rk\u0161. e\u013clu, 150 ml"},"content":{"rendered":"<p>Roku kr\u0113ms par\u016bp\u0113sies, lai j\u016bsu piesk\u0101rieni b\u016btu maigi, bet \u0101da \u2014 kopta un skaista.<\/p>\n<p>Lieto\u0161ana: uzkl\u0101jiet kr\u0113mu ar mas\u0113jo\u0161\u0101m kust\u012bb\u0101m uz att\u012br\u012btas roku \u0101das, piev\u0113r\u0161ot uzman\u012bbu nagu pl\u0101ksn\u0113m.<\/p>\n<p>Piesardz\u012bbas pas\u0101kumi: tikai \u0101r\u012bgai lieto\u0161anai. Ja iek\u013c\u016bst ac\u012bs, r\u016bp\u012bgi izskalojiet t\u0101s ar \u016bdeni, ja nepiecie\u0161ams, konsult\u0113jieties ar \u0101rstu.<\/p>\n<p>Br\u012bdin\u0101jums: iesp\u0113jama individu\u0101la paaugstin\u0101ta jut\u012bba pret atsevi\u0161\u0137\u0101m sast\u0101vda\u013c\u0101m. Satur A vitam\u012bnu. L\u016bgums pirms lieto\u0161anas p\u0101rdom\u0101t savu dienas devu.<\/p>\n<p>Der\u012bguma termi\u0146\u0161: 24 m\u0113ne\u0161i no izgatavo\u0161anas datuma.<\/p>\n<p>Uzglab\u0101t temperat\u016br\u0101 no +5 \u00b0C l\u012bdz +25\u00b0C, sarg\u0101jot no tie\u0161iem saules stariem. Uzglab\u0101t vismaz 0,5 m att\u0101lum\u0101 no apkures ier\u012bc\u0113m.<\/p>\n","protected":false},"excerpt":{"rendered":"<p>Roku kr\u0113ms par\u016bp\u0113sies, lai j\u016bsu piesk\u0101rieni b\u016btu maigi, bet \u0101da \u2014 kopta un skaista. Lieto\u0161ana: uzkl\u0101jiet kr\u0113mu ar mas\u0113jo\u0161\u0101m kust\u012bb\u0101m uz att\u012br\u012btas roku \u0101das, piev\u0113r\u0161ot uzman\u012bbu nagu pl\u0101ksn\u0113m. Piesardz\u012bbas pas\u0101kumi: tikai \u0101r\u012bgai lieto\u0161anai. Ja iek\u013c\u016bst ac\u012bs, r\u016bp\u012bgi izskalojiet t\u0101s ar \u016bdeni, ja nepiecie\u0161ams, konsult\u0113jieties ar \u0101rstu. Br\u012bdin\u0101jums: iesp\u0113jama individu\u0101la paaugstin\u0101ta jut\u012bba pret atsevi\u0161\u0137\u0101m sast\u0101vda\u013c\u0101m. Satur [&#8230;]\n","protected":false},"featured_media":100704,"template":"","meta":[],"product_cat":[2181],"product_tag":[],"class_list":{"0":"post-60266","1":"product","2":"type-product","3":"status-publish","4":"has-post-thumbnail","6":"product_brand-aljans-krasoti_ua","7":"product_cat-bez-kategorijas-lt","9":"first","10":"instock","11":"taxable","12":"shipping-taxable","13":"product-type-simple"},"_links":{"self":[{"href":"https:\/\/e.kosmolat.eu\/lv\/wp-json\/wp\/v2\/product\/60266","targetHints":{"allow":["GET"]}}],"collection":[{"href":"https:\/\/e.kosmolat.eu\/lv\/wp-json\/wp\/v2\/product"}],"about":[{"href":"https:\/\/e.kosmolat.eu\/lv\/wp-json\/wp\/v2\/types\/product"}],"wp:featuredmedia":[{"embeddable":true,"href":"https:\/\/e.kosmolat.eu\/lv\/wp-json\/wp\/v2\/media\/100704"}],"wp:attachment":[{"href":"https:\/\/e.kosmolat.eu\/lv\/wp-json\/wp\/v2\/media?parent=60266"}],"wp:term":[{"taxonomy":"product_cat","embeddable":true,"href":"https:\/\/e.kosmolat.eu\/lv\/wp-json\/wp\/v2\/product_cat?post=60266"},{"taxonomy":"product_tag","embeddable":true,"href":"https:\/\/e.kosmolat.eu\/lv\/wp-json\/wp\/v2\/product_tag?post=60266"}],"curies":[{"name":"wp","href":"https:\/\/api.w.org\/{rel}","templated":true}]}}