{"id":60258,"date":"2024-12-17T05:03:31","date_gmt":"2024-12-17T05:03:31","guid":{"rendered":"https:\/\/e.kosmolat.eu\/product\/viva-oliva-stiprin-fito-sampuns-pret-matu-izkr-ar-olivellu-un-dizdadzu-ellu-400-ml\/"},"modified":"2026-04-17T06:31:21","modified_gmt":"2026-04-17T06:31:21","slug":"viva-oliva-stiprin-fito-sampuns-pret-matu-izkr-ar-olivellu-un-dizdadzu-ellu-400-ml","status":"publish","type":"product","link":"https:\/\/e.kosmolat.eu\/lv\/product\/viva-oliva-stiprin-fito-sampuns-pret-matu-izkr-ar-olivellu-un-dizdadzu-ellu-400-ml\/","title":{"rendered":"Viva Oliva Stiprin. fito-\u0161amp\u016bns pret matu izkr. ar ol\u012bve\u013clu un di\u017edad\u017eu e\u013clu, 400 ml"},"content":{"rendered":"<p>Fito-\u0161amp\u016bns maigi att\u012bra matus un galvas \u0101du no net\u012brumiem. Ol\u012bve\u013c\u013ca un di\u017edad\u017eu e\u013c\u013ca r\u016bp\u0113jas par matiem vis\u0101 to garum\u0101, padarot tos m\u012bkstus un z\u012bdainus. Kvie\u0161u prote\u012bni* pal\u012bdz stiprin\u0101t matu stumbru un pie\u0161\u0137ir tamvitalit\u0101ti, nov\u0113r\u0161ot matu izkri\u0161anu.<\/p>\n<p>Lieto\u0161ana: uzkl\u0101jiet uz mitriem matiem, saputojiet un noskalojiet ar \u016bdeni.<\/p>\n<p>Piesardz\u012bbas pas\u0101kumi: tikai \u0101r\u012bgai lieto\u0161anai. Ja iek\u013c\u016bst ac\u012bs, r\u016bp\u012bgi izskalojiet t\u0101s ar \u016bdeni, ja nepiecie\u0161ams, konsult\u0113jieties ar \u0101rstu.<\/p>\n<p>Br\u012bdin\u0101jums: iesp\u0113jama individu\u0101la paaugstin\u0101ta jut\u012bba pret atsevi\u0161\u0137\u0101m sast\u0101vda\u013c\u0101m. <\/p>\n<p>Der\u012bguma termi\u0146\u0161: 30 m\u0113ne\u0161i no izgatavo\u0161anas datuma.<\/p>\n<p>Uzglab\u0101t temperat\u016br\u0101 no +5 \u00b0C l\u012bdz +25\u00b0C, sarg\u0101jot no tie\u0161iem saules stariem. Uzglab\u0101t vismaz 0,5 m att\u0101lum\u0101 no apkures ier\u012bc\u0113m.<\/p>\n","protected":false},"excerpt":{"rendered":"<p>Fito-\u0161amp\u016bns maigi att\u012bra matus un galvas \u0101du no net\u012brumiem. Ol\u012bve\u013c\u013ca un di\u017edad\u017eu e\u013c\u013ca r\u016bp\u0113jas par matiem vis\u0101 to garum\u0101, padarot tos m\u012bkstus un z\u012bdainus. Kvie\u0161u prote\u012bni* pal\u012bdz stiprin\u0101t matu stumbru un pie\u0161\u0137ir tamvitalit\u0101ti, nov\u0113r\u0161ot matu izkri\u0161anu. Lieto\u0161ana: uzkl\u0101jiet uz mitriem matiem, saputojiet un noskalojiet ar \u016bdeni. Piesardz\u012bbas pas\u0101kumi: tikai \u0101r\u012bgai lieto\u0161anai. Ja iek\u013c\u016bst ac\u012bs, r\u016bp\u012bgi [&#8230;]\n","protected":false},"featured_media":100648,"template":"","meta":[],"product_cat":[2181],"product_tag":[],"class_list":{"0":"post-60258","1":"product","2":"type-product","3":"status-publish","4":"has-post-thumbnail","6":"product_brand-aljans-krasoti_ua","7":"product_cat-bez-kategorijas-lt","9":"first","10":"instock","11":"taxable","12":"shipping-taxable","13":"product-type-simple"},"_links":{"self":[{"href":"https:\/\/e.kosmolat.eu\/lv\/wp-json\/wp\/v2\/product\/60258","targetHints":{"allow":["GET"]}}],"collection":[{"href":"https:\/\/e.kosmolat.eu\/lv\/wp-json\/wp\/v2\/product"}],"about":[{"href":"https:\/\/e.kosmolat.eu\/lv\/wp-json\/wp\/v2\/types\/product"}],"wp:featuredmedia":[{"embeddable":true,"href":"https:\/\/e.kosmolat.eu\/lv\/wp-json\/wp\/v2\/media\/100648"}],"wp:attachment":[{"href":"https:\/\/e.kosmolat.eu\/lv\/wp-json\/wp\/v2\/media?parent=60258"}],"wp:term":[{"taxonomy":"product_cat","embeddable":true,"href":"https:\/\/e.kosmolat.eu\/lv\/wp-json\/wp\/v2\/product_cat?post=60258"},{"taxonomy":"product_tag","embeddable":true,"href":"https:\/\/e.kosmolat.eu\/lv\/wp-json\/wp\/v2\/product_tag?post=60258"}],"curies":[{"name":"wp","href":"https:\/\/api.w.org\/{rel}","templated":true}]}}