{"id":60250,"date":"2024-12-17T05:03:10","date_gmt":"2024-12-17T05:03:10","guid":{"rendered":"https:\/\/e.kosmolat.eu\/product\/viva-oliva-atjaunojoss-sampuns-ar-olivellu-un-argana-ellu-400-ml\/"},"modified":"2026-03-17T13:22:44","modified_gmt":"2026-03-17T13:22:44","slug":"viva-oliva-atjaunojoss-sampuns-ar-olivellu-un-argana-ellu-400-ml","status":"publish","type":"product","link":"https:\/\/e.kosmolat.eu\/lv\/product\/viva-oliva-atjaunojoss-sampuns-ar-olivellu-un-argana-ellu-400-ml\/","title":{"rendered":"Viva Oliva Atjaunojo\u0161s \u0161amp\u016bns ar ol\u012bve\u013clu un argana e\u013clu, 400 ml"},"content":{"rendered":"<p>\u0160amp\u016bns maigi att\u012bra matus un galvas \u0101du no net\u012brumiem. Ol\u012bve\u013c\u013ca un argana e\u013c\u013ca baro un atjauno boj\u0101tus matus. D\u0101v\u0101jiet saviem matiem z\u012bdainu gludumu un pilnv\u0113rt\u012bgu kop\u0161anu ar Viva Oliva \u0161amp\u016bnu.<\/p>\n<p>Lieto\u0161ana: uzkl\u0101jiet uz mitriem matiem, saputojiet un noskalojiet ar \u016bdeni.<\/p>\n<p>Piesardz\u012bbas pas\u0101kumi: tikai \u0101r\u012bgai lieto\u0161anai. Ja iek\u013c\u016bst ac\u012bs, r\u016bp\u012bgi izskalojiet t\u0101s ar \u016bdeni, ja nepiecie\u0161ams, konsult\u0113jieties ar \u0101rstu.<\/p>\n<p>Br\u012bdin\u0101jums: iesp\u0113jama individu\u0101la paaugstin\u0101ta jut\u012bba pret atsevi\u0161\u0137\u0101m sast\u0101vda\u013c\u0101m. <\/p>\n<p>Der\u012bguma termi\u0146\u0161: 30 m\u0113ne\u0161i no izgatavo\u0161anas datuma.<\/p>\n<p>Uzglab\u0101t temperat\u016br\u0101 no +5 \u00b0C l\u012bdz +25\u00b0C, sarg\u0101jot no tie\u0161iem saules stariem. Uzglab\u0101t vismaz 0,5 m att\u0101lum\u0101 no apkures ier\u012bc\u0113m.<\/p>\n","protected":false},"excerpt":{"rendered":"<p>\u0160amp\u016bns maigi att\u012bra matus un galvas \u0101du no net\u012brumiem. Ol\u012bve\u013c\u013ca un argana e\u013c\u013ca baro un atjauno boj\u0101tus matus. D\u0101v\u0101jiet saviem matiem z\u012bdainu gludumu un pilnv\u0113rt\u012bgu kop\u0161anu ar Viva Oliva \u0161amp\u016bnu. Lieto\u0161ana: uzkl\u0101jiet uz mitriem matiem, saputojiet un noskalojiet ar \u016bdeni. Piesardz\u012bbas pas\u0101kumi: tikai \u0101r\u012bgai lieto\u0161anai. Ja iek\u013c\u016bst ac\u012bs, r\u016bp\u012bgi izskalojiet t\u0101s ar \u016bdeni, ja nepiecie\u0161ams, [&#8230;]\n","protected":false},"featured_media":100552,"template":"","meta":[],"product_cat":[2181],"product_tag":[],"class_list":{"0":"post-60250","1":"product","2":"type-product","3":"status-publish","4":"has-post-thumbnail","6":"product_brand-aljans-krasoti_ua","7":"product_cat-bez-kategorijas-lt","9":"first","10":"instock","11":"taxable","12":"shipping-taxable","13":"product-type-simple"},"_links":{"self":[{"href":"https:\/\/e.kosmolat.eu\/lv\/wp-json\/wp\/v2\/product\/60250","targetHints":{"allow":["GET"]}}],"collection":[{"href":"https:\/\/e.kosmolat.eu\/lv\/wp-json\/wp\/v2\/product"}],"about":[{"href":"https:\/\/e.kosmolat.eu\/lv\/wp-json\/wp\/v2\/types\/product"}],"wp:featuredmedia":[{"embeddable":true,"href":"https:\/\/e.kosmolat.eu\/lv\/wp-json\/wp\/v2\/media\/100552"}],"wp:attachment":[{"href":"https:\/\/e.kosmolat.eu\/lv\/wp-json\/wp\/v2\/media?parent=60250"}],"wp:term":[{"taxonomy":"product_cat","embeddable":true,"href":"https:\/\/e.kosmolat.eu\/lv\/wp-json\/wp\/v2\/product_cat?post=60250"},{"taxonomy":"product_tag","embeddable":true,"href":"https:\/\/e.kosmolat.eu\/lv\/wp-json\/wp\/v2\/product_tag?post=60250"}],"curies":[{"name":"wp","href":"https:\/\/api.w.org\/{rel}","templated":true}]}}