{"id":60242,"date":"2024-12-17T05:02:51","date_gmt":"2024-12-17T05:02:51","guid":{"rendered":"https:\/\/e.kosmolat.eu\/product\/viva-oliva-mezo-peptides-hyaluron-nakts-krems-maska-75-ml\/"},"modified":"2026-01-02T09:48:53","modified_gmt":"2026-01-02T09:48:53","slug":"viva-oliva-mezo-peptides-hyaluron-nakts-krems-maska-75-ml","status":"publish","type":"product","link":"https:\/\/e.kosmolat.eu\/lv\/product\/viva-oliva-mezo-peptides-hyaluron-nakts-krems-maska-75-ml\/","title":{"rendered":"Viva Oliva Mezo Peptides + Hyaluron Nakts kr\u0113ms + maska, 75 ml"},"content":{"rendered":"<p>Barojo\u0161s kr\u0113ms-maska no Viva Oliva s\u0113rijas ir \u012bsts atradums j\u016bsu sejas \u0101dai. Nakts kr\u0113ms-maska ir paredz\u0113ts intens\u012bvai \u0101das baro\u0161anai, aizsardz\u012bbai pret sausumu un grumbu korekcijai. Hialuronsk\u0101be ir sp\u0113c\u012bgs mitrin\u0101t\u0101js, kas pies\u0101tina \u0101du ar mitrumu un notur to uz t\u0101s virsmas. Dzi\u013ci iedarb\u012bgie pretnoveco\u0161an\u0101s pept\u012bdi c\u012bn\u0101s ar \u0101das noveco\u0161an\u0101s paz\u012bm\u0113m un pal\u012bdz izl\u012bdzin\u0101t grumbas. Ol\u012bve\u013c\u013ca un makad\u0101mijas e\u013c\u013ca akt\u012bvi baro \u0101du. Kr\u0113ms uzlabo \u0101das toni un atjauno svaigu izskatu. Piem\u0113rots visiem \u0101das tipiem.<\/p>\n<p>Lieto\u0161ana: uzkl\u0101jiet kr\u0113mu vakar\u0101 uz att\u012br\u012btas sejas un kakla \u0101das ar viegl\u0101m mas\u0113jo\u0161\u0101m kust\u012bb\u0101m un \u013caujiet tam piln\u012bb\u0101 ies\u016bkties. Izvairieties no acu zonas. Lietojot k\u0101 nakts masku: uzkl\u0101jiet biezu produkta k\u0101rtu uz sejas \u0101das vakar\u0101, izvairoties no acu un l\u016bpu zonas; ja nepiecie\u0161ams, lieko produktu no\u0146emiet ar salveti. Glab\u0101jiet produktu kartona iepakojum\u0101.<\/p>\n<p>Piesardz\u012bbas pas\u0101kumi: tikai \u0101r\u012bgai lieto\u0161anai. Ja iek\u013c\u016bst ac\u012bs, r\u016bp\u012bgi izskalojiet t\u0101s ar \u016bdeni, ja nepiecie\u0161ams, konsult\u0113jieties ar \u0101rstu.<\/p>\n<p>Br\u012bdin\u0101jums: iesp\u0113jama individu\u0101la paaugstin\u0101ta jut\u012bba pret atsevi\u0161\u0137\u0101m sast\u0101vda\u013c\u0101m. <\/p>\n<p>Der\u012bguma termi\u0146\u0161: 24 m\u0113ne\u0161i no izgatavo\u0161anas datuma.<\/p>\n<p>Uzglab\u0101t temperat\u016br\u0101 no +5 \u00b0C l\u012bdz +25\u00b0C, sarg\u0101jot no tie\u0161iem saules stariem. Uzglab\u0101t vismaz 0,5 m att\u0101lum\u0101 no apkures ier\u012bc\u0113m.<\/p>\n","protected":false},"excerpt":{"rendered":"<p>Barojo\u0161s kr\u0113ms-maska no Viva Oliva s\u0113rijas ir \u012bsts atradums j\u016bsu sejas \u0101dai. Nakts kr\u0113ms-maska ir paredz\u0113ts intens\u012bvai \u0101das baro\u0161anai, aizsardz\u012bbai pret sausumu un grumbu korekcijai. Hialuronsk\u0101be ir sp\u0113c\u012bgs mitrin\u0101t\u0101js, kas pies\u0101tina \u0101du ar mitrumu un notur to uz t\u0101s virsmas. Dzi\u013ci iedarb\u012bgie pretnoveco\u0161an\u0101s pept\u012bdi c\u012bn\u0101s ar \u0101das noveco\u0161an\u0101s paz\u012bm\u0113m un pal\u012bdz izl\u012bdzin\u0101t grumbas. Ol\u012bve\u013c\u013ca un [&#8230;]\n","protected":false},"featured_media":99393,"template":"","meta":[],"product_cat":[2181],"product_tag":[],"class_list":{"0":"post-60242","1":"product","2":"type-product","3":"status-publish","4":"has-post-thumbnail","6":"product_brand-aljans-krasoti_ua","7":"product_cat-bez-kategorijas-lt","9":"first","10":"outofstock","11":"taxable","12":"shipping-taxable","13":"product-type-simple"},"_links":{"self":[{"href":"https:\/\/e.kosmolat.eu\/lv\/wp-json\/wp\/v2\/product\/60242","targetHints":{"allow":["GET"]}}],"collection":[{"href":"https:\/\/e.kosmolat.eu\/lv\/wp-json\/wp\/v2\/product"}],"about":[{"href":"https:\/\/e.kosmolat.eu\/lv\/wp-json\/wp\/v2\/types\/product"}],"wp:featuredmedia":[{"embeddable":true,"href":"https:\/\/e.kosmolat.eu\/lv\/wp-json\/wp\/v2\/media\/99393"}],"wp:attachment":[{"href":"https:\/\/e.kosmolat.eu\/lv\/wp-json\/wp\/v2\/media?parent=60242"}],"wp:term":[{"taxonomy":"product_cat","embeddable":true,"href":"https:\/\/e.kosmolat.eu\/lv\/wp-json\/wp\/v2\/product_cat?post=60242"},{"taxonomy":"product_tag","embeddable":true,"href":"https:\/\/e.kosmolat.eu\/lv\/wp-json\/wp\/v2\/product_tag?post=60242"}],"curies":[{"name":"wp","href":"https:\/\/api.w.org\/{rel}","templated":true}]}}