{"id":60232,"date":"2024-12-15T05:02:56","date_gmt":"2024-12-15T05:02:56","guid":{"rendered":"https:\/\/e.kosmolat.eu\/product\/%d0%bc%d1%83eu%d1%82c-%d0%bas%d0%b5%d0%bc-%d1%83%d0%b2eae%d0%bd%d1%8fz%d1%89c%d0%b9-spf-15-75-%d0%bce-%d1%82%d0%bc-%d0%b2%d0%ba%d1%83%d1%81%d0%bdu%d0%b5-%d1%81%d0%b5%d0%bas%d0%b5%d1%82u\/"},"modified":"2026-02-12T10:22:22","modified_gmt":"2026-02-12T10:22:22","slug":"viva-oliva-probiotic-hyaluron-mitrin-multi-krems-sejai-spf15-75-ml","status":"publish","type":"product","link":"https:\/\/e.kosmolat.eu\/lv\/product\/viva-oliva-probiotic-hyaluron-mitrin-multi-krems-sejai-spf15-75-ml\/","title":{"rendered":"Viva Oliva Probiotic + Hyaluron Mitrin. multi-kr\u0113ms sejai SPF15, 75 ml"},"content":{"rendered":"<p>Viva Oliva daudzfunkcion\u0101lais sejas kr\u0113ms \u2014 ide\u0101ls risin\u0101jums ce\u013c\u0101 uz nevainojamu \u0101du. Tam ir pat\u012bkama tekst\u016bra, kas \u0101tri ies\u016bcas un nodro\u0161ina ilgsto\u0161u mitrin\u0101\u0161anu pat \u013coti sausai \u0101dai. Kr\u0113ms ir piem\u0113rots visiem \u0101das tipiem.<\/p>\n<p>Daudzfunkcion\u0101ls efekts 5 in 1:<br \/>\n\u2022 Hialuronsk\u0101be \u2014 sp\u0113c\u012bgs mitrin\u0101t\u0101js, kas piepilda \u0101du ar dziedino\u0161u mitrumu;<br \/>\n\u2022 P biol\u012bna prebiotika mazina \u0101das aps\u0101rtumu, uzlabojot t\u0101s aizsargsp\u0113jas;<br \/>\n\u2022 SPF-15 aizsarg\u0101 no kait\u012bg\u0101 UV starojuma;<br \/>\n\u2022 Ol\u012bve\u013c\u013ca baro un m\u012bkstina \u0101du;<br \/>\n\u2022 Peonija pie\u0161\u0137ir \u0101dai samtainu maigumu.<\/p>\n<p>Lieto\u0161ana: uzkl\u0101jiet kr\u0113mu uz att\u012br\u012btas sejas un kakla \u0101das ar viegl\u0101m mas\u0113jo\u0161\u0101m kust\u012bb\u0101m un \u013caujiet tam ies\u016bkties. Izvairieties no zonas ap ac\u012bm. Glab\u0101jiet produktu kartona iepakojum\u0101.<\/p>\n<p>Piesardz\u012bbas pas\u0101kumi: tikai \u0101r\u012bgai lieto\u0161anai. Ja iek\u013c\u016bst ac\u012bs, r\u016bp\u012bgi izskalojiet t\u0101s ar \u016bdeni, ja nepiecie\u0161ams, konsult\u0113jieties ar \u0101rstu.<\/p>\n<p>Br\u012bdin\u0101jums: iesp\u0113jama individu\u0101la paaugstin\u0101ta jut\u012bba pret atsevi\u0161\u0137\u0101m sast\u0101vda\u013c\u0101m. <\/p>\n<p>Der\u012bguma termi\u0146\u0161: 24 m\u0113ne\u0161i no izgatavo\u0161anas datuma.<\/p>\n<p>Uzglab\u0101t temperat\u016br\u0101 no +5 \u00b0C l\u012bdz +25\u00b0C, sarg\u0101jot no tie\u0161iem saules stariem. Uzglab\u0101t vismaz 0,5 m att\u0101lum\u0101 no apkures ier\u012bc\u0113m.<\/p>\n","protected":false},"excerpt":{"rendered":"<p>Viva Oliva daudzfunkcion\u0101lais sejas kr\u0113ms \u2014 ide\u0101ls risin\u0101jums ce\u013c\u0101 uz nevainojamu \u0101du. Tam ir pat\u012bkama tekst\u016bra, kas \u0101tri ies\u016bcas un nodro\u0161ina ilgsto\u0161u mitrin\u0101\u0161anu pat \u013coti sausai \u0101dai. Kr\u0113ms ir piem\u0113rots visiem \u0101das tipiem. Daudzfunkcion\u0101ls efekts 5 in 1: \u2022 Hialuronsk\u0101be \u2014 sp\u0113c\u012bgs mitrin\u0101t\u0101js, kas piepilda \u0101du ar dziedino\u0161u mitrumu; \u2022 P biol\u012bna prebiotika mazina \u0101das [&#8230;]\n","protected":false},"featured_media":99397,"template":"","meta":[],"product_cat":[2181],"product_tag":[],"class_list":{"0":"post-60232","1":"product","2":"type-product","3":"status-publish","4":"has-post-thumbnail","6":"product_brand-aljans-krasoti_ua","7":"product_cat-bez-kategorijas-lt","9":"first","10":"outofstock","11":"taxable","12":"shipping-taxable","13":"product-type-simple"},"_links":{"self":[{"href":"https:\/\/e.kosmolat.eu\/lv\/wp-json\/wp\/v2\/product\/60232","targetHints":{"allow":["GET"]}}],"collection":[{"href":"https:\/\/e.kosmolat.eu\/lv\/wp-json\/wp\/v2\/product"}],"about":[{"href":"https:\/\/e.kosmolat.eu\/lv\/wp-json\/wp\/v2\/types\/product"}],"wp:featuredmedia":[{"embeddable":true,"href":"https:\/\/e.kosmolat.eu\/lv\/wp-json\/wp\/v2\/media\/99397"}],"wp:attachment":[{"href":"https:\/\/e.kosmolat.eu\/lv\/wp-json\/wp\/v2\/media?parent=60232"}],"wp:term":[{"taxonomy":"product_cat","embeddable":true,"href":"https:\/\/e.kosmolat.eu\/lv\/wp-json\/wp\/v2\/product_cat?post=60232"},{"taxonomy":"product_tag","embeddable":true,"href":"https:\/\/e.kosmolat.eu\/lv\/wp-json\/wp\/v2\/product_tag?post=60232"}],"curies":[{"name":"wp","href":"https:\/\/api.w.org\/{rel}","templated":true}]}}