{"id":60224,"date":"2024-12-15T05:02:24","date_gmt":"2024-12-15T05:02:24","guid":{"rendered":"https:\/\/e.kosmolat.eu\/product\/a%d0%bd%d0%b5%d0%b2%d0%bd%d0%be%d0%b9-%d0%bas%d0%b5%d0%bc-mezo-peptideshyaluron-%d1%83eu%d1%82sa-%d1%83%d0%b2eae%d0%bd%d0%b5%d0%bdc%d0%b5-spf-15-75-%d0%bce-%d1%82%d0%bc-%d0%b2%d0%ba%d1%83%d1%81\/"},"modified":"2026-01-02T09:49:09","modified_gmt":"2026-01-02T09:49:09","slug":"viva-oliva-mezo-peptides-hyaluron-ultra-mitrin-dienas-sejas-krems-spf-15-75-ml","status":"publish","type":"product","link":"https:\/\/e.kosmolat.eu\/lv\/product\/viva-oliva-mezo-peptides-hyaluron-ultra-mitrin-dienas-sejas-krems-spf-15-75-ml\/","title":{"rendered":"Viva Oliva Mezo Peptides + Hyaluron Ultra mitrin. dienas sejas kr\u0113ms SPF 15, 75 ml"},"content":{"rendered":"<p>Viva Oliva s\u0113rijas mitrino\u0161s sejas kr\u0113ms  \u2014 \u012bsts atradums j\u016bsu \u0101dai. Dienas kr\u0113ms ar SPF-15 acumirkl\u012b pies\u0101tin\u0101s j\u016bsu \u0101du ar mitrumu un c\u012bn\u012bsies ar noveco\u0161an\u0101s paz\u012bm\u0113m. Piem\u0113rots visiem \u0101das tipiem. Hialuronsk\u0101be ir sp\u0113c\u012bga sast\u0101vda\u013ca, kas piepilda \u0101du ar mitrumu. *Pept\u012bdu komplekss pal\u012bdz c\u012bn\u012bties ar \u0101das noveco\u0161an\u0101s paz\u012bm\u0113m. Formula ar SPF-15 aizsarg\u0101 \u0101du no kait\u012bg\u0101s UV starojuma ietekmes. Kr\u0113ms atjauno \u0101das vesel\u012bgo mirdzumu un samtaino tekst\u016bru.<\/p>\n<p>Lieto\u0161ana: uzkl\u0101jiet kr\u0113mu uz att\u012br\u012btas sejas un kakla \u0101das ar viegl\u0101m mas\u0113jo\u0161\u0101m kust\u012bb\u0101m un \u013caujiet tam ies\u016bkties. Izvairieties no zonas ap ac\u012bm. Glab\u0101jiet produktu kartona iepakojum\u0101.<br \/>\nPiesardz\u012bbas pas\u0101kumi: tikai \u0101r\u012bgai lieto\u0161anai. Ja iek\u013c\u016bst ac\u012bs, r\u016bp\u012bgi izskalojiet t\u0101s ar \u016bdeni, ja nepiecie\u0161ams, konsult\u0113jieties ar \u0101rstu.<\/p>\n<p>Br\u012bdin\u0101jums: iesp\u0113jama individu\u0101la paaugstin\u0101ta jut\u012bba pret atsevi\u0161\u0137\u0101m sast\u0101vda\u013c\u0101m. <\/p>\n<p>Der\u012bguma termi\u0146\u0161: 24 m\u0113ne\u0161i no izgatavo\u0161anas datuma.<\/p>\n<p>Uzglab\u0101t temperat\u016br\u0101 no +5 \u00b0C l\u012bdz +25\u00b0C, sarg\u0101jot no tie\u0161iem saules stariem. Uzglab\u0101t vismaz 0,5 m att\u0101lum\u0101 no apkures ier\u012bc\u0113m.<\/p>\n","protected":false},"excerpt":{"rendered":"<p>Viva Oliva s\u0113rijas mitrino\u0161s sejas kr\u0113ms \u2014 \u012bsts atradums j\u016bsu \u0101dai. Dienas kr\u0113ms ar SPF-15 acumirkl\u012b pies\u0101tin\u0101s j\u016bsu \u0101du ar mitrumu un c\u012bn\u012bsies ar noveco\u0161an\u0101s paz\u012bm\u0113m. Piem\u0113rots visiem \u0101das tipiem. Hialuronsk\u0101be ir sp\u0113c\u012bga sast\u0101vda\u013ca, kas piepilda \u0101du ar mitrumu. *Pept\u012bdu komplekss pal\u012bdz c\u012bn\u012bties ar \u0101das noveco\u0161an\u0101s paz\u012bm\u0113m. Formula ar SPF-15 aizsarg\u0101 \u0101du no kait\u012bg\u0101s UV [&#8230;]\n","protected":false},"featured_media":98796,"template":"","meta":[],"product_cat":[1999],"product_tag":[],"class_list":{"0":"post-60224","1":"product","2":"type-product","3":"status-publish","4":"has-post-thumbnail","6":"product_brand-aljans-krasoti_ua","7":"product_cat-bez-kategorijas","9":"first","10":"outofstock","11":"taxable","12":"shipping-taxable","13":"product-type-simple"},"_links":{"self":[{"href":"https:\/\/e.kosmolat.eu\/lv\/wp-json\/wp\/v2\/product\/60224","targetHints":{"allow":["GET"]}}],"collection":[{"href":"https:\/\/e.kosmolat.eu\/lv\/wp-json\/wp\/v2\/product"}],"about":[{"href":"https:\/\/e.kosmolat.eu\/lv\/wp-json\/wp\/v2\/types\/product"}],"wp:featuredmedia":[{"embeddable":true,"href":"https:\/\/e.kosmolat.eu\/lv\/wp-json\/wp\/v2\/media\/98796"}],"wp:attachment":[{"href":"https:\/\/e.kosmolat.eu\/lv\/wp-json\/wp\/v2\/media?parent=60224"}],"wp:term":[{"taxonomy":"product_cat","embeddable":true,"href":"https:\/\/e.kosmolat.eu\/lv\/wp-json\/wp\/v2\/product_cat?post=60224"},{"taxonomy":"product_tag","embeddable":true,"href":"https:\/\/e.kosmolat.eu\/lv\/wp-json\/wp\/v2\/product_tag?post=60224"}],"curies":[{"name":"wp","href":"https:\/\/api.w.org\/{rel}","templated":true}]}}