{"id":60214,"date":"2024-12-13T05:31:11","date_gmt":"2024-12-13T05:31:11","guid":{"rendered":"https:\/\/e.kosmolat.eu\/product\/%d1%83%d0%b2eae%d0%bd%d1%8fz%d1%89c%d0%b9-ncae%d1%83s%d0%be%d0%bd%d0%be%d0%b2u%d0%b9-n%d0%b5eu-ae%d1%8f-%d1%83%d0%bcu%d0%b2a%d0%bdc%d1%8f-150-%d0%bce-%d1%82%d0%bc-%d0%b2%d0%ba%d1%83%d1%81%d0%bdu\/"},"modified":"2026-04-21T08:32:10","modified_gmt":"2026-04-21T08:32:10","slug":"viva-oliva-mitrin-hialuronsk-zeleja-sejas-mazgas-saus-adai-150-ml","status":"publish","type":"product","link":"https:\/\/e.kosmolat.eu\/lv\/product\/viva-oliva-mitrin-hialuronsk-zeleja-sejas-mazgas-saus-adai-150-ml\/","title":{"rendered":"Viva Oliva Mitrin. hialuronsk. \u017eeleja sejas mazg\u0101\u0161. saus. \u0101dai, 150 ml"},"content":{"rendered":"<p>Att\u012bro\u0161a sejas mazg\u0101\u0161anas \u017eeleja viegli no\u0146em net\u012brumus un kosm\u0113tiku, savuk\u0101rt hialuronsk\u0101be piepilda epidermu ar mitrumu un svaigumu. Organisk\u0101 alveja uztur dabisko mitruma l\u012bmeni un nomierina \u0101du, bet ol\u012bve\u013c\u013ca pal\u012bdz to m\u012bkstin\u0101t. P\u0113c att\u012br\u012b\u0161anas \u0101da k\u013c\u016bst t\u012bra, gluda un pat\u012bkama taustei.<\/p>\n<p>Lieto\u0161ana: saputojiet nelielu \u017eelejas daudzumu plaukst\u0101s, uzkl\u0101jiet to uz mitras sejas \u0101das, p\u0113c tam noskalojiet ar \u016bdeni.<\/p>\n<p>Piesardz\u012bbas pas\u0101kumi: tikai \u0101r\u012bgai lieto\u0161anai. Ja iek\u013c\u016bst ac\u012bs, r\u016bp\u012bgi izskalojiet t\u0101s ar \u016bdeni, ja nepiecie\u0161ams, konsult\u0113jieties ar \u0101rstu.<\/p>\n<p>Br\u012bdin\u0101jums: iesp\u0113jama individu\u0101la paaugstin\u0101ta jut\u012bba pret atsevi\u0161\u0137\u0101m sast\u0101vda\u013c\u0101m. <\/p>\n<p>Der\u012bguma termi\u0146\u0161: 30 m\u0113ne\u0161i no izgatavo\u0161anas datuma.<\/p>\n<p>Uzglab\u0101t temperat\u016br\u0101 no +5 \u00b0C l\u012bdz +25\u00b0C, sarg\u0101jot no tie\u0161iem saules stariem. Uzglab\u0101t vismaz 0,5 m att\u0101lum\u0101 no apkures ier\u012bc\u0113m.<\/p>\n","protected":false},"excerpt":{"rendered":"<p>Att\u012bro\u0161a sejas mazg\u0101\u0161anas \u017eeleja viegli no\u0146em net\u012brumus un kosm\u0113tiku, savuk\u0101rt hialuronsk\u0101be piepilda epidermu ar mitrumu un svaigumu. Organisk\u0101 alveja uztur dabisko mitruma l\u012bmeni un nomierina \u0101du, bet ol\u012bve\u013c\u013ca pal\u012bdz to m\u012bkstin\u0101t. P\u0113c att\u012br\u012b\u0161anas \u0101da k\u013c\u016bst t\u012bra, gluda un pat\u012bkama taustei. Lieto\u0161ana: saputojiet nelielu \u017eelejas daudzumu plaukst\u0101s, uzkl\u0101jiet to uz mitras sejas \u0101das, p\u0113c tam noskalojiet [&#8230;]\n","protected":false},"featured_media":102845,"template":"","meta":[],"product_cat":[1835],"product_tag":[],"class_list":{"0":"post-60214","1":"product","2":"type-product","3":"status-publish","4":"has-post-thumbnail","6":"product_brand-aljans-krasoti_ua","7":"product_cat-prausimosi-putos","9":"first","10":"instock","11":"taxable","12":"shipping-taxable","13":"product-type-simple"},"_links":{"self":[{"href":"https:\/\/e.kosmolat.eu\/lv\/wp-json\/wp\/v2\/product\/60214","targetHints":{"allow":["GET"]}}],"collection":[{"href":"https:\/\/e.kosmolat.eu\/lv\/wp-json\/wp\/v2\/product"}],"about":[{"href":"https:\/\/e.kosmolat.eu\/lv\/wp-json\/wp\/v2\/types\/product"}],"wp:featuredmedia":[{"embeddable":true,"href":"https:\/\/e.kosmolat.eu\/lv\/wp-json\/wp\/v2\/media\/102845"}],"wp:attachment":[{"href":"https:\/\/e.kosmolat.eu\/lv\/wp-json\/wp\/v2\/media?parent=60214"}],"wp:term":[{"taxonomy":"product_cat","embeddable":true,"href":"https:\/\/e.kosmolat.eu\/lv\/wp-json\/wp\/v2\/product_cat?post=60214"},{"taxonomy":"product_tag","embeddable":true,"href":"https:\/\/e.kosmolat.eu\/lv\/wp-json\/wp\/v2\/product_tag?post=60214"}],"curies":[{"name":"wp","href":"https:\/\/api.w.org\/{rel}","templated":true}]}}