{"id":60206,"date":"2024-12-13T05:30:49","date_gmt":"2024-12-13T05:30:49","guid":{"rendered":"https:\/\/e.kosmolat.eu\/product\/%d0%be%d1%87c%d1%89az%d1%89c%d0%b9-%d0%bcco%d0%b5ee%d1%8fs%d0%bdu%d0%b9-n%d0%b5eu-ae%d1%8f-%d1%83%d0%bcu%d0%b2a%d0%bdc%d1%8f-150%d0%bce-%d1%82%d0%bc-%d0%b2%d0%ba%d1%83%d1%81%d0%bdu%d0%b5-%d1%81%d0%b5\/"},"modified":"2026-04-07T07:08:56","modified_gmt":"2026-04-07T07:08:56","slug":"viva-oliva-attirosa-micel-sejas-mazg-zeleja-visiem-adas-tip-150-ml","status":"publish","type":"product","link":"https:\/\/e.kosmolat.eu\/lv\/product\/viva-oliva-attirosa-micel-sejas-mazg-zeleja-visiem-adas-tip-150-ml\/","title":{"rendered":"Viva Oliva Att\u012bro\u0161a micel. sejas mazg. \u017eeleja visiem \u0101das tip., 150 ml"},"content":{"rendered":"<p>\u0100das mirdzums un to\u0146a izl\u012bdzin\u0101\u0161ana. Micel\u0101r\u0101 \u017eeleja ir ide\u0101li piem\u0113rota gan r\u012bta sejas att\u012br\u012b\u0161anai, gan vakara dzi\u013cajai \u0101das att\u012br\u012b\u0161anai no kosm\u0113tikas un net\u012brumiem. C vitam\u012bns pal\u012bdz atsvaidzin\u0101t, izl\u012bdzin\u0101t \u0101das toni un atgriezt pel\u0113kai \u0101dai dabisko mirdzumu. Ol\u012bve\u013c\u013ca veicina \u0101das m\u012bkstin\u0101\u0161anu, savuk\u0101rt prebiotikas nov\u0113r\u0161 \u0101das aps\u0101rtumu un stiprina t\u0101s aizsargfunkcijas. Izbaudiet piln\u012bgas t\u012br\u012bbas un svaiguma saj\u016btu ar Viva Oliva s\u0113rijas micel\u0101ro att\u012bro\u0161o \u017eeleju.<\/p>\n<p>Lieto\u0161ana: saputojiet nelielu \u017eelejas daudzumu plaukst\u0101s, uzkl\u0101jiet to uz mitras sejas \u0101das, p\u0113c tam noskalojiet ar \u016bdeni.<\/p>\n<p>Piesardz\u012bbas pas\u0101kumi: tikai \u0101r\u012bgai lieto\u0161anai. Ja iek\u013c\u016bst ac\u012bs, r\u016bp\u012bgi izskalojiet t\u0101s ar \u016bdeni, ja nepiecie\u0161ams, konsult\u0113jieties ar \u0101rstu.<\/p>\n<p>Br\u012bdin\u0101jums: iesp\u0113jama individu\u0101la paaugstin\u0101ta jut\u012bba pret atsevi\u0161\u0137\u0101m sast\u0101vda\u013c\u0101m. <\/p>\n<p>Der\u012bguma termi\u0146\u0161: 30 m\u0113ne\u0161i no izgatavo\u0161anas datuma.<\/p>\n<p>Uzglab\u0101t temperat\u016br\u0101 no +5 \u00b0C l\u012bdz +25\u00b0C, sarg\u0101jot no tie\u0161iem saules stariem. Uzglab\u0101t vismaz 0,5 m att\u0101lum\u0101 no apkures ier\u012bc\u0113m.<\/p>\n","protected":false},"excerpt":{"rendered":"<p>\u0100das mirdzums un to\u0146a izl\u012bdzin\u0101\u0161ana. Micel\u0101r\u0101 \u017eeleja ir ide\u0101li piem\u0113rota gan r\u012bta sejas att\u012br\u012b\u0161anai, gan vakara dzi\u013cajai \u0101das att\u012br\u012b\u0161anai no kosm\u0113tikas un net\u012brumiem. C vitam\u012bns pal\u012bdz atsvaidzin\u0101t, izl\u012bdzin\u0101t \u0101das toni un atgriezt pel\u0113kai \u0101dai dabisko mirdzumu. Ol\u012bve\u013c\u013ca veicina \u0101das m\u012bkstin\u0101\u0161anu, savuk\u0101rt prebiotikas nov\u0113r\u0161 \u0101das aps\u0101rtumu un stiprina t\u0101s aizsargfunkcijas. Izbaudiet piln\u012bgas t\u012br\u012bbas un svaiguma saj\u016btu [&#8230;]\n","protected":false},"featured_media":99682,"template":"","meta":[],"product_cat":[1575],"product_tag":[],"class_list":{"0":"post-60206","1":"product","2":"type-product","3":"status-publish","4":"has-post-thumbnail","6":"product_brand-aljans-krasoti_ua","7":"product_cat-zelejas","9":"first","10":"instock","11":"taxable","12":"shipping-taxable","13":"product-type-simple"},"_links":{"self":[{"href":"https:\/\/e.kosmolat.eu\/lv\/wp-json\/wp\/v2\/product\/60206","targetHints":{"allow":["GET"]}}],"collection":[{"href":"https:\/\/e.kosmolat.eu\/lv\/wp-json\/wp\/v2\/product"}],"about":[{"href":"https:\/\/e.kosmolat.eu\/lv\/wp-json\/wp\/v2\/types\/product"}],"wp:featuredmedia":[{"embeddable":true,"href":"https:\/\/e.kosmolat.eu\/lv\/wp-json\/wp\/v2\/media\/99682"}],"wp:attachment":[{"href":"https:\/\/e.kosmolat.eu\/lv\/wp-json\/wp\/v2\/media?parent=60206"}],"wp:term":[{"taxonomy":"product_cat","embeddable":true,"href":"https:\/\/e.kosmolat.eu\/lv\/wp-json\/wp\/v2\/product_cat?post=60206"},{"taxonomy":"product_tag","embeddable":true,"href":"https:\/\/e.kosmolat.eu\/lv\/wp-json\/wp\/v2\/product_tag?post=60206"}],"curies":[{"name":"wp","href":"https:\/\/api.w.org\/{rel}","templated":true}]}}