{"id":60198,"date":"2024-12-13T05:30:26","date_gmt":"2024-12-13T05:30:26","guid":{"rendered":"https:\/\/e.kosmolat.eu\/product\/%d0%be%d1%87c%d1%89az%d1%89a%d1%8f-ncae%d1%83s%d0%be%d0%bd%d0%be%d0%b2a%d1%8f-%d0%bf%d0%b5%d0%bd%d0%baa-ae%d1%8f-%d1%83%d0%bcu%d0%b2a%d0%bdc%d1%8f-150-%d0%bce-%d1%82%d0%bc-%d0%b2%d0%ba%d1%83%d1%81\/"},"modified":"2026-04-20T11:57:23","modified_gmt":"2026-04-20T11:57:23","slug":"i_viva-oliva-attirosas-hialuronsk-sejas-mazg-putas-sausai-adai-150-ml","status":"publish","type":"product","link":"https:\/\/e.kosmolat.eu\/lv\/product\/i_viva-oliva-attirosas-hialuronsk-sejas-mazg-putas-sausai-adai-150-ml\/","title":{"rendered":"I_Viva Oliva Att\u012bro\u0161as hialuronsk. sejas mazg. putas sausai \u0101dai, 150 ml"},"content":{"rendered":"<p>Sejas mazg\u0101\u0161anas putas maigi att\u012bra \u0101du no net\u012brumiem, no\u0146em lieko sebumu un kosm\u0113tikas paliekas. Formula ir bag\u0101tin\u0101ta ar hialuronsk\u0101bi, ol\u012bve\u013c\u013cu, prebiotik\u0101m un organisko alveju.<br \/>\nLieto\u0161ana: uzkl\u0101t putas uz mitras sejas un kakla \u0101das ar viegl\u0101m mas\u0113jo\u0161\u0101m kust\u012bb\u0101m, p\u0113c tam noskalot ar \u016bdeni.<\/p>\n<p>Piesardz\u012bbas pas\u0101kumi: tikai \u0101r\u012bgai lieto\u0161anai. Ja iek\u013c\u016bst ac\u012bs, r\u016bp\u012bgi izskalojiet t\u0101s ar \u016bdeni, ja nepiecie\u0161ams, konsult\u0113jieties ar \u0101rstu.<\/p>\n<p>Br\u012bdin\u0101jums: iesp\u0113jama individu\u0101la paaugstin\u0101ta jut\u012bba pret atsevi\u0161\u0137\u0101m sast\u0101vda\u013c\u0101m. <\/p>\n<p>Der\u012bguma termi\u0146\u0161: 30 m\u0113ne\u0161i no izgatavo\u0161anas datuma.<\/p>\n<p>Uzglab\u0101t temperat\u016br\u0101 no +5 \u00b0C l\u012bdz +25\u00b0C, sarg\u0101jot no tie\u0161iem saules stariem. Uzglab\u0101t vismaz 0,5 m att\u0101lum\u0101 no apkures ier\u012bc\u0113m.<\/p>\n","protected":false},"excerpt":{"rendered":"<p>Sejas mazg\u0101\u0161anas putas maigi att\u012bra \u0101du no net\u012brumiem, no\u0146em lieko sebumu un kosm\u0113tikas paliekas. Formula ir bag\u0101tin\u0101ta ar hialuronsk\u0101bi, ol\u012bve\u013c\u013cu, prebiotik\u0101m un organisko alveju. Lieto\u0161ana: uzkl\u0101t putas uz mitras sejas un kakla \u0101das ar viegl\u0101m mas\u0113jo\u0161\u0101m kust\u012bb\u0101m, p\u0113c tam noskalot ar \u016bdeni. Piesardz\u012bbas pas\u0101kumi: tikai \u0101r\u012bgai lieto\u0161anai. Ja iek\u013c\u016bst ac\u012bs, r\u016bp\u012bgi izskalojiet t\u0101s ar \u016bdeni, [&#8230;]\n","protected":false},"featured_media":102841,"template":"","meta":[],"product_cat":[1833],"product_tag":[],"class_list":{"0":"post-60198","1":"product","2":"type-product","3":"status-publish","4":"has-post-thumbnail","6":"product_brand-sale","7":"product_cat-putas-sejas-mazgasanai","9":"first","10":"instock","11":"taxable","12":"shipping-taxable","13":"product-type-simple"},"_links":{"self":[{"href":"https:\/\/e.kosmolat.eu\/lv\/wp-json\/wp\/v2\/product\/60198","targetHints":{"allow":["GET"]}}],"collection":[{"href":"https:\/\/e.kosmolat.eu\/lv\/wp-json\/wp\/v2\/product"}],"about":[{"href":"https:\/\/e.kosmolat.eu\/lv\/wp-json\/wp\/v2\/types\/product"}],"wp:featuredmedia":[{"embeddable":true,"href":"https:\/\/e.kosmolat.eu\/lv\/wp-json\/wp\/v2\/media\/102841"}],"wp:attachment":[{"href":"https:\/\/e.kosmolat.eu\/lv\/wp-json\/wp\/v2\/media?parent=60198"}],"wp:term":[{"taxonomy":"product_cat","embeddable":true,"href":"https:\/\/e.kosmolat.eu\/lv\/wp-json\/wp\/v2\/product_cat?post=60198"},{"taxonomy":"product_tag","embeddable":true,"href":"https:\/\/e.kosmolat.eu\/lv\/wp-json\/wp\/v2\/product_tag?post=60198"}],"curies":[{"name":"wp","href":"https:\/\/api.w.org\/{rel}","templated":true}]}}