{"id":60190,"date":"2024-12-13T05:18:17","date_gmt":"2024-12-13T05:18:17","guid":{"rendered":"https:\/\/e.kosmolat.eu\/product\/iaeu%d0%b7a%d0%bc-ae%d1%8f-%d0%bd%d0%ben-%d0%bfs%d0%be%d1%84cea%d0%ba%d1%82c%d0%baa-%d1%82s%d0%b5%d1%89c%d0%bd-%d1%81%d1%82%d1%83%d0%bf%d0%bd%d0%b5%d0%b9-%d1%81-%d0%beec%d0%b2%d0%ba%d0%be%d0%b2u\/"},"modified":"2026-04-22T10:26:04","modified_gmt":"2026-04-22T10:26:04","slug":"viva-oliva-kaju-balz-pedu-plaisu-profilaks-ar-olivellu-un-smiltserks-ellu-275-ml","status":"publish","type":"product","link":"https:\/\/e.kosmolat.eu\/lv\/product\/viva-oliva-kaju-balz-pedu-plaisu-profilaks-ar-olivellu-un-smiltserks-ellu-275-ml\/","title":{"rendered":"Viva Oliva K\u0101ju balz. p\u0113du plaisu profilaks. ar ol\u012bve\u013clu un smilts\u0113rk\u0161. e\u013clu, 275 ml"},"content":{"rendered":"<p>Balzams ir paredz\u0113ts k\u0101ju \u0101dai, kas ir pak\u013cauta plais\u0101\u0161anai. Ol\u012bvu un smilts\u0113rk\u0161\u0137u e\u013c\u013cas veicina sausas, rupjas \u0101das baro\u0161anu, nov\u0113r\u0161ot plaisu veido\u0161anos.<\/p>\n<p>Lieto\u0161ana: ar mas\u0113jo\u0161\u0101m kust\u012bb\u0101m uzkl\u0101jiet uz t\u012bras p\u0113du \u0101das.<\/p>\n<p>Piesardz\u012bbas pas\u0101kumi: tikai \u0101r\u012bgai lieto\u0161anai. Ja iek\u013c\u016bst ac\u012bs, r\u016bp\u012bgi izskalojiet t\u0101s ar \u016bdeni, ja nepiecie\u0161ams, konsult\u0113jieties ar \u0101rstu.<br \/>\nBr\u012bdin\u0101jums: iesp\u0113jama individu\u0101la paaugstin\u0101ta jut\u012bba pret atsevi\u0161\u0137\u0101m sast\u0101vda\u013c\u0101m. <\/p>\n<p>Der\u012bguma termi\u0146\u0161: 24 m\u0113ne\u0161i no izgatavo\u0161anas datuma.<\/p>\n<p>Uzglab\u0101t temperat\u016br\u0101 no +5 \u00b0C l\u012bdz +25\u00b0C, sarg\u0101jot no tie\u0161iem saules stariem. Uzglab\u0101t vismaz 0,5 m att\u0101lum\u0101 no apkures ier\u012bc\u0113m.<\/p>\n","protected":false},"excerpt":{"rendered":"<p>Balzams ir paredz\u0113ts k\u0101ju \u0101dai, kas ir pak\u013cauta plais\u0101\u0161anai. Ol\u012bvu un smilts\u0113rk\u0161\u0137u e\u013c\u013cas veicina sausas, rupjas \u0101das baro\u0161anu, nov\u0113r\u0161ot plaisu veido\u0161anos. Lieto\u0161ana: ar mas\u0113jo\u0161\u0101m kust\u012bb\u0101m uzkl\u0101jiet uz t\u012bras p\u0113du \u0101das. Piesardz\u012bbas pas\u0101kumi: tikai \u0101r\u012bgai lieto\u0161anai. Ja iek\u013c\u016bst ac\u012bs, r\u016bp\u012bgi izskalojiet t\u0101s ar \u016bdeni, ja nepiecie\u0161ams, konsult\u0113jieties ar \u0101rstu. Br\u012bdin\u0101jums: iesp\u0113jama individu\u0101la paaugstin\u0101ta jut\u012bba pret atsevi\u0161\u0137\u0101m [&#8230;]\n","protected":false},"featured_media":98936,"template":"","meta":[],"product_cat":[2181],"product_tag":[],"class_list":{"0":"post-60190","1":"product","2":"type-product","3":"status-publish","4":"has-post-thumbnail","6":"product_brand-aljans-krasoti_ua","7":"product_cat-bez-kategorijas-lt","9":"first","10":"instock","11":"taxable","12":"shipping-taxable","13":"product-type-simple"},"_links":{"self":[{"href":"https:\/\/e.kosmolat.eu\/lv\/wp-json\/wp\/v2\/product\/60190","targetHints":{"allow":["GET"]}}],"collection":[{"href":"https:\/\/e.kosmolat.eu\/lv\/wp-json\/wp\/v2\/product"}],"about":[{"href":"https:\/\/e.kosmolat.eu\/lv\/wp-json\/wp\/v2\/types\/product"}],"wp:featuredmedia":[{"embeddable":true,"href":"https:\/\/e.kosmolat.eu\/lv\/wp-json\/wp\/v2\/media\/98936"}],"wp:attachment":[{"href":"https:\/\/e.kosmolat.eu\/lv\/wp-json\/wp\/v2\/media?parent=60190"}],"wp:term":[{"taxonomy":"product_cat","embeddable":true,"href":"https:\/\/e.kosmolat.eu\/lv\/wp-json\/wp\/v2\/product_cat?post=60190"},{"taxonomy":"product_tag","embeddable":true,"href":"https:\/\/e.kosmolat.eu\/lv\/wp-json\/wp\/v2\/product_tag?post=60190"}],"curies":[{"name":"wp","href":"https:\/\/api.w.org\/{rel}","templated":true}]}}