{"id":60166,"date":"2024-12-11T05:05:37","date_gmt":"2024-12-11T05:05:37","guid":{"rendered":"https:\/\/e.kosmolat.eu\/product\/eov-good-girl-davanu-kompl-parf-pilinga-dusas-zel-300-ml-parf-kerm-losjons-300-ml\/"},"modified":"2024-12-13T05:03:48","modified_gmt":"2024-12-13T05:03:48","slug":"eov-good-girl-davanu-kompl-parf-pilinga-dusas-zel-300-ml-parf-kerm-losjons-300-ml","status":"publish","type":"product","link":"https:\/\/e.kosmolat.eu\/lv\/product\/eov-good-girl-davanu-kompl-parf-pilinga-dusas-zel-300-ml-parf-kerm-losjons-300-ml\/","title":{"rendered":"EOV Good Girl d\u0101vanu kompl. (Parf. p\u012blinga du\u0161as \u017eel., 300 ml + Parf. \u0137erm. losjons, 300 ml)"},"content":{"rendered":"<p>Komplekta saturs:<br \/>\n1. GOOD GIRL Parfim\u0113ta p\u012blinga du\u0161as \u017eeleja, 300 ml<br \/>\n2. SILVER Parfim\u0113ts \u0137erme\u0146a losjons, 300 ml<\/p>\n<p>1. GOOD GIRL Parfim\u0113ta p\u012blinga du\u0161as \u017eeleja<br \/>\n\u2022 Maigi att\u012bra un noloba \u0101du<br \/>\n\u2022 Arom\u0101ta tips: austrumu, ziedu, ar \u0161leifu<br \/>\nLieto\u0161ana: Uzkl\u0101jiet p\u012blinga du\u0161as \u017eeleju uz mitras \u0101das, saputojiet un noskalojiet ar \u016bdeni. Satur A vitam\u012bnu. L\u016bgums pirms lieto\u0161anas p\u0101rdom\u0101t savu dienas devu.<\/p>\n<p>2. SILVER Parfim\u0113ts \u0137erme\u0146a losjons<br \/>\n\u2022 Mitrin\u0101\u0161ana, maigums, kop\u0161ana; ar ol\u012bve\u013c\u013cu un mirdzumu<br \/>\n\u2022 Arom\u0101ta tips: viegls, aug\u013cu, ziedu-ambras<br \/>\nLieto\u0161ana: Uzkl\u0101t losjonu uz \u0101das.<\/p>\n<p>Piesardz\u012bbas pas\u0101kumi: tikai \u0101r\u012bgai lieto\u0161anai. Ja iek\u013c\u016bst ac\u012bs, r\u016bp\u012bgi izskalojiet t\u0101s ar \u016bdeni, ja nepiecie\u0161ams, konsult\u0113jieties ar \u0101rstu.<\/p>\n<p>Br\u012bdin\u0101jums: iesp\u0113jama individu\u0101la paaugstin\u0101ta jut\u012bba pret atsevi\u0161\u0137\u0101m sast\u0101vda\u013c\u0101m. <\/p>\n<p>Uzglab\u0101t temperat\u016br\u0101 no +5 \u00b0C l\u012bdz +25\u00b0C, sarg\u0101jot no tie\u0161iem saules stariem. Uzglab\u0101t vismaz 0,5 m att\u0101lum\u0101 no apkures ier\u012bc\u0113m.<\/p>\n","protected":false},"excerpt":{"rendered":"<p>Komplekta saturs: 1. GOOD GIRL Parfim\u0113ta p\u012blinga du\u0161as \u017eeleja, 300 ml 2. SILVER Parfim\u0113ts \u0137erme\u0146a losjons, 300 ml 1. GOOD GIRL Parfim\u0113ta p\u012blinga du\u0161as \u017eeleja \u2022 Maigi att\u012bra un noloba \u0101du \u2022 Arom\u0101ta tips: austrumu, ziedu, ar \u0161leifu Lieto\u0161ana: Uzkl\u0101jiet p\u012blinga du\u0161as \u017eeleju uz mitras \u0101das, saputojiet un noskalojiet ar \u016bdeni. Satur A vitam\u012bnu. L\u016bgums [&#8230;]\n","protected":false},"featured_media":60170,"template":"","meta":[],"product_cat":[1853],"product_tag":[],"class_list":{"0":"post-60166","1":"product","2":"type-product","3":"status-publish","4":"has-post-thumbnail","6":"product_brand-aljans-krasoti_ua","7":"product_cat-davanu-komplekti-sievietem","9":"first","10":"outofstock","11":"taxable","12":"shipping-taxable","13":"product-type-simple"},"_links":{"self":[{"href":"https:\/\/e.kosmolat.eu\/lv\/wp-json\/wp\/v2\/product\/60166","targetHints":{"allow":["GET"]}}],"collection":[{"href":"https:\/\/e.kosmolat.eu\/lv\/wp-json\/wp\/v2\/product"}],"about":[{"href":"https:\/\/e.kosmolat.eu\/lv\/wp-json\/wp\/v2\/types\/product"}],"wp:featuredmedia":[{"embeddable":true,"href":"https:\/\/e.kosmolat.eu\/lv\/wp-json\/wp\/v2\/media\/60170"}],"wp:attachment":[{"href":"https:\/\/e.kosmolat.eu\/lv\/wp-json\/wp\/v2\/media?parent=60166"}],"wp:term":[{"taxonomy":"product_cat","embeddable":true,"href":"https:\/\/e.kosmolat.eu\/lv\/wp-json\/wp\/v2\/product_cat?post=60166"},{"taxonomy":"product_tag","embeddable":true,"href":"https:\/\/e.kosmolat.eu\/lv\/wp-json\/wp\/v2\/product_tag?post=60166"}],"curies":[{"name":"wp","href":"https:\/\/api.w.org\/{rel}","templated":true}]}}