{"id":60131,"date":"2024-12-10T05:08:05","date_gmt":"2024-12-10T05:08:05","guid":{"rendered":"https:\/\/e.kosmolat.eu\/product\/ola-hig-ultraplanas-siev-paketes-stipriem-izdal-ar-samtainu-tiklinu-8\/"},"modified":"2025-01-13T08:46:12","modified_gmt":"2025-01-13T08:46:12","slug":"ola-hig-ultraplanas-siev-paketes-stipriem-izdal-ar-samtainu-tiklinu-8","status":"publish","type":"product","link":"https:\/\/e.kosmolat.eu\/lv\/product\/ola-hig-ultraplanas-siev-paketes-stipriem-izdal-ar-samtainu-tiklinu-8\/","title":{"rendered":"&#8220;Ola!&#8221; Hig.ultrapl\u0101n\u0101s siev.paketes stipriem izdal. ar samtainu t\u012bkli\u0146u 8"},"content":{"rendered":"<p>Tiek lietots pilnveidots materi\u0101ls: samtains aug\u0161\u0113jais sl\u0101nis &#8211; nosedz t\u012bkli\u0146u, padarot to maigu k\u0101 kokvilnu.<\/p>\n<p>T\u012bkli\u0146\u0161 &#8211; \u0101tri nog\u0101d\u0101 \u0161\u0137idrumu iek\u0161pus\u0113, nodro\u0161inot sausumu.&nbsp;<\/p>\n<p>Aizsargkont\u016bras.<\/p>\n<p>\u012apa\u0161i absorb\u0113jo\u0161\u0101 \u017eeleja &#8211; &#8220;notur&#8221; \u0161\u0137idrumu paketes iek\u0161pus\u0113, aizsarg\u0101jot pret nopl\u016bd\u0113m.&nbsp;<\/p>\n<p>Gofr\u0113tie sp\u0101rni\u0146i &#8211; cie\u0161i piegu\u013c apak\u0161ve\u013cai un nodro\u0161ina t\u0101s aizsardz\u012bbu.&nbsp;<\/p>\n<p>Atdalo\u0161i celi\u0146i p\u0101rvirza \u0161\u0137idrumu, izpaltot to kont\u016bru iek\u0161pus\u0113.<\/p>\n<p>Pagarin\u0101ta pakete &#8211; palielin\u0101ta aizmugur\u0113j\u0101 da\u013ca.&nbsp;<\/p>\n<p>Paketes biezums 3mm +-1 mm.<\/p><\/p>\n","protected":false},"excerpt":{"rendered":"<p>Tiek lietots pilnveidots materi\u0101ls: samtains aug\u0161\u0113jais sl\u0101nis &#8211; nosedz t\u012bkli\u0146u, padarot to maigu k\u0101 kokvilnu. T\u012bkli\u0146\u0161 &#8211; \u0101tri nog\u0101d\u0101 \u0161\u0137idrumu iek\u0161pus\u0113, nodro\u0161inot sausumu.&nbsp; Aizsargkont\u016bras. \u012apa\u0161i absorb\u0113jo\u0161\u0101 \u017eeleja &#8211; &#8220;notur&#8221; \u0161\u0137idrumu paketes iek\u0161pus\u0113, aizsarg\u0101jot pret nopl\u016bd\u0113m.&nbsp; Gofr\u0113tie sp\u0101rni\u0146i &#8211; cie\u0161i piegu\u013c apak\u0161ve\u013cai un nodro\u0161ina t\u0101s aizsardz\u012bbu.&nbsp; Atdalo\u0161i celi\u0146i p\u0101rvirza \u0161\u0137idrumu, izpaltot to kont\u016bru iek\u0161pus\u0113. Pagarin\u0101ta pakete [&#8230;]\n","protected":false},"featured_media":60135,"template":"","meta":[],"product_cat":[1813],"product_tag":[],"class_list":{"0":"post-60131","1":"product","2":"type-product","3":"status-publish","4":"has-post-thumbnail","6":"product_brand-malina-akcija","7":"product_cat-higienas-paketes-un-tamponi","9":"first","10":"outofstock","11":"taxable","12":"shipping-taxable","13":"product-type-simple"},"_links":{"self":[{"href":"https:\/\/e.kosmolat.eu\/lv\/wp-json\/wp\/v2\/product\/60131","targetHints":{"allow":["GET"]}}],"collection":[{"href":"https:\/\/e.kosmolat.eu\/lv\/wp-json\/wp\/v2\/product"}],"about":[{"href":"https:\/\/e.kosmolat.eu\/lv\/wp-json\/wp\/v2\/types\/product"}],"wp:featuredmedia":[{"embeddable":true,"href":"https:\/\/e.kosmolat.eu\/lv\/wp-json\/wp\/v2\/media\/60135"}],"wp:attachment":[{"href":"https:\/\/e.kosmolat.eu\/lv\/wp-json\/wp\/v2\/media?parent=60131"}],"wp:term":[{"taxonomy":"product_cat","embeddable":true,"href":"https:\/\/e.kosmolat.eu\/lv\/wp-json\/wp\/v2\/product_cat?post=60131"},{"taxonomy":"product_tag","embeddable":true,"href":"https:\/\/e.kosmolat.eu\/lv\/wp-json\/wp\/v2\/product_tag?post=60131"}],"curies":[{"name":"wp","href":"https:\/\/api.w.org\/{rel}","templated":true}]}}