{"id":60115,"date":"2024-12-10T05:07:23","date_gmt":"2024-12-10T05:07:23","guid":{"rendered":"https:\/\/e.kosmolat.eu\/product\/tesla-batteries-cr-1620-cr-1620-blister-5-pcs\/"},"modified":"2025-09-19T21:18:24","modified_gmt":"2025-09-19T21:18:24","slug":"tesla-batteries-cr-1620-cr-1620-blister-5-pcs","status":"publish","type":"product","link":"https:\/\/e.kosmolat.eu\/lv\/product\/tesla-batteries-cr-1620-cr-1620-blister-5-pcs\/","title":{"rendered":"TESLA BATTERIES CR 1620 (CR 1620\/ BLISTER 5 PCS)"},"content":{"rendered":"<p>Piev\u0113rsiet uzman\u012bbu polarit\u0101tei. Neuzl\u0101d\u0113t. Neizjaukt. Nenor\u012bt. Nemest ugun\u012b. Izvair\u012bties no \u012bssavienojuma. Lai aktiviz\u0113tu baterijas no\u0146emiet aizsargiepakojumu. Uzglab\u0101t b\u0113rniem nepieejam\u0101 viet\u0101.&nbsp;<\/p>\n","protected":false},"excerpt":{"rendered":"<p>Piev\u0113rsiet uzman\u012bbu polarit\u0101tei. Neuzl\u0101d\u0113t. Neizjaukt. Nenor\u012bt. Nemest ugun\u012b. Izvair\u012bties no \u012bssavienojuma. Lai aktiviz\u0113tu baterijas no\u0146emiet aizsargiepakojumu. Uzglab\u0101t b\u0113rniem nepieejam\u0101 viet\u0101.&nbsp;<\/p>\n","protected":false},"featured_media":84886,"template":"","meta":[],"product_cat":[1726],"product_tag":[],"class_list":{"0":"post-60115","1":"product","2":"type-product","3":"status-publish","4":"has-post-thumbnail","6":"product_brand-tesla","7":"product_cat-tirisanas-piederumi-un-preces-majai","9":"first","10":"outofstock","11":"taxable","12":"shipping-taxable","13":"product-type-simple"},"_links":{"self":[{"href":"https:\/\/e.kosmolat.eu\/lv\/wp-json\/wp\/v2\/product\/60115","targetHints":{"allow":["GET"]}}],"collection":[{"href":"https:\/\/e.kosmolat.eu\/lv\/wp-json\/wp\/v2\/product"}],"about":[{"href":"https:\/\/e.kosmolat.eu\/lv\/wp-json\/wp\/v2\/types\/product"}],"wp:featuredmedia":[{"embeddable":true,"href":"https:\/\/e.kosmolat.eu\/lv\/wp-json\/wp\/v2\/media\/84886"}],"wp:attachment":[{"href":"https:\/\/e.kosmolat.eu\/lv\/wp-json\/wp\/v2\/media?parent=60115"}],"wp:term":[{"taxonomy":"product_cat","embeddable":true,"href":"https:\/\/e.kosmolat.eu\/lv\/wp-json\/wp\/v2\/product_cat?post=60115"},{"taxonomy":"product_tag","embeddable":true,"href":"https:\/\/e.kosmolat.eu\/lv\/wp-json\/wp\/v2\/product_tag?post=60115"}],"curies":[{"name":"wp","href":"https:\/\/api.w.org\/{rel}","templated":true}]}}