{"id":60107,"date":"2024-12-10T05:07:02","date_gmt":"2024-12-10T05:07:02","guid":{"rendered":"https:\/\/e.kosmolat.eu\/product\/naturalist-maska-pleve-melna-ogle-14-ml\/"},"modified":"2025-09-19T18:03:36","modified_gmt":"2025-09-19T18:03:36","slug":"naturalist-maska-pleve-melna-ogle-14-ml","status":"publish","type":"product","link":"https:\/\/e.kosmolat.eu\/lv\/product\/naturalist-maska-pleve-melna-ogle-14-ml\/","title":{"rendered":"&#8220;Naturalist&#8221; Maska-pl\u0113ve &#8220;Meln\u0101 ogle&#8221;, 14 ml"},"content":{"rendered":"<p>Dzi\u013ci att\u012bro\u0161a. Visiem matu tipiem, \u012bpa\u0161i rekomend\u0113ta \u0101dai ar liel\u0101m por\u0101m, ar tendenci uz komedoniem. Maska att\u012bra \u0101du no net\u012brumiem, pie\u0161\u0137ir \u0101dai svaiguma saj\u016btu. Maska, kas atbr\u012bvo poras no liekiem \u0101das taukiem un putek\u013ciem, veicina poru sa\u0161aurin\u0101\u0161anu, mat\u0113, pies\u0101tina \u0101du ar sk\u0101bekli, nov\u0113r\u0161 noguruma p\u0113das, efekt\u012bvi c\u012bn\u0101s ar akne un pin\u0146u izsitumu sek\u0101m, atgrie\u017e \u0101dai dabisku svaigumu un mirdzumu. Aktiviz\u0113t\u0101 kokogle atver poras, k\u0101 magn\u0113ts izvelk no por\u0101m toks\u012bnus un net\u012brumus, nov\u0113r\u0161 \u0101das taukus, un pateicoties savai porainai tekst\u016brai, burtiski uzs\u016bc visus net\u012brumus. Lotosa ekstrakts atjaunina, tam piem\u012bt antioksidantu aktivit\u0101te, atjaunina bl\u0101vu \u0101du un paaugstina t\u0101s elast\u012bbu, samazina \u0101das tauku izdal\u012b\u0161anos, aktiviz\u0113 \u0101das elpo\u0161anu, nov\u0113r\u0161 iekaisumus un melnos punktus, izl\u012bdzina sejas kr\u0101su, \u0101da k\u013c\u016bst t\u012bra un skaista. Pupura ehinacejas ekstrakts&nbsp;<br \/>\nLieto\u0161ana: uzreiz p\u0113c iepakojuma atv\u0113r\u0161anas uzkl\u0101jiet masku uz att\u012br\u012btas sejas \u0101das vienm\u0113r\u012bg\u0101 pl\u0101n\u0101 sl\u0101n\u012b, iz\u0146emot \u0101du ap ac\u012bm un l\u016bp\u0101m. Neiesm\u0113r\u0113jiet! Atst\u0101jiet uz 15-20 min\u016bt\u0113m, p\u0101rliecinieties, ka maska ir iz\u017euvusi, un uzman\u012bgi no\u0146emiet to no apak\u0161as uz aug\u0161u. Noskalojiet seju ar \u016bdeni. Piesardz\u012bbas pas\u0101kumi: tikai \u0101r\u012bgai lieto\u0161anai. Uzglab\u0101t b\u0113rniem nepieejam\u0101 viet\u0101. Ja iek\u013c\u016bst ac\u012bs, nomazg\u0101t ar \u016bdeni. Uzglab\u0101t v\u0113s\u0101, tum\u0161\u0101 viet\u0101.<\/p>\n","protected":false},"excerpt":{"rendered":"<p>Dzi\u013ci att\u012bro\u0161a. Visiem matu tipiem, \u012bpa\u0161i rekomend\u0113ta \u0101dai ar liel\u0101m por\u0101m, ar tendenci uz komedoniem. Maska att\u012bra \u0101du no net\u012brumiem, pie\u0161\u0137ir \u0101dai svaiguma saj\u016btu. Maska, kas atbr\u012bvo poras no liekiem \u0101das taukiem un putek\u013ciem, veicina poru sa\u0161aurin\u0101\u0161anu, mat\u0113, pies\u0101tina \u0101du ar sk\u0101bekli, nov\u0113r\u0161 noguruma p\u0113das, efekt\u012bvi c\u012bn\u0101s ar akne un pin\u0146u izsitumu sek\u0101m, atgrie\u017e \u0101dai [&#8230;]\n","protected":false},"featured_media":81402,"template":"","meta":[],"product_cat":[1369],"product_tag":[],"class_list":{"0":"post-60107","1":"product","2":"type-product","3":"status-publish","4":"has-post-thumbnail","6":"product_brand-malina-akcija","7":"product_cat-veido-kaukes","9":"first","10":"outofstock","11":"taxable","12":"shipping-taxable","13":"product-type-simple"},"_links":{"self":[{"href":"https:\/\/e.kosmolat.eu\/lv\/wp-json\/wp\/v2\/product\/60107","targetHints":{"allow":["GET"]}}],"collection":[{"href":"https:\/\/e.kosmolat.eu\/lv\/wp-json\/wp\/v2\/product"}],"about":[{"href":"https:\/\/e.kosmolat.eu\/lv\/wp-json\/wp\/v2\/types\/product"}],"wp:featuredmedia":[{"embeddable":true,"href":"https:\/\/e.kosmolat.eu\/lv\/wp-json\/wp\/v2\/media\/81402"}],"wp:attachment":[{"href":"https:\/\/e.kosmolat.eu\/lv\/wp-json\/wp\/v2\/media?parent=60107"}],"wp:term":[{"taxonomy":"product_cat","embeddable":true,"href":"https:\/\/e.kosmolat.eu\/lv\/wp-json\/wp\/v2\/product_cat?post=60107"},{"taxonomy":"product_tag","embeddable":true,"href":"https:\/\/e.kosmolat.eu\/lv\/wp-json\/wp\/v2\/product_tag?post=60107"}],"curies":[{"name":"wp","href":"https:\/\/api.w.org\/{rel}","templated":true}]}}