{"id":60091,"date":"2024-12-10T05:06:22","date_gmt":"2024-12-10T05:06:22","guid":{"rendered":"https:\/\/e.kosmolat.eu\/product\/cl-nakts-krems-sejai-no-60-gadu-vec-vigrieze-irbene-45-ml\/"},"modified":"2025-09-19T17:06:25","modified_gmt":"2025-09-19T17:06:25","slug":"cl-nakts-krems-sejai-no-60-gadu-vec-vigrieze-irbene-45-ml","status":"publish","type":"product","link":"https:\/\/e.kosmolat.eu\/lv\/product\/cl-nakts-krems-sejai-no-60-gadu-vec-vigrieze-irbene-45-ml\/","title":{"rendered":"CL Nakts kr\u0113ms sejai no 60 gadu vec., v\u012bgrieze, irbene, 45 ml"},"content":{"rendered":"<p>Nakts kr\u0113ms dzi\u013ci baro un palielina \u0101das tvirtumu, izl\u012bdzina grumbas. Akt\u012bvais augu izcelsmes komplekss Bio-kolag\u0113ns atjauno \u0101das tvirtumu, stimul\u0113 kolag\u0113na izstr\u0101di, mitrina un pal\u012bdz saglab\u0101t mitrumu \u0101d\u0101.<br \/>\n97% dab\u012bgas izcelsmes sast\u0101vda\u013cu. V\u012bgrieze, irbene, v\u0113rt\u012bg\u0101s e\u013c\u013cas dzi\u013cai mitrin\u0101\u0161anai (\u0161\u012b svieste\u013c\u013ca, ol\u012bve\u013c\u013ca, lins\u0113klu e\u013c\u013ca). Bag\u0101ti ar C vitam\u012bnu, omega-3 un antioksidantiem.&nbsp;<\/p>\n<p><strong>Lieto\u0161ana:<\/strong> vakar\u0101 ar viegl\u0101m mas\u0113jo\u0161\u0101m kust\u012bb\u0101m uzkl\u0101jiet kr\u0113mu uz t\u012br\u0101s sejas un kakla \u0101das. Kad kr\u0113ms uzs\u016bcas, ja nepiecie\u0161ams, atk\u0101rtoti uzkl\u0101jiet to dzi\u013c\u0101kai iedarb\u012bbai.<\/p>\n","protected":false},"excerpt":{"rendered":"<p>Nakts kr\u0113ms dzi\u013ci baro un palielina \u0101das tvirtumu, izl\u012bdzina grumbas. Akt\u012bvais augu izcelsmes komplekss Bio-kolag\u0113ns atjauno \u0101das tvirtumu, stimul\u0113 kolag\u0113na izstr\u0101di, mitrina un pal\u012bdz saglab\u0101t mitrumu \u0101d\u0101. 97% dab\u012bgas izcelsmes sast\u0101vda\u013cu. V\u012bgrieze, irbene, v\u0113rt\u012bg\u0101s e\u013c\u013cas dzi\u013cai mitrin\u0101\u0161anai (\u0161\u012b svieste\u013c\u013ca, ol\u012bve\u013c\u013ca, lins\u0113klu e\u013c\u013ca). Bag\u0101ti ar C vitam\u012bnu, omega-3 un antioksidantiem.&nbsp; Lieto\u0161ana: vakar\u0101 ar viegl\u0101m mas\u0113jo\u0161\u0101m kust\u012bb\u0101m [&#8230;]\n","protected":false},"featured_media":80462,"template":"","meta":[],"product_cat":[1320],"product_tag":[],"class_list":{"0":"post-60091","1":"product","2":"type-product","3":"status-publish","4":"has-post-thumbnail","6":"product_brand-unilever-rus","7":"product_cat-sejas-kremi","9":"first","10":"outofstock","11":"taxable","12":"shipping-taxable","13":"product-type-simple"},"_links":{"self":[{"href":"https:\/\/e.kosmolat.eu\/lv\/wp-json\/wp\/v2\/product\/60091","targetHints":{"allow":["GET"]}}],"collection":[{"href":"https:\/\/e.kosmolat.eu\/lv\/wp-json\/wp\/v2\/product"}],"about":[{"href":"https:\/\/e.kosmolat.eu\/lv\/wp-json\/wp\/v2\/types\/product"}],"wp:featuredmedia":[{"embeddable":true,"href":"https:\/\/e.kosmolat.eu\/lv\/wp-json\/wp\/v2\/media\/80462"}],"wp:attachment":[{"href":"https:\/\/e.kosmolat.eu\/lv\/wp-json\/wp\/v2\/media?parent=60091"}],"wp:term":[{"taxonomy":"product_cat","embeddable":true,"href":"https:\/\/e.kosmolat.eu\/lv\/wp-json\/wp\/v2\/product_cat?post=60091"},{"taxonomy":"product_tag","embeddable":true,"href":"https:\/\/e.kosmolat.eu\/lv\/wp-json\/wp\/v2\/product_tag?post=60091"}],"curies":[{"name":"wp","href":"https:\/\/api.w.org\/{rel}","templated":true}]}}