{"id":60075,"date":"2024-12-10T05:05:43","date_gmt":"2024-12-10T05:05:43","guid":{"rendered":"https:\/\/e.kosmolat.eu\/product\/%d0%bf%d0%beaas%d0%be%d1%87%d0%bdu%d0%b9-%d0%bdai%d0%bes-gold-%d1%82%d0%bc-%d0%b2%d0%ba%d1%83%d1%81%d0%bdu%d0%b5-%d1%81%d0%b5%d0%bas%d0%b5%d1%82u\/"},"modified":"2024-12-13T05:03:13","modified_gmt":"2024-12-13T05:03:13","slug":"eov-gold-davanu-kompl-parf-kr-dusas-zel-300-ml-parf-kerm-losjons-300-ml","status":"publish","type":"product","link":"https:\/\/e.kosmolat.eu\/lv\/product\/eov-gold-davanu-kompl-parf-kr-dusas-zel-300-ml-parf-kerm-losjons-300-ml\/","title":{"rendered":"EOV Gold d\u0101vanu kompl. (Parf. kr. du\u0161as \u017eel., 300 ml + Parf. \u0137erm. losjons, 300 ml)"},"content":{"rendered":"<p>Komplekta saturs:<br \/>\n1. GOLD Parfim\u0113ta kr\u0113mveida du\u0161as \u017eeleja, 300 ml<br \/>\n2. GOLD Parfim\u0113ts \u0137erme\u0146a losjons, 300 ml<\/p>\n<p>1. GOLD Parfim\u0113ta kr\u0113mveida du\u0161as \u017eeleja<br \/>\n\u2022 Maiga \u0101das att\u012br\u012b\u0161ana<br \/>\n\u2022 Arom\u0101ta tips: salds, p\u016bderains, ziedu-Austrumu<br \/>\nLieto\u0161ana: Uzkl\u0101jiet kr\u0113mveida du\u0161as \u017eeleju uz mitras \u0101das, saputojiet un noskalojiet ar \u016bdeni.<\/p>\n<p>2. GOLD Parfim\u0113ts \u0137erme\u0146a losjons<br \/>\n\u2022 Mitrin\u0101\u0161ana, maigums, kop\u0161ana; ar \u0161\u012b sviestu un mirdzumu<br \/>\n\u2022 Arom\u0101ta tips: salds, p\u016bderains, ziedu- Austrumu<br \/>\nLieto\u0161ana: Uzkl\u0101t losjonu uz \u0101das.<\/p>\n<p>Piesardz\u012bbas pas\u0101kumi: tikai \u0101r\u012bgai lieto\u0161anai. Ja iek\u013c\u016bst ac\u012bs, r\u016bp\u012bgi izskalojiet t\u0101s ar \u016bdeni, ja nepiecie\u0161ams, konsult\u0113jieties ar \u0101rstu.<\/p>\n<p>Br\u012bdin\u0101jums: iesp\u0113jama individu\u0101la paaugstin\u0101ta jut\u012bba pret atsevi\u0161\u0137\u0101m sast\u0101vda\u013c\u0101m. <\/p>\n<p>Uzglab\u0101t temperat\u016br\u0101 no +5 \u00b0C l\u012bdz +25\u00b0C, sarg\u0101jot no tie\u0161iem saules stariem. Uzglab\u0101t vismaz 0,5 m att\u0101lum\u0101 no apkures ier\u012bc\u0113m.<\/p>\n","protected":false},"excerpt":{"rendered":"<p>Komplekta saturs: 1. GOLD Parfim\u0113ta kr\u0113mveida du\u0161as \u017eeleja, 300 ml 2. GOLD Parfim\u0113ts \u0137erme\u0146a losjons, 300 ml 1. GOLD Parfim\u0113ta kr\u0113mveida du\u0161as \u017eeleja \u2022 Maiga \u0101das att\u012br\u012b\u0161ana \u2022 Arom\u0101ta tips: salds, p\u016bderains, ziedu-Austrumu Lieto\u0161ana: Uzkl\u0101jiet kr\u0113mveida du\u0161as \u017eeleju uz mitras \u0101das, saputojiet un noskalojiet ar \u016bdeni. 2. GOLD Parfim\u0113ts \u0137erme\u0146a losjons \u2022 Mitrin\u0101\u0161ana, maigums, kop\u0161ana; [&#8230;]\n","protected":false},"featured_media":60079,"template":"","meta":[],"product_cat":[1853],"product_tag":[],"class_list":{"0":"post-60075","1":"product","2":"type-product","3":"status-publish","4":"has-post-thumbnail","6":"product_brand-aljans-krasoti_ua","7":"product_cat-davanu-komplekti-sievietem","9":"first","10":"outofstock","11":"taxable","12":"shipping-taxable","13":"product-type-simple"},"_links":{"self":[{"href":"https:\/\/e.kosmolat.eu\/lv\/wp-json\/wp\/v2\/product\/60075","targetHints":{"allow":["GET"]}}],"collection":[{"href":"https:\/\/e.kosmolat.eu\/lv\/wp-json\/wp\/v2\/product"}],"about":[{"href":"https:\/\/e.kosmolat.eu\/lv\/wp-json\/wp\/v2\/types\/product"}],"wp:featuredmedia":[{"embeddable":true,"href":"https:\/\/e.kosmolat.eu\/lv\/wp-json\/wp\/v2\/media\/60079"}],"wp:attachment":[{"href":"https:\/\/e.kosmolat.eu\/lv\/wp-json\/wp\/v2\/media?parent=60075"}],"wp:term":[{"taxonomy":"product_cat","embeddable":true,"href":"https:\/\/e.kosmolat.eu\/lv\/wp-json\/wp\/v2\/product_cat?post=60075"},{"taxonomy":"product_tag","embeddable":true,"href":"https:\/\/e.kosmolat.eu\/lv\/wp-json\/wp\/v2\/product_tag?post=60075"}],"curies":[{"name":"wp","href":"https:\/\/api.w.org\/{rel}","templated":true}]}}