{"id":60059,"date":"2024-12-10T05:05:02","date_gmt":"2024-12-10T05:05:02","guid":{"rendered":"https:\/\/e.kosmolat.eu\/product\/baroness-auduma-sejas-maska-ar-zens-ekstraktu-21-g\/"},"modified":"2026-04-22T08:22:11","modified_gmt":"2026-04-22T08:22:11","slug":"baroness-auduma-sejas-maska-ar-zens-ekstraktu-21-g","status":"publish","type":"product","link":"https:\/\/e.kosmolat.eu\/lv\/product\/baroness-auduma-sejas-maska-ar-zens-ekstraktu-21-g\/","title":{"rendered":"BARONESS Auduma sejas maska ar ze\u0146\u0161. ekstraktu, 21 g"},"content":{"rendered":"<p>Sejas maska pal\u012bdz j\u016bsu \u0101dai b\u016bt elast\u012bgai un izskat\u012bties jaun\u0101kai, radot mitrino\u0161u efektu un veidojot pl\u0113vi uz \u0101das, kas atsvaidzina un padara to z\u012bdainu.<\/p>\n<p>Baroness Red Ginseng augsti koncentr\u0113ta barojo\u0161a auduma maska satur sarkan\u0101 \u017ee\u0146\u0161e\u0146a ekstraktu, kas pal\u012bdz atjaunot \u0101das gludumu un tvirtumu. Atdz\u012bvina noguru\u0161u \u0101du, samazina plankumus un saglab\u0101 \u0101du atsvaidzin\u0101tu un mirdzo\u0161u.<\/p>\n<p>Lieto\u0161ana: 1. P\u0113c att\u012br\u012b\u0161anas k\u0101rt\u012bgi nosusiniet sejas \u0101du. 2. Uzkl\u0101jiet masku uz sejas. 3. Atst\u0101jiet iedarboties 15-20 min\u016btes. 4. No\u0146emiet masku un viegli iepli\u0137\u0113jiet ar pirkstu galiem. Nav nepiecie\u0161ams skalot, \u013caujot t\u0101l\u0101kai uzs\u016bk\u0161anai.<\/p>\n<p>Uzman\u012bbu: Tikai \u0101r\u012bgai lieto\u0161anai. Nelietot uz boj\u0101tas \u0101das. Izvairieties no saskares ar ac\u012bm. Ja par\u0101d\u0101s kairin\u0101jums un\/vai izsitumi, r\u016bp\u012bgi nomazg\u0101jiet ar \u016bdeni un nekav\u0113joties p\u0101rtrauciet lieto\u0161anu. Apmekl\u0113jiet \u0101rstu, ja simptomi saglab\u0101jas. Sarg\u0101t no b\u0113rniem.<\/p>\n","protected":false},"excerpt":{"rendered":"<p>Sejas maska pal\u012bdz j\u016bsu \u0101dai b\u016bt elast\u012bgai un izskat\u012bties jaun\u0101kai, radot mitrino\u0161u efektu un veidojot pl\u0113vi uz \u0101das, kas atsvaidzina un padara to z\u012bdainu. Baroness Red Ginseng augsti koncentr\u0113ta barojo\u0161a auduma maska satur sarkan\u0101 \u017ee\u0146\u0161e\u0146a ekstraktu, kas pal\u012bdz atjaunot \u0101das gludumu un tvirtumu. Atdz\u012bvina noguru\u0161u \u0101du, samazina plankumus un saglab\u0101 \u0101du atsvaidzin\u0101tu un mirdzo\u0161u. Lieto\u0161ana: [&#8230;]\n","protected":false},"featured_media":97722,"template":"","meta":[],"product_cat":[2182],"product_tag":[],"class_list":{"0":"post-60059","1":"product","2":"type-product","3":"status-publish","4":"has-post-thumbnail","6":"product_brand-replay_kr","7":"product_cat-bez-kategorijas-ru","9":"first","10":"instock","11":"taxable","12":"shipping-taxable","13":"product-type-simple"},"_links":{"self":[{"href":"https:\/\/e.kosmolat.eu\/lv\/wp-json\/wp\/v2\/product\/60059","targetHints":{"allow":["GET"]}}],"collection":[{"href":"https:\/\/e.kosmolat.eu\/lv\/wp-json\/wp\/v2\/product"}],"about":[{"href":"https:\/\/e.kosmolat.eu\/lv\/wp-json\/wp\/v2\/types\/product"}],"wp:featuredmedia":[{"embeddable":true,"href":"https:\/\/e.kosmolat.eu\/lv\/wp-json\/wp\/v2\/media\/97722"}],"wp:attachment":[{"href":"https:\/\/e.kosmolat.eu\/lv\/wp-json\/wp\/v2\/media?parent=60059"}],"wp:term":[{"taxonomy":"product_cat","embeddable":true,"href":"https:\/\/e.kosmolat.eu\/lv\/wp-json\/wp\/v2\/product_cat?post=60059"},{"taxonomy":"product_tag","embeddable":true,"href":"https:\/\/e.kosmolat.eu\/lv\/wp-json\/wp\/v2\/product_tag?post=60059"}],"curies":[{"name":"wp","href":"https:\/\/api.w.org\/{rel}","templated":true}]}}