{"id":60043,"date":"2024-12-10T05:04:22","date_gmt":"2024-12-10T05:04:22","guid":{"rendered":"https:\/\/e.kosmolat.eu\/product\/doris-collagen-auduma-sejas-maska-25-ml\/"},"modified":"2025-07-16T13:31:35","modified_gmt":"2025-07-16T13:31:35","slug":"i_doris-collagen-auduma-sejas-maska-25-ml","status":"publish","type":"product","link":"https:\/\/e.kosmolat.eu\/lv\/product\/i_doris-collagen-auduma-sejas-maska-25-ml\/","title":{"rendered":"I_DORIS Collagen Auduma sejas maska, 25 ml"},"content":{"rendered":"<p>Ampulas sejas maska satur kolag\u0113na ekstraktu (25 mg) un alvejas lapu ekstraktu. Formula mitrina un atsvaidzina \u0101du, pie\u0161\u0137irot tai t\u012bru un vesel\u012bgu izskatu.<\/p>\n<p>Lieto\u0161ana: not\u012briet un nosusiniet sejas \u0101du. Iz\u0146emiet masku no iepakojuma un uzkl\u0101jiet uz sejas \u0101das. Paturiet masku 15-20 min\u016btes, p\u0113c tam uzman\u012bgi no\u0146emiet. Ar maig\u0101m kust\u012bb\u0101m iemas\u0113jiet produkta paliekas \u0101d\u0101. Maska paredz\u0113ta vienai lieto\u0161anas reizei.<\/p>\n<p>Piesardz\u012bbas pas\u0101kumi: Ja rodas izsitumi, piet\u016bkums, nieze vai kairin\u0101jums, p\u0101rtrauciet maskas lieto\u0161anu un konsult\u0113jieties ar dermatologu. Ja iek\u013c\u016bst ac\u012bs, r\u016bp\u012bgi izskalojiet ar \u016bdeni.<\/p>\n<p>Uzglab\u0101t b\u0113rniem nepieejam\u0101 viet\u0101, temperat\u016br\u0101 no +5 \u00b0\u0421 l\u012bdz +25 \u00b0\u0421 sarg\u0101jot no tie\u0161iem saules stariem, siltuma avotiem.<\/p>\n","protected":false},"excerpt":{"rendered":"<p>Ampulas sejas maska satur kolag\u0113na ekstraktu (25 mg) un alvejas lapu ekstraktu. Formula mitrina un atsvaidzina \u0101du, pie\u0161\u0137irot tai t\u012bru un vesel\u012bgu izskatu. Lieto\u0161ana: not\u012briet un nosusiniet sejas \u0101du. Iz\u0146emiet masku no iepakojuma un uzkl\u0101jiet uz sejas \u0101das. Paturiet masku 15-20 min\u016btes, p\u0113c tam uzman\u012bgi no\u0146emiet. Ar maig\u0101m kust\u012bb\u0101m iemas\u0113jiet produkta paliekas \u0101d\u0101. Maska paredz\u0113ta [&#8230;]\n","protected":false},"featured_media":60047,"template":"","meta":[],"product_cat":[1370],"product_tag":[],"class_list":{"0":"post-60043","1":"product","2":"type-product","3":"status-publish","4":"has-post-thumbnail","6":"product_brand-replay_kr","7":"product_cat-1370","9":"first","10":"outofstock","11":"taxable","12":"shipping-taxable","13":"product-type-simple"},"_links":{"self":[{"href":"https:\/\/e.kosmolat.eu\/lv\/wp-json\/wp\/v2\/product\/60043","targetHints":{"allow":["GET"]}}],"collection":[{"href":"https:\/\/e.kosmolat.eu\/lv\/wp-json\/wp\/v2\/product"}],"about":[{"href":"https:\/\/e.kosmolat.eu\/lv\/wp-json\/wp\/v2\/types\/product"}],"wp:featuredmedia":[{"embeddable":true,"href":"https:\/\/e.kosmolat.eu\/lv\/wp-json\/wp\/v2\/media\/60047"}],"wp:attachment":[{"href":"https:\/\/e.kosmolat.eu\/lv\/wp-json\/wp\/v2\/media?parent=60043"}],"wp:term":[{"taxonomy":"product_cat","embeddable":true,"href":"https:\/\/e.kosmolat.eu\/lv\/wp-json\/wp\/v2\/product_cat?post=60043"},{"taxonomy":"product_tag","embeddable":true,"href":"https:\/\/e.kosmolat.eu\/lv\/wp-json\/wp\/v2\/product_tag?post=60043"}],"curies":[{"name":"wp","href":"https:\/\/api.w.org\/{rel}","templated":true}]}}