{"id":60027,"date":"2024-12-10T05:03:45","date_gmt":"2024-12-10T05:03:45","guid":{"rendered":"https:\/\/e.kosmolat.eu\/product\/baroness-auduma-sejas-maska-ar-koenzimu-q10-21-ml\/"},"modified":"2026-04-01T16:34:36","modified_gmt":"2026-04-01T16:34:36","slug":"baroness-auduma-sejas-maska-ar-koenzimu-q10-21-ml","status":"publish","type":"product","link":"https:\/\/e.kosmolat.eu\/lv\/product\/baroness-auduma-sejas-maska-ar-koenzimu-q10-21-ml\/","title":{"rendered":"BARONESS Auduma sejas maska ar koenz\u012bmu  Q10, 21 ml"},"content":{"rendered":"<p>Augsti koncentr\u0113ta barojo\u0161a sejas maska satur koenz\u012bma Q10 ekstraktu, kas mitrina, stimul\u0113 \u0101das \u0161\u016bnu atjauno\u0161anos, nostiprina un toniz\u0113 \u0101du. Maskas pal\u012bdz saglab\u0101t \u0101du jaunu un svaigu, nov\u0113r\u0161ot priek\u0161laic\u012bgu noveco\u0161anos.<\/p>\n<p>Lieto\u0161ana: 1. P\u0113c att\u012br\u012b\u0161anas k\u0101rt\u012bgi nosusiniet sejas \u0101du. 2. Uzkl\u0101jiet masku uz sejas. 3. Atst\u0101jiet iedarboties 15-20 min\u016btes. 4. No\u0146emiet masku un viegli iepli\u0137\u0113jiet ar pirkstu galiem. Nav nepiecie\u0161ams skalot, \u013caujot t\u0101l\u0101kai uzs\u016bk\u0161anai.<\/p>\n<p>Uzman\u012bbu: Tikai \u0101r\u012bgai lieto\u0161anai. Nelietot uz boj\u0101tas \u0101das. Izvairieties no saskares ar ac\u012bm. Ja par\u0101d\u0101s kairin\u0101jums un\/vai izsitumi, r\u016bp\u012bgi nomazg\u0101jiet ar \u016bdeni un nekav\u0113joties p\u0101rtrauciet lieto\u0161anu. Apmekl\u0113jiet \u0101rstu, ja simptomi saglab\u0101jas. Sarg\u0101t no b\u0113rniem.<\/p>\n","protected":false},"excerpt":{"rendered":"<p>Augsti koncentr\u0113ta barojo\u0161a sejas maska satur koenz\u012bma Q10 ekstraktu, kas mitrina, stimul\u0113 \u0101das \u0161\u016bnu atjauno\u0161anos, nostiprina un toniz\u0113 \u0101du. Maskas pal\u012bdz saglab\u0101t \u0101du jaunu un svaigu, nov\u0113r\u0161ot priek\u0161laic\u012bgu noveco\u0161anos. Lieto\u0161ana: 1. P\u0113c att\u012br\u012b\u0161anas k\u0101rt\u012bgi nosusiniet sejas \u0101du. 2. Uzkl\u0101jiet masku uz sejas. 3. Atst\u0101jiet iedarboties 15-20 min\u016btes. 4. No\u0146emiet masku un viegli iepli\u0137\u0113jiet ar pirkstu [&#8230;]\n","protected":false},"featured_media":97884,"template":"","meta":[],"product_cat":[1367],"product_tag":[],"class_list":{"0":"post-60027","1":"product","2":"type-product","3":"status-publish","4":"has-post-thumbnail","6":"product_brand-replay_kr","7":"product_cat-sejas-maskas","9":"first","10":"instock","11":"taxable","12":"shipping-taxable","13":"product-type-simple"},"_links":{"self":[{"href":"https:\/\/e.kosmolat.eu\/lv\/wp-json\/wp\/v2\/product\/60027","targetHints":{"allow":["GET"]}}],"collection":[{"href":"https:\/\/e.kosmolat.eu\/lv\/wp-json\/wp\/v2\/product"}],"about":[{"href":"https:\/\/e.kosmolat.eu\/lv\/wp-json\/wp\/v2\/types\/product"}],"wp:featuredmedia":[{"embeddable":true,"href":"https:\/\/e.kosmolat.eu\/lv\/wp-json\/wp\/v2\/media\/97884"}],"wp:attachment":[{"href":"https:\/\/e.kosmolat.eu\/lv\/wp-json\/wp\/v2\/media?parent=60027"}],"wp:term":[{"taxonomy":"product_cat","embeddable":true,"href":"https:\/\/e.kosmolat.eu\/lv\/wp-json\/wp\/v2\/product_cat?post=60027"},{"taxonomy":"product_tag","embeddable":true,"href":"https:\/\/e.kosmolat.eu\/lv\/wp-json\/wp\/v2\/product_tag?post=60027"}],"curies":[{"name":"wp","href":"https:\/\/api.w.org\/{rel}","templated":true}]}}