{"id":60011,"date":"2024-12-10T05:02:24","date_gmt":"2024-12-10T05:02:24","guid":{"rendered":"https:\/\/e.kosmolat.eu\/product\/soell-rs-attirosa-zeleja-recovery-start-150-ml\/"},"modified":"2025-09-19T22:44:47","modified_gmt":"2025-09-19T22:44:47","slug":"soell-rs-attirosa-zeleja-recovery-start-150-ml","status":"publish","type":"product","link":"https:\/\/e.kosmolat.eu\/lv\/product\/soell-rs-attirosa-zeleja-recovery-start-150-ml\/","title":{"rendered":"SOELL RS Att\u012bro\u0161a \u017eeleja RECOVERY START, 150 ml"},"content":{"rendered":"<p>L\u012bdzeklis ir paredz\u0113ts ikdienas saudz\u012bgai att\u012br\u012b\u0161anai, m\u012bkstin\u0101\u0161anai un \u0101das sagatavo\u0161anai akt\u012bvu sast\u0101vda\u013cu un kosm\u0113tikas l\u012bdzek\u013cu uzkl\u0101\u0161anai. \u013bauj piepild\u012bt \u0161\u016bnas ar mitrumu, kolag\u0113nu un elast\u012bnu, vitam\u012bniem un miner\u0101liem, aizsarg\u0101t \u0101du iek\u0161telp\u0101s pret nelabv\u0113l\u012bgu iedarb\u012bbu un digit\u0101lu noveco\u0161anu.&nbsp;<\/p>\n<p><strong>Lieto\u0161ana: <\/strong><\/p>\n<p>nelielu \u017eelejas daudzumu viegli saputot. Uzkl\u0101t uz mitr\u0101s \u0101das, izvairoties no acu kont\u016br\u0101m. Nomazg\u0101t ar \u016bdeni. Ikdienas lieto\u0161anai no r\u012bta un vakar\u0101.&nbsp;<\/p>\n<p><strong>Piesardz\u012bbas pas\u0101kumi: <\/strong><\/p>\n<p>tikai \u0101r\u012bgai lieto\u0161anai. Nelietot \u0101das boj\u0101jumu un kairin\u0101jumu gad\u012bjum\u0101. Sarg\u0101t no b\u0113rniem. Nelietot p\u0113c der\u012bguma termi\u0146a beig\u0101m un individu\u0101las sast\u0101vda\u013cu nepanesam\u012bbas gad\u012bjum\u0101.<br \/>\nUzglab\u0101t temperat\u016br\u0101 no +5&deg;C l\u012bdz +25&deg;C b\u0113rniem nepieejam\u0101s viet\u0101s, kas ir aizsarg\u0101tas no tie\u0161iem saules stariem.<br \/>\n&nbsp;<\/p>\n","protected":false},"excerpt":{"rendered":"<p>L\u012bdzeklis ir paredz\u0113ts ikdienas saudz\u012bgai att\u012br\u012b\u0161anai, m\u012bkstin\u0101\u0161anai un \u0101das sagatavo\u0161anai akt\u012bvu sast\u0101vda\u013cu un kosm\u0113tikas l\u012bdzek\u013cu uzkl\u0101\u0161anai. \u013bauj piepild\u012bt \u0161\u016bnas ar mitrumu, kolag\u0113nu un elast\u012bnu, vitam\u012bniem un miner\u0101liem, aizsarg\u0101t \u0101du iek\u0161telp\u0101s pret nelabv\u0113l\u012bgu iedarb\u012bbu un digit\u0101lu noveco\u0161anu.&nbsp; Lieto\u0161ana: nelielu \u017eelejas daudzumu viegli saputot. Uzkl\u0101t uz mitr\u0101s \u0101das, izvairoties no acu kont\u016br\u0101m. Nomazg\u0101t ar \u016bdeni. Ikdienas lieto\u0161anai [&#8230;]\n","protected":false},"featured_media":86418,"template":"","meta":[],"product_cat":[1575],"product_tag":[],"class_list":{"0":"post-60011","1":"product","2":"type-product","3":"status-publish","4":"has-post-thumbnail","6":"product_brand-malina-akcija","7":"product_cat-zelejas","9":"first","10":"outofstock","11":"taxable","12":"shipping-taxable","13":"product-type-simple"},"_links":{"self":[{"href":"https:\/\/e.kosmolat.eu\/lv\/wp-json\/wp\/v2\/product\/60011","targetHints":{"allow":["GET"]}}],"collection":[{"href":"https:\/\/e.kosmolat.eu\/lv\/wp-json\/wp\/v2\/product"}],"about":[{"href":"https:\/\/e.kosmolat.eu\/lv\/wp-json\/wp\/v2\/types\/product"}],"wp:featuredmedia":[{"embeddable":true,"href":"https:\/\/e.kosmolat.eu\/lv\/wp-json\/wp\/v2\/media\/86418"}],"wp:attachment":[{"href":"https:\/\/e.kosmolat.eu\/lv\/wp-json\/wp\/v2\/media?parent=60011"}],"wp:term":[{"taxonomy":"product_cat","embeddable":true,"href":"https:\/\/e.kosmolat.eu\/lv\/wp-json\/wp\/v2\/product_cat?post=60011"},{"taxonomy":"product_tag","embeddable":true,"href":"https:\/\/e.kosmolat.eu\/lv\/wp-json\/wp\/v2\/product_tag?post=60011"}],"curies":[{"name":"wp","href":"https:\/\/api.w.org\/{rel}","templated":true}]}}