{"id":59997,"date":"2024-12-06T05:03:02","date_gmt":"2024-12-06T05:03:02","guid":{"rendered":"https:\/\/e.kosmolat.eu\/product\/srk-zeleja-kajam-venoton-70-ml\/"},"modified":"2025-09-19T15:19:36","modified_gmt":"2025-09-19T15:19:36","slug":"srk-zeleja-kajam-venoton-70-ml","status":"publish","type":"product","link":"https:\/\/e.kosmolat.eu\/lv\/product\/srk-zeleja-kajam-venoton-70-ml\/","title":{"rendered":"SRK  \u017deleja k\u0101j\u0101m &#8220;Venoton&#8221;, 70 ml"},"content":{"rendered":"<p>100% dab\u012bga b\u0101ze. \u012apa\u0161i atlas\u012btiem komponentiem piem\u012bt akt\u012bva iedarb\u012bba visefekt\u012bv\u0101k\u0101 rezult\u0101ta sasnieg\u0161anai. Aukst\u0101s apstr\u0101des tehnolo\u0123ija \u013cauj saglab\u0101t visas \u017eelejas akt\u012bvo sast\u0101vda\u013cu \u012bpa\u0161\u012bbas.<\/p>\n<ul>\n<li>Zirgkasta\u0146a stiprina asinsvadu sieni\u0146as, uzlabo vielmai\u0146as procesus \u0101das \u0161\u016bn\u0101s, toniz\u0113 un mazina t\u016bsku. Tai piem\u012bt noguruma, smaguma un sasprindzin\u0101juma saj\u016btas mazin\u0101\u0161anas efekts.<\/li>\n<li>Piparm\u0113tru e\u013c\u013cai ir laba toniz\u0113jo\u0161a un atjaunojo\u0161a iedarb\u012bba, atv\u0113sina un sniedz viegluma saj\u016btu k\u0101j\u0101s p\u0113c uzkl\u0101\u0161anas.<\/li>\n<li>Divdaivu ginka ekstrakts nomierina un toniz\u0113 \u0101du, uzlabo \u0161\u016bnu baro\u0161anu un mazina piet\u016bkumu.<\/li>\n<\/ul>\n<p><strong>Lieto\u0161ana:<\/strong> ar mas\u0113jo\u0161\u0101m kust\u012bb\u0101m uzkl\u0101t \u017eeleju uz p\u0113d\u0101m un apak\u0161stilbiem (no apak\u0161as uz aug\u0161u), l\u012bdz t\u0101 piln\u012bb\u0101 uzs\u016bcas.<\/p>\n","protected":false},"excerpt":{"rendered":"<p>100% dab\u012bga b\u0101ze. \u012apa\u0161i atlas\u012btiem komponentiem piem\u012bt akt\u012bva iedarb\u012bba visefekt\u012bv\u0101k\u0101 rezult\u0101ta sasnieg\u0161anai. Aukst\u0101s apstr\u0101des tehnolo\u0123ija \u013cauj saglab\u0101t visas \u017eelejas akt\u012bvo sast\u0101vda\u013cu \u012bpa\u0161\u012bbas. Zirgkasta\u0146a stiprina asinsvadu sieni\u0146as, uzlabo vielmai\u0146as procesus \u0101das \u0161\u016bn\u0101s, toniz\u0113 un mazina t\u016bsku. Tai piem\u012bt noguruma, smaguma un sasprindzin\u0101juma saj\u016btas mazin\u0101\u0161anas efekts. Piparm\u0113tru e\u013c\u013cai ir laba toniz\u0113jo\u0161a un atjaunojo\u0161a iedarb\u012bba, atv\u0113sina un sniedz [&#8230;]\n","protected":false},"featured_media":78634,"template":"","meta":[],"product_cat":[1761],"product_tag":[],"class_list":{"0":"post-59997","1":"product","2":"type-product","3":"status-publish","4":"has-post-thumbnail","6":"product_brand-unilever-rus","7":"product_cat-kaju-kopsanas-kosmetika","9":"first","10":"outofstock","11":"taxable","12":"shipping-taxable","13":"product-type-simple"},"_links":{"self":[{"href":"https:\/\/e.kosmolat.eu\/lv\/wp-json\/wp\/v2\/product\/59997","targetHints":{"allow":["GET"]}}],"collection":[{"href":"https:\/\/e.kosmolat.eu\/lv\/wp-json\/wp\/v2\/product"}],"about":[{"href":"https:\/\/e.kosmolat.eu\/lv\/wp-json\/wp\/v2\/types\/product"}],"wp:featuredmedia":[{"embeddable":true,"href":"https:\/\/e.kosmolat.eu\/lv\/wp-json\/wp\/v2\/media\/78634"}],"wp:attachment":[{"href":"https:\/\/e.kosmolat.eu\/lv\/wp-json\/wp\/v2\/media?parent=59997"}],"wp:term":[{"taxonomy":"product_cat","embeddable":true,"href":"https:\/\/e.kosmolat.eu\/lv\/wp-json\/wp\/v2\/product_cat?post=59997"},{"taxonomy":"product_tag","embeddable":true,"href":"https:\/\/e.kosmolat.eu\/lv\/wp-json\/wp\/v2\/product_tag?post=59997"}],"curies":[{"name":"wp","href":"https:\/\/api.w.org\/{rel}","templated":true}]}}