{"id":59989,"date":"2024-12-06T05:02:33","date_gmt":"2024-12-06T05:02:33","guid":{"rendered":"https:\/\/e.kosmolat.eu\/product\/cl-zeleja-svaigums-pret-kaju-nogurumu-75-ml\/"},"modified":"2025-06-12T08:46:39","modified_gmt":"2025-06-12T08:46:39","slug":"cl-zeleja-svaigums-pret-kaju-nogurumu-75-ml","status":"publish","type":"product","link":"https:\/\/e.kosmolat.eu\/lv\/product\/cl-zeleja-svaigums-pret-kaju-nogurumu-75-ml\/","title":{"rendered":"CL  \u017deleja-svaigums &#8220;Pret k\u0101ju nogurumu&#8221;, 75 ml"},"content":{"rendered":"<p>Piparm\u0113tra + laka\u010di. Vieglums 24 stundas. Atv\u0113sina un toniz\u0113. Intens\u012bvi mitrina.<\/p>\n<p>Uz atsvaidzino\u0161\u0101s t\u0113jas b\u0101zes:<\/p>\n<ul>\n<li><strong>Piparm\u0113tra<\/strong> &#8211; intens\u012bvi atv\u0113sina<\/li>\n<li><strong>Laka\u010di<\/strong> &#8211; stiprina kapil\u0101rus, nov\u0113r\u0161 nogurumu<\/li>\n<li><strong>Ce\u013cmallapa <\/strong>&#8211; mazina t\u016bsku, bag\u0101tina k\u0101ju \u0101du ar vitam\u012bniem<\/li>\n<li><strong>Kumel\u012bte<\/strong> &#8211; mitrina un m\u012bkstina<\/li>\n<li><strong>Zirgkasta\u0146a<\/strong> &#8211; stimul\u0113 asinsriti un toniz\u0113.<\/li>\n<\/ul>\n<p><strong>Lieto\u0161ana:<\/strong>&nbsp;uzkl\u0101t l\u012bdzekli uz t\u012bras sausas k\u0101ju \u0101das, mas\u0113jo\u0161\u0101m kust\u012bb\u0101m l\u012bdz tas piln\u012bgi ies\u016bc\u0101s \u0101d\u0101.  P\u0113c atv\u0113r\u0161anas izlietot 6 m\u0113ne\u0161u laik\u0101.<\/p>\n","protected":false},"excerpt":{"rendered":"<p>Piparm\u0113tra + laka\u010di. Vieglums 24 stundas. Atv\u0113sina un toniz\u0113. Intens\u012bvi mitrina. Uz atsvaidzino\u0161\u0101s t\u0113jas b\u0101zes: Piparm\u0113tra &#8211; intens\u012bvi atv\u0113sina Laka\u010di &#8211; stiprina kapil\u0101rus, nov\u0113r\u0161 nogurumu Ce\u013cmallapa &#8211; mazina t\u016bsku, bag\u0101tina k\u0101ju \u0101du ar vitam\u012bniem Kumel\u012bte &#8211; mitrina un m\u012bkstina Zirgkasta\u0146a &#8211; stimul\u0113 asinsriti un toniz\u0113. Lieto\u0161ana:&nbsp;uzkl\u0101t l\u012bdzekli uz t\u012bras sausas k\u0101ju \u0101das, mas\u0113jo\u0161\u0101m kust\u012bb\u0101m l\u012bdz [&#8230;]\n","protected":false},"featured_media":59993,"template":"","meta":[],"product_cat":[1761],"product_tag":[],"class_list":{"0":"post-59989","1":"product","2":"type-product","3":"status-publish","4":"has-post-thumbnail","6":"product_brand-unilever-rus","7":"product_cat-kaju-kopsanas-kosmetika","9":"first","10":"outofstock","11":"taxable","12":"shipping-taxable","13":"product-type-simple"},"_links":{"self":[{"href":"https:\/\/e.kosmolat.eu\/lv\/wp-json\/wp\/v2\/product\/59989","targetHints":{"allow":["GET"]}}],"collection":[{"href":"https:\/\/e.kosmolat.eu\/lv\/wp-json\/wp\/v2\/product"}],"about":[{"href":"https:\/\/e.kosmolat.eu\/lv\/wp-json\/wp\/v2\/types\/product"}],"wp:featuredmedia":[{"embeddable":true,"href":"https:\/\/e.kosmolat.eu\/lv\/wp-json\/wp\/v2\/media\/59993"}],"wp:attachment":[{"href":"https:\/\/e.kosmolat.eu\/lv\/wp-json\/wp\/v2\/media?parent=59989"}],"wp:term":[{"taxonomy":"product_cat","embeddable":true,"href":"https:\/\/e.kosmolat.eu\/lv\/wp-json\/wp\/v2\/product_cat?post=59989"},{"taxonomy":"product_tag","embeddable":true,"href":"https:\/\/e.kosmolat.eu\/lv\/wp-json\/wp\/v2\/product_tag?post=59989"}],"curies":[{"name":"wp","href":"https:\/\/api.w.org\/{rel}","templated":true}]}}