{"id":59965,"date":"2024-12-05T11:50:50","date_gmt":"2024-12-05T11:50:50","guid":{"rendered":"https:\/\/e.kosmolat.eu\/product\/lux-sg-liq-ylangylang-bot-480ml\/"},"modified":"2026-04-22T11:25:15","modified_gmt":"2026-04-22T11:25:15","slug":"lux-botanicals-dusas-zel-ilangil-un-cika-480-ml","status":"publish","type":"product","link":"https:\/\/e.kosmolat.eu\/lv\/product\/lux-botanicals-dusas-zel-ilangil-un-cika-480-ml\/","title":{"rendered":"LUX Botanicals Du\u0161as \u017eel. \u012blang\u012bl. un cika, 480 ml"},"content":{"rendered":"<p>Du\u0161as \u017eeleja pie\u0161\u0137ir ener\u0123iju un spilgtu ziedu arom\u0101tu, padarot \u0101du mirdzo\u0161u.<\/p>\n<p>Satur 100% dabiskus ekstraktus. Dermatolo\u0123iski p\u0101rbaud\u012bts.<\/p>\n","protected":false},"excerpt":{"rendered":"<p>Du\u0161as \u017eeleja pie\u0161\u0137ir ener\u0123iju un spilgtu ziedu arom\u0101tu, padarot \u0101du mirdzo\u0161u. Satur 100% dabiskus ekstraktus. Dermatolo\u0123iski p\u0101rbaud\u012bts.<\/p>\n","protected":false},"featured_media":98331,"template":"","meta":[],"product_cat":[1999],"product_tag":[],"class_list":{"0":"post-59965","1":"product","2":"type-product","3":"status-publish","4":"has-post-thumbnail","6":"product_brand-unilever-ua","7":"product_cat-bez-kategorijas","9":"first","10":"instock","11":"taxable","12":"shipping-taxable","13":"product-type-simple"},"_links":{"self":[{"href":"https:\/\/e.kosmolat.eu\/lv\/wp-json\/wp\/v2\/product\/59965","targetHints":{"allow":["GET"]}}],"collection":[{"href":"https:\/\/e.kosmolat.eu\/lv\/wp-json\/wp\/v2\/product"}],"about":[{"href":"https:\/\/e.kosmolat.eu\/lv\/wp-json\/wp\/v2\/types\/product"}],"wp:featuredmedia":[{"embeddable":true,"href":"https:\/\/e.kosmolat.eu\/lv\/wp-json\/wp\/v2\/media\/98331"}],"wp:attachment":[{"href":"https:\/\/e.kosmolat.eu\/lv\/wp-json\/wp\/v2\/media?parent=59965"}],"wp:term":[{"taxonomy":"product_cat","embeddable":true,"href":"https:\/\/e.kosmolat.eu\/lv\/wp-json\/wp\/v2\/product_cat?post=59965"},{"taxonomy":"product_tag","embeddable":true,"href":"https:\/\/e.kosmolat.eu\/lv\/wp-json\/wp\/v2\/product_tag?post=59965"}],"curies":[{"name":"wp","href":"https:\/\/api.w.org\/{rel}","templated":true}]}}