{"id":59961,"date":"2024-12-05T11:20:48","date_gmt":"2024-12-05T11:20:48","guid":{"rendered":"https:\/\/e.kosmolat.eu\/product\/lux-sg-liq-figgeroil-bot-480ml\/"},"modified":"2026-04-22T09:48:59","modified_gmt":"2026-04-22T09:48:59","slug":"lux-botanicals-dusas-zel-vige-un-geranijas-ella-480-ml","status":"publish","type":"product","link":"https:\/\/e.kosmolat.eu\/lv\/product\/lux-botanicals-dusas-zel-vige-un-geranijas-ella-480-ml\/","title":{"rendered":"LUX Botanicals Du\u0161as \u017e\u0113l. V\u012b\u0123e un \u0123er\u0101nijas e\u013cla, 480 ml"},"content":{"rendered":"<p>Du\u0161as \u017eeleja atsvaidzina \u0101du, savuk\u0101rt vasar\u012bgs arom\u0101ts uzlabo noska\u0146ojumu.<\/p>\n<p>Satur 100% dabiskus ekstraktus. Dermatolo\u0123iski p\u0101rbaud\u012bts.<\/p>\n","protected":false},"excerpt":{"rendered":"<p>Du\u0161as \u017eeleja atsvaidzina \u0101du, savuk\u0101rt vasar\u012bgs arom\u0101ts uzlabo noska\u0146ojumu. Satur 100% dabiskus ekstraktus. Dermatolo\u0123iski p\u0101rbaud\u012bts.<\/p>\n","protected":false},"featured_media":98327,"template":"","meta":[],"product_cat":[1999],"product_tag":[],"class_list":{"0":"post-59961","1":"product","2":"type-product","3":"status-publish","4":"has-post-thumbnail","6":"product_brand-unilever-ua","7":"product_cat-bez-kategorijas","9":"first","10":"instock","11":"taxable","12":"shipping-taxable","13":"product-type-simple"},"_links":{"self":[{"href":"https:\/\/e.kosmolat.eu\/lv\/wp-json\/wp\/v2\/product\/59961","targetHints":{"allow":["GET"]}}],"collection":[{"href":"https:\/\/e.kosmolat.eu\/lv\/wp-json\/wp\/v2\/product"}],"about":[{"href":"https:\/\/e.kosmolat.eu\/lv\/wp-json\/wp\/v2\/types\/product"}],"wp:featuredmedia":[{"embeddable":true,"href":"https:\/\/e.kosmolat.eu\/lv\/wp-json\/wp\/v2\/media\/98327"}],"wp:attachment":[{"href":"https:\/\/e.kosmolat.eu\/lv\/wp-json\/wp\/v2\/media?parent=59961"}],"wp:term":[{"taxonomy":"product_cat","embeddable":true,"href":"https:\/\/e.kosmolat.eu\/lv\/wp-json\/wp\/v2\/product_cat?post=59961"},{"taxonomy":"product_tag","embeddable":true,"href":"https:\/\/e.kosmolat.eu\/lv\/wp-json\/wp\/v2\/product_tag?post=59961"}],"curies":[{"name":"wp","href":"https:\/\/api.w.org\/{rel}","templated":true}]}}