{"id":59957,"date":"2024-12-05T10:50:47","date_gmt":"2024-12-05T10:50:47","guid":{"rendered":"https:\/\/e.kosmolat.eu\/product\/lux-sg-liq-cherryblos-bot-480ml\/"},"modified":"2026-04-14T06:26:57","modified_gmt":"2026-04-14T06:26:57","slug":"lux-botanicals-dusas-zeleja-kirsu-ziedi-un-niacinamids-480-ml","status":"publish","type":"product","link":"https:\/\/e.kosmolat.eu\/lv\/product\/lux-botanicals-dusas-zeleja-kirsu-ziedi-un-niacinamids-480-ml\/","title":{"rendered":"LUX Botanicals Du\u0161as \u017eeleja \u0137ir\u0161u ziedi un niacinam\u012bds, 480 ml"},"content":{"rendered":"<p>Du\u0161as \u017eeleja padara \u0101du mirdzo\u0161u, savuk\u0101rt saldais pavasara arom\u0101ts d\u0101v\u0101 prieku.<\/p>\n<p>Satur 100% dabiskus ekstraktus. Dermatolo\u0123iski p\u0101rbaud\u012bts.<\/p>\n","protected":false},"excerpt":{"rendered":"<p>Du\u0161as \u017eeleja padara \u0101du mirdzo\u0161u, savuk\u0101rt saldais pavasara arom\u0101ts d\u0101v\u0101 prieku. Satur 100% dabiskus ekstraktus. Dermatolo\u0123iski p\u0101rbaud\u012bts.<\/p>\n","protected":false},"featured_media":98323,"template":"","meta":[],"product_cat":[1280],"product_tag":[],"class_list":{"0":"post-59957","1":"product","2":"type-product","3":"status-publish","4":"has-post-thumbnail","6":"product_brand-unilever-ua","7":"product_cat-dusas-zelejas-un-dusas-ellas","9":"first","10":"instock","11":"taxable","12":"shipping-taxable","13":"product-type-simple"},"_links":{"self":[{"href":"https:\/\/e.kosmolat.eu\/lv\/wp-json\/wp\/v2\/product\/59957","targetHints":{"allow":["GET"]}}],"collection":[{"href":"https:\/\/e.kosmolat.eu\/lv\/wp-json\/wp\/v2\/product"}],"about":[{"href":"https:\/\/e.kosmolat.eu\/lv\/wp-json\/wp\/v2\/types\/product"}],"wp:featuredmedia":[{"embeddable":true,"href":"https:\/\/e.kosmolat.eu\/lv\/wp-json\/wp\/v2\/media\/98323"}],"wp:attachment":[{"href":"https:\/\/e.kosmolat.eu\/lv\/wp-json\/wp\/v2\/media?parent=59957"}],"wp:term":[{"taxonomy":"product_cat","embeddable":true,"href":"https:\/\/e.kosmolat.eu\/lv\/wp-json\/wp\/v2\/product_cat?post=59957"},{"taxonomy":"product_tag","embeddable":true,"href":"https:\/\/e.kosmolat.eu\/lv\/wp-json\/wp\/v2\/product_tag?post=59957"}],"curies":[{"name":"wp","href":"https:\/\/api.w.org\/{rel}","templated":true}]}}