{"id":59953,"date":"2024-12-05T10:20:47","date_gmt":"2024-12-05T10:20:47","guid":{"rendered":"https:\/\/e.kosmolat.eu\/product\/lux-sg-liq-freesaloe-bot-480ml\/"},"modified":"2026-04-22T09:48:42","modified_gmt":"2026-04-22T09:48:42","slug":"lux-botanicals-dusas-zel-frezija-un-alveja-480-ml","status":"publish","type":"product","link":"https:\/\/e.kosmolat.eu\/lv\/product\/lux-botanicals-dusas-zel-frezija-un-alveja-480-ml\/","title":{"rendered":"LUX Botanicals Du\u0161as \u017eel. Fr\u0113zija un alveja, 480 ml"},"content":{"rendered":"<p>Atsvaidzino\u0161a du\u0161as \u017eeleja, kas att\u012bra \u0101du un atst\u0101j svaigu, ziedu arom\u0101tu.<\/p>\n<p>Satur 100% dabiskus ekstraktus. Dermatolo\u0123iski p\u0101rbaud\u012bts.<\/p>\n","protected":false},"excerpt":{"rendered":"<p>Atsvaidzino\u0161a du\u0161as \u017eeleja, kas att\u012bra \u0101du un atst\u0101j svaigu, ziedu arom\u0101tu. Satur 100% dabiskus ekstraktus. Dermatolo\u0123iski p\u0101rbaud\u012bts.<\/p>\n","protected":false},"featured_media":98319,"template":"","meta":[],"product_cat":[1999],"product_tag":[],"class_list":{"0":"post-59953","1":"product","2":"type-product","3":"status-publish","4":"has-post-thumbnail","6":"product_brand-unilever-ua","7":"product_cat-bez-kategorijas","9":"first","10":"instock","11":"taxable","12":"shipping-taxable","13":"product-type-simple"},"_links":{"self":[{"href":"https:\/\/e.kosmolat.eu\/lv\/wp-json\/wp\/v2\/product\/59953","targetHints":{"allow":["GET"]}}],"collection":[{"href":"https:\/\/e.kosmolat.eu\/lv\/wp-json\/wp\/v2\/product"}],"about":[{"href":"https:\/\/e.kosmolat.eu\/lv\/wp-json\/wp\/v2\/types\/product"}],"wp:featuredmedia":[{"embeddable":true,"href":"https:\/\/e.kosmolat.eu\/lv\/wp-json\/wp\/v2\/media\/98319"}],"wp:attachment":[{"href":"https:\/\/e.kosmolat.eu\/lv\/wp-json\/wp\/v2\/media?parent=59953"}],"wp:term":[{"taxonomy":"product_cat","embeddable":true,"href":"https:\/\/e.kosmolat.eu\/lv\/wp-json\/wp\/v2\/product_cat?post=59953"},{"taxonomy":"product_tag","embeddable":true,"href":"https:\/\/e.kosmolat.eu\/lv\/wp-json\/wp\/v2\/product_tag?post=59953"}],"curies":[{"name":"wp","href":"https:\/\/api.w.org\/{rel}","templated":true}]}}