{"id":59945,"date":"2024-12-05T05:08:44","date_gmt":"2024-12-05T05:08:44","guid":{"rendered":"https:\/\/e.kosmolat.eu\/product\/911-sildoss-fitokrems-muskuliem-un-locitavam-100-ml\/"},"modified":"2026-04-18T12:40:13","modified_gmt":"2026-04-18T12:40:13","slug":"911-sildoss-fitokrems-muskuliem-un-locitavam-100-ml","status":"publish","type":"product","link":"https:\/\/e.kosmolat.eu\/lv\/product\/911-sildoss-fitokrems-muskuliem-un-locitavam-100-ml\/","title":{"rendered":"911 Sildo\u0161s fitokr\u0113ms musku\u013ciem un loc\u012btav\u0101m, 100 ml"},"content":{"rendered":"<p>Fitokrems ar dzi\u013cu un ilgsto\u0161u sildo\u0161u un stiprino\u0161u iedarb\u012bbu uz \u0101du un audiem.<\/p>\n<p>Lieto\u0161ana: uzkl\u0101t kr\u0113mu uz t\u012bras \u0101das, intens\u012bvi iemas\u0113jot problem\u0101tiskaj\u0101s zon\u0101s. Tikai \u0101r\u012bgai lieto\u0161anai. Nav \u0101rstniecisks l\u012bdzeklis.<\/p>\n<p>Kontrindik\u0101cijas: iesp\u0113jama individu\u0101la paaugstin\u0101ta jut\u012bba pret atsevi\u0161\u0137\u0101m sast\u0101vda\u013c\u0101m. <\/p>\n<p>Uzglab\u0101t temperat\u016br\u0101 no +5\u00b0C l\u012bdz +25\u00b0C.<\/p>\n<p>Der\u012bguma termi\u0146\u0161: 36 m\u0113ne\u0161i no izgatavo\u0161anas datuma.<\/p>\n","protected":false},"excerpt":{"rendered":"<p>Fitokrems ar dzi\u013cu un ilgsto\u0161u sildo\u0161u un stiprino\u0161u iedarb\u012bbu uz \u0101du un audiem. Lieto\u0161ana: uzkl\u0101t kr\u0113mu uz t\u012bras \u0101das, intens\u012bvi iemas\u0113jot problem\u0101tiskaj\u0101s zon\u0101s. Tikai \u0101r\u012bgai lieto\u0161anai. Nav \u0101rstniecisks l\u012bdzeklis. Kontrindik\u0101cijas: iesp\u0113jama individu\u0101la paaugstin\u0101ta jut\u012bba pret atsevi\u0161\u0137\u0101m sast\u0101vda\u013c\u0101m. Uzglab\u0101t temperat\u016br\u0101 no +5\u00b0C l\u012bdz +25\u00b0C. Der\u012bguma termi\u0146\u0161: 36 m\u0113ne\u0161i no izgatavo\u0161anas datuma.<\/p>\n","protected":false},"featured_media":98711,"template":"","meta":[],"product_cat":[1390],"product_tag":[],"class_list":{"0":"post-59945","1":"product","2":"type-product","3":"status-publish","4":"has-post-thumbnail","6":"product_brand-green-pharm-cosmetic_ua","7":"product_cat-kremai-aliejai-kuno-pienelis","9":"first","10":"instock","11":"taxable","12":"shipping-taxable","13":"product-type-simple"},"_links":{"self":[{"href":"https:\/\/e.kosmolat.eu\/lv\/wp-json\/wp\/v2\/product\/59945","targetHints":{"allow":["GET"]}}],"collection":[{"href":"https:\/\/e.kosmolat.eu\/lv\/wp-json\/wp\/v2\/product"}],"about":[{"href":"https:\/\/e.kosmolat.eu\/lv\/wp-json\/wp\/v2\/types\/product"}],"wp:featuredmedia":[{"embeddable":true,"href":"https:\/\/e.kosmolat.eu\/lv\/wp-json\/wp\/v2\/media\/98711"}],"wp:attachment":[{"href":"https:\/\/e.kosmolat.eu\/lv\/wp-json\/wp\/v2\/media?parent=59945"}],"wp:term":[{"taxonomy":"product_cat","embeddable":true,"href":"https:\/\/e.kosmolat.eu\/lv\/wp-json\/wp\/v2\/product_cat?post=59945"},{"taxonomy":"product_tag","embeddable":true,"href":"https:\/\/e.kosmolat.eu\/lv\/wp-json\/wp\/v2\/product_tag?post=59945"}],"curies":[{"name":"wp","href":"https:\/\/api.w.org\/{rel}","templated":true}]}}