{"id":59937,"date":"2024-12-05T05:08:30","date_gmt":"2024-12-05T05:08:30","guid":{"rendered":"https:\/\/e.kosmolat.eu\/product\/911-venogels-ar-zirgkastanu-100-ml\/"},"modified":"2026-04-13T12:29:34","modified_gmt":"2026-04-13T12:29:34","slug":"911-venogels-ar-zirgkastanu-100-ml","status":"publish","type":"product","link":"https:\/\/e.kosmolat.eu\/lv\/product\/911-venogels-ar-zirgkastanu-100-ml\/","title":{"rendered":"911 Venogels ar zirgkasta\u0146u, 100 ml"},"content":{"rendered":"<p>Gels ir paredz\u0113ts k\u0101ju \u0101das kop\u0161anai ar noslieci uz noguruma un piet\u016bkuma paz\u012bm\u0113m.<\/p>\n<p>Lieto\u0161ana: ar mas\u0113jo\u0161\u0101m kust\u012bb\u0101m uzkl\u0101jiet uz t\u012bras k\u0101ju \u0101das, l\u012bdz piln\u012bb\u0101 uzs\u016bcas. Tikai \u0101r\u012bgai lieto\u0161anai. Nav \u0101rstniecisks l\u012bdzeklis.<\/p>\n<p>Kontrindik\u0101cijas: iesp\u0113jama individu\u0101la paaugstin\u0101ta jut\u012bba pret atsevi\u0161\u0137\u0101m sast\u0101vda\u013c\u0101m. <\/p>\n<p>Uzglab\u0101t ori\u0123in\u0101laj\u0101 iepakojum\u0101 saus\u0101s telp\u0101s, prom no apkures ier\u012bc\u0113m un tie\u0161iem saules stariem, temperat\u016br\u0101 no +5\u00b0C l\u012bdz +25\u00b0C un relat\u012bvaj\u0101 gaisa mitrum\u0101 ne vair\u0101k k\u0101 75%.<\/p>\n<p>Der\u012bguma termi\u0146\u0161: 36 m\u0113ne\u0161i no izgatavo\u0161anas datuma.<\/p>\n","protected":false},"excerpt":{"rendered":"<p>Gels ir paredz\u0113ts k\u0101ju \u0101das kop\u0161anai ar noslieci uz noguruma un piet\u016bkuma paz\u012bm\u0113m. Lieto\u0161ana: ar mas\u0113jo\u0161\u0101m kust\u012bb\u0101m uzkl\u0101jiet uz t\u012bras k\u0101ju \u0101das, l\u012bdz piln\u012bb\u0101 uzs\u016bcas. Tikai \u0101r\u012bgai lieto\u0161anai. Nav \u0101rstniecisks l\u012bdzeklis. Kontrindik\u0101cijas: iesp\u0113jama individu\u0101la paaugstin\u0101ta jut\u012bba pret atsevi\u0161\u0137\u0101m sast\u0101vda\u013c\u0101m. Uzglab\u0101t ori\u0123in\u0101laj\u0101 iepakojum\u0101 saus\u0101s telp\u0101s, prom no apkures ier\u012bc\u0113m un tie\u0161iem saules stariem, temperat\u016br\u0101 no +5\u00b0C [&#8230;]\n","protected":false},"featured_media":98703,"template":"","meta":[],"product_cat":[2181],"product_tag":[],"class_list":{"0":"post-59937","1":"product","2":"type-product","3":"status-publish","4":"has-post-thumbnail","6":"product_brand-green-pharm-cosmetic_ua","7":"product_cat-bez-kategorijas-lt","9":"first","10":"instock","11":"taxable","12":"shipping-taxable","13":"product-type-simple"},"_links":{"self":[{"href":"https:\/\/e.kosmolat.eu\/lv\/wp-json\/wp\/v2\/product\/59937","targetHints":{"allow":["GET"]}}],"collection":[{"href":"https:\/\/e.kosmolat.eu\/lv\/wp-json\/wp\/v2\/product"}],"about":[{"href":"https:\/\/e.kosmolat.eu\/lv\/wp-json\/wp\/v2\/types\/product"}],"wp:featuredmedia":[{"embeddable":true,"href":"https:\/\/e.kosmolat.eu\/lv\/wp-json\/wp\/v2\/media\/98703"}],"wp:attachment":[{"href":"https:\/\/e.kosmolat.eu\/lv\/wp-json\/wp\/v2\/media?parent=59937"}],"wp:term":[{"taxonomy":"product_cat","embeddable":true,"href":"https:\/\/e.kosmolat.eu\/lv\/wp-json\/wp\/v2\/product_cat?post=59937"},{"taxonomy":"product_tag","embeddable":true,"href":"https:\/\/e.kosmolat.eu\/lv\/wp-json\/wp\/v2\/product_tag?post=59937"}],"curies":[{"name":"wp","href":"https:\/\/api.w.org\/{rel}","templated":true}]}}